{"id":76247,"date":"2024-05-14T15:19:21","date_gmt":"2024-05-14T15:19:21","guid":{"rendered":"https:\/\/exittechnlive.wpenginepowered.com\/?page_id=76247"},"modified":"2024-05-22T18:59:08","modified_gmt":"2024-05-22T18:59:08","slug":"villkor-och-bestammelser","status":"publish","type":"page","link":"https:\/\/exittechnologies.com\/sv\/villkor-och-bestammelser\/","title":{"rendered":"Villkor och anvisningar f\u00f6r f\u00f6rs\u00e4ljning"},"content":{"rendered":"<div data-elementor-type=\"wp-page\" data-elementor-id=\"76247\" class=\"elementor elementor-76247\" data-elementor-post-type=\"page\">\n\t\t\t\t<div class=\"elementor-element elementor-element-9c80cc0 e-flex e-con-boxed e-con e-parent\" data-id=\"9c80cc0\" data-element_type=\"container\">\n\t\t\t\t\t<div class=\"e-con-inner\">\n\t\t<div class=\"elementor-element elementor-element-11556a6 e-flex e-con-boxed e-con e-child\" data-id=\"11556a6\" data-element_type=\"container\">\n\t\t\t\t\t<div class=\"e-con-inner\">\n\t\t\t\t<div class=\"elementor-element elementor-element-9680d63 elementor-widget-tablet__width-inherit elementor-headline--style-highlight elementor-widget elementor-widget-animated-headline\" data-id=\"9680d63\" data-element_type=\"widget\" data-settings=\"{&quot;highlighted_text&quot;:&quot;Terms and Conditions&quot;,&quot;headline_style&quot;:&quot;highlight&quot;,&quot;marker&quot;:&quot;circle&quot;,&quot;loop&quot;:&quot;yes&quot;,&quot;highlight_animation_duration&quot;:1200,&quot;highlight_iteration_delay&quot;:8000}\" data-widget_type=\"animated-headline.default\">\n\t\t\t\t<div class=\"elementor-widget-container\">\n\t\t\t\t\t\t\t<h1 class=\"elementor-headline\">\n\t\t\t\t\t<span class=\"elementor-headline-plain-text elementor-headline-text-wrapper\">F\u00f6rs\u00e4ljning <\/span>\n\t\t\t\t<span class=\"elementor-headline-dynamic-wrapper elementor-headline-text-wrapper\">\n\t\t\t\t\t<span class=\"elementor-headline-dynamic-text elementor-headline-text-active\">Villkor och anvisningar<\/span>\n\t\t\t\t<\/span>\n\t\t\t\t<\/h1>\n\t\t\t\t\t\t<\/div>\n\t\t\t\t<\/div>\n\t\t\t\t\t<\/div>\n\t\t\t\t<\/div>\n\t\t\t\t\t<\/div>\n\t\t\t\t<\/div>\n\t\t<div class=\"elementor-element elementor-element-4c81b3e e-flex e-con-boxed e-con e-parent\" data-id=\"4c81b3e\" data-element_type=\"container\">\n\t\t\t\t\t<div class=\"e-con-inner\">\n\t\t\t\t<div class=\"elementor-element elementor-element-f238906 elementor-widget elementor-widget-text-editor\" data-id=\"f238906\" data-element_type=\"widget\" data-widget_type=\"text-editor.default\">\n\t\t\t\t<div class=\"elementor-widget-container\">\n\t\t\t\t\t\t\t\t\t<h2>Syfte<\/h2><p>Att beskriva returpolicyn och processen f\u00f6r produktretur av testad \u00e5teranv\u00e4ndbar utrustning och komponenter fr\u00e5n kunder.<\/p><h2>Ansvar och befogenheter<\/h2><p>Sales Admin\/Bookkeeper ska ha ansvar och befogenhet att s\u00e4kerst\u00e4lla att de aktiviteter som beskrivs i denna rutin efterlevs.<\/p><h2>F\u00f6rfarande<\/h2><p>Exit s\u00e4ljer i allm\u00e4nhet produkter med 30 dagars garanti, men det kan variera beroende p\u00e5 order eller s\u00e4ljare. Inom garantiperioden som b\u00f6rjar n\u00e4r leveransen levereras till den adress som anges p\u00e5 fakturan, kan en kund returnera produkten om den inte uppfyller deras kosmetiska eller funktionella krav. Allm\u00e4n praxis \u00e4r att utf\u00e4rda en kredit mot f\u00f6ljande order. I annat fall utf\u00e4rdas \u00e5terbetalningar direkt om det inte finns n\u00e5gon annan order inom rimlig tid.<\/p><h2>Garanti<\/h2><p>Ex-It Technologies, Inc. (nedan kallat \"Ex-It\") garanterar att alla produkter som s\u00e4ljs av Ex-It \u00e4r fria fr\u00e5n defekter i material och utf\u00f6rande fr\u00e5n ink\u00f6psdatumet under hela garantiperioden. Garantin g\u00e4ller f\u00f6r den ursprungliga \u00e4garen (den person som k\u00f6pte produkten fr\u00e5n Ex-It) och kan inte \u00f6verl\u00e5tas. Garantin \u00e4r ogiltig och g\u00e4ller inte om produkten har missbrukats, hanterats felaktigt, modifierats, utsatts f\u00f6r statisk eller elektrisk laddning eller anv\u00e4nts utanf\u00f6r den normala drift som den \u00e4r avsedd f\u00f6r av tillverkaren.<\/p><p>Alla produkter som s\u00e4ljs av Ex-It garanteras i 30 kalenderdagar fr\u00e5n det att f\u00f6rs\u00e4ndelsen l\u00e4mnar Ex-It (om inte annat anges p\u00e5 din faktura eller ditt kvitto). Efter 30 kalenderdagar har ENDAST MINNESMODULER en livstids ers\u00e4ttningsgaranti mot material- och tillverkningsfel.<\/p><p>Ex-It m\u00e5ste meddelas inom 48 timmar efter mottagandet av eventuella saknade, fysiskt skadade eller DOA-produkter, annars g\u00e4ller inte garantin.<\/p><p>Produkten m\u00e5ste returneras i originalskick, inklusive all dokumentation (faktura eller kvitto och ifyllt formul\u00e4r f\u00f6r RMA-f\u00f6rfr\u00e5gan med RMA#) och tillbeh\u00f6r. Avgifter kommer att debiteras f\u00f6r alla tillbeh\u00f6r eller delar som saknas.<\/p><p>Produkten m\u00e5ste returneras i korrekt f\u00f6rpackning. Produkter som \u00e4r skadade p\u00e5 grund av felaktig eller otillr\u00e4cklig f\u00f6rpackning n\u00e4r de returneras f\u00f6r RMA-\u00e4ndam\u00e5l omfattas inte av garantin.<\/p><p>M\u00e5ste skickas f\u00f6rbetalt tillbaka till Ex-It. F\u00f6rbetalda returfraktetiketter tillhandah\u00e5lls endast f\u00f6r DEFEKTIVA ELLER INkorrekt skickade best\u00e4llningar.<\/p><h2>Returpolicy<\/h2><p>F\u00f6rs\u00e4ljningen av b\u00e4rbara datorer och datorer kan omfatta ett \u00e5rs reparations- eller utbytesgaranti om detta anges i f\u00f6rs\u00e4ljningen. Andra produkter kan ha en garanti p\u00e5 90 dagar om det anges vid f\u00f6rs\u00e4ljningen.<\/p><p>Om du inte \u00e4r 100% n\u00f6jd med ditt k\u00f6p kan du returnera produkten och f\u00e5 full \u00e5terbetalning eller byta ut produkten om vi meddelas inom garantivillkoren och produkten fysiskt returneras till Ex-It i god tid efter det. Du kan returnera en produkt i upp till 30 dagar fr\u00e5n det datum d\u00e5 du k\u00f6pte den. Kvitton kr\u00e4vs f\u00f6r alla returer.<\/p><p>Samlings- och specialelektronik kan returneras utan kostnad f\u00f6r k\u00f6paren f\u00f6rutsatt att den tas emot i samma skick som den skickades i.<\/p><p>Alla garanti- och returpolicyer f\u00f6ruts\u00e4tter att produkten returneras i samma skick som den levererades i. Ex-It t\u00e4cker inte n\u00e5gra garantier eller returer f\u00f6r produkter som skadats efter leverans, vare sig avsiktligt eller av misstag.<\/p><p>En lageravgift p\u00e5 15% - 25% (beroende p\u00e5 produkt) tillkommer om produkten best\u00e4lldes felaktigt av kunden eller om produktens detaljhandelsf\u00f6rsegling \u00e4r bruten.<\/p><p>Inrikes returer och internationella returer (fr\u00e5n online- och direktf\u00f6rs\u00e4ljning)<\/p><p>Returf\u00f6rfr\u00e5gningar hanteras elektroniskt via webben eller via telefon av ekonomi- och f\u00f6rs\u00e4ljningsavdelningen.<\/p><p>Beg\u00e4ran om returnering ska registreras i RMA-loggen. Kunden ska f\u00e5 ett RMA-nummer som ska anges p\u00e5 det returnerade paketet. Inget paket kommer att accepteras och b\u00f6rja behandlas utan ett RMA-nummer skrivet p\u00e5 utsidan av paketet. RMA-nummer \u00e4r endast giltiga i 30 dagar fr\u00e5n utf\u00e4rdandedatumet.<\/p><p>\u00c5terbetalningar f\u00f6r betalningar med kreditkort\/paypal\/online kommer att \u00e5terbetalas p\u00e5 samma kreditkort\/konto.<\/p><p>Returpolicyn kommer att vara tydligt angiven online f\u00f6r kunderna.<\/p><p>Returpolicyn kommer att anges p\u00e5 f\u00f6rs\u00e4ljningskvittot\/packningsetiketten.<\/p><p>N\u00e4r den returnerade varan har tagits emot m\u00e4rks den med RMA # och tillh\u00f6rande pappersarbete, registreras i RMA-loggen och flyttas till RMA-st\u00e4llet.<\/p><p>Returnerade varor utv\u00e4rderas av bearbetningsavdelningen. Skicket registreras i RMA-loggen och d\u00e4refter lagras artikeln utifr\u00e5n dess respektive arbetsfl\u00f6desstatus (\u00e5terf\u00f6rs\u00e4ljning, under bearbetning eller skrotad).<\/p><h2>Utbyten<\/h2><p>Om du har best\u00e4llt fel produkt och beh\u00f6ver byta ut den mot den r\u00e4tta finns det tv\u00e5 alternativ: FedEx Ground (standard) eller uppgradering till 3Day-, 2Day- eller Overnight-frakt p\u00e5 kundens egen bekostnad.<\/p><p>V\u00e4nta med att ta emot byte: Ex-It skickar utbytesprodukten efter att din retur har mottagits. Observera att denna metod tar l\u00e4ngre tid \u00e4n Cross-Ship-metoden p\u00e5 grund av leveranstiden fr\u00e5n din plats. Om ett byte beh\u00f6vs p\u00e5 grund av en felaktigt skickad best\u00e4llning kommer en f\u00f6rbetald returetikett att skickas till kunden via e-post.<\/p><p>Korsvis leverans av utbyte: Ex-It kommer att skicka en utbytesprodukt om kunden samtycker till att best\u00e4llningen av utbytesprodukten debiteras ett kreditkort vid leveranstillf\u00e4llet. Ex-It kommer att \u00e5terbetala produktpriset f\u00f6r den ursprungliga best\u00e4llningen n\u00e4r returen tas emot. Om ett byte beh\u00f6vs p\u00e5 grund av en felaktigt skickad best\u00e4llning, kommer en f\u00f6rbetald returetikett att inkluderas i utbytesf\u00f6rs\u00e4ndelsen.<\/p><h2>Ers\u00e4ttningar<\/h2><p>Det finns tv\u00e5 alternativ f\u00f6r produkter som returneras f\u00f6r ers\u00e4ttning av samma eller likv\u00e4rdig produkt: FedEx Ground (standard) eller uppgradering till 3Day-, 2Day- eller Overnight-frakt p\u00e5 kundens egen bekostnad.<\/p><p>V\u00e4nta med att ta emot ers\u00e4ttning: Ex-It skickar ers\u00e4ttningsprodukten efter att den returnerade produkten har mottagits. Observera att denna metod tar l\u00e4ngre tid \u00e4n cross-ship-metoden p\u00e5 grund av leveranstiden fr\u00e5n din plats. Om en ers\u00e4ttning beh\u00f6vs p\u00e5 grund av en defekt eller felaktigt skickad best\u00e4llning kommer en f\u00f6rbetald returetikett att skickas till kunden via e-post.<\/p><p>Ers\u00e4ttning genom korsvis leverans: Ex-It skickar en ers\u00e4ttningsprodukt om kunden samtycker till att best\u00e4llningen av ers\u00e4ttningsprodukten debiteras ett kreditkort vid leveranstillf\u00e4llet. Ex-It kommer att \u00e5terbetala produktpriset f\u00f6r den ursprungliga best\u00e4llningen n\u00e4r returen tas emot. Om en ers\u00e4ttning beh\u00f6vs p\u00e5 grund av en defekt eller felaktigt skickad best\u00e4llning, kommer en f\u00f6rbetald returetikett att inkluderas i ers\u00e4ttningss\u00e4ndningen.<\/p><p>Relaterade och st\u00f6djande dokument<\/p><p>8.1-2.2-F RMA Log<\/p><p>Dokumentets revisionshistorik<\/p><p>Rev<\/p><p>Beskrivning av f\u00f6r\u00e4ndring<\/p><p>Godk\u00e4nt datum<\/p><p>Godk\u00e4nd av<\/p><p>1.0<\/p><p>Original<\/p><p>11-1-21<\/p><p>Ashlee Heinrich<\/p>\t\t\t\t\t\t\t\t<\/div>\n\t\t\t\t<\/div>\n\t\t\t\t\t<\/div>\n\t\t\t\t<\/div>\n\t\t\t\t<\/div>","protected":false},"excerpt":{"rendered":"<p>Selling Terms and Conditions Purpose To describe the Return Policy and product return process of tested reusable equipment and components from customers. Responsibility and Authority The Sales Admin\/Bookkeeper shall have the responsibility and authority to ensure conformance to the activities described in this procedure. Procedure Exit generally sells product with a 30-day warranty, but may [&hellip;]<\/p>\n","protected":false},"author":9,"featured_media":76702,"parent":0,"menu_order":0,"comment_status":"closed","ping_status":"closed","template":"","meta":{"_acf_changed":false,"episode_type":"","audio_file":"","podmotor_file_id":"","podmotor_episode_id":"","cover_image":"","cover_image_id":"","duration":"","filesize":"","filesize_raw":"","date_recorded":"","explicit":"","block":"","itunes_episode_number":"","itunes_title":"","itunes_season_number":"","itunes_episode_type":"","footnotes":""},"class_list":["post-76247","page","type-page","status-publish","has-post-thumbnail","hentry"],"acf":[],"_links":{"self":[{"href":"https:\/\/exittechnologies.com\/sv\/wp-json\/wp\/v2\/pages\/76247","targetHints":{"allow":["GET"]}}],"collection":[{"href":"https:\/\/exittechnologies.com\/sv\/wp-json\/wp\/v2\/pages"}],"about":[{"href":"https:\/\/exittechnologies.com\/sv\/wp-json\/wp\/v2\/types\/page"}],"author":[{"embeddable":true,"href":"https:\/\/exittechnologies.com\/sv\/wp-json\/wp\/v2\/users\/9"}],"replies":[{"embeddable":true,"href":"https:\/\/exittechnologies.com\/sv\/wp-json\/wp\/v2\/comments?post=76247"}],"version-history":[{"count":0,"href":"https:\/\/exittechnologies.com\/sv\/wp-json\/wp\/v2\/pages\/76247\/revisions"}],"wp:featuredmedia":[{"embeddable":true,"href":"https:\/\/exittechnologies.com\/sv\/wp-json\/wp\/v2\/media\/76702"}],"wp:attachment":[{"href":"https:\/\/exittechnologies.com\/sv\/wp-json\/wp\/v2\/media?parent=76247"}],"curies":[{"name":"wp","href":"https:\/\/api.w.org\/{rel}","templated":true}]}}