{"id":76243,"date":"2024-05-14T14:46:43","date_gmt":"2024-05-14T14:46:43","guid":{"rendered":"https:\/\/exittechnlive.wpenginepowered.com\/?page_id=76243"},"modified":"2024-05-22T17:35:13","modified_gmt":"2024-05-22T17:35:13","slug":"integritetspolicy","status":"publish","type":"page","link":"https:\/\/exittechnologies.com\/sv\/integritetspolicy\/","title":{"rendered":"Integritetspolicy"},"content":{"rendered":"<div data-elementor-type=\"wp-page\" data-elementor-id=\"76243\" class=\"elementor elementor-76243\" data-elementor-post-type=\"page\">\n\t\t\t\t<div class=\"elementor-element elementor-element-374b44b e-flex e-con-boxed e-con e-parent\" data-id=\"374b44b\" data-element_type=\"container\">\n\t\t\t\t\t<div class=\"e-con-inner\">\n\t\t<div class=\"elementor-element elementor-element-e9336cd e-flex e-con-boxed e-con e-child\" data-id=\"e9336cd\" data-element_type=\"container\">\n\t\t\t\t\t<div class=\"e-con-inner\">\n\t\t\t\t<div class=\"elementor-element elementor-element-ed5ffa6 elementor-headline--style-highlight elementor-widget elementor-widget-animated-headline\" data-id=\"ed5ffa6\" data-element_type=\"widget\" data-settings=\"{&quot;headline_style&quot;:&quot;highlight&quot;,&quot;marker&quot;:&quot;circle&quot;,&quot;loop&quot;:&quot;yes&quot;,&quot;highlight_animation_duration&quot;:1200,&quot;highlight_iteration_delay&quot;:8000}\" data-widget_type=\"animated-headline.default\">\n\t\t\t\t<div class=\"elementor-widget-container\">\n\t\t\t\t\t\t\t<h1 class=\"elementor-headline\">\n\t\t\t\t\t<span class=\"elementor-headline-plain-text elementor-headline-text-wrapper\">Integritetspolicy<\/span>\n\t\t\t\t<span class=\"elementor-headline-dynamic-wrapper elementor-headline-text-wrapper\">\n\t\t\t\t<\/span>\n\t\t\t\t<\/h1>\n\t\t\t\t\t\t<\/div>\n\t\t\t\t<\/div>\n\t\t\t\t\t<\/div>\n\t\t\t\t<\/div>\n\t\t\t\t\t<\/div>\n\t\t\t\t<\/div>\n\t\t<div class=\"elementor-element elementor-element-5e0cff4 e-flex e-con-boxed e-con e-parent\" data-id=\"5e0cff4\" data-element_type=\"container\">\n\t\t\t\t\t<div class=\"e-con-inner\">\n\t\t\t\t<div class=\"elementor-element elementor-element-e799bb4 elementor-widget elementor-widget-text-editor\" data-id=\"e799bb4\" data-element_type=\"widget\" data-widget_type=\"text-editor.default\">\n\t\t\t\t<div class=\"elementor-widget-container\">\n\t\t\t\t\t\t\t\t\t<h2>Personlig information<\/h2><p>N\u00e4r du interagerar med oss tar vi automatiskt emot och lagrar vissa typer av information, till exempel det inneh\u00e5ll du tittar p\u00e5, datum och tid d\u00e5 du tittar p\u00e5 detta inneh\u00e5ll, de produkter du k\u00f6per eller din platsinformation som \u00e4r kopplad till din IP-adress. Vi anv\u00e4nder den information vi samlar in f\u00f6r att ge dig mer relevanta annonser (kallas \"Retargeting\"). Detta \u00e4r statistisk information som anv\u00e4nds f\u00f6r att \u00f6vervaka anv\u00e4ndningen av v\u00e5r webbplats och f\u00f6r reklam\u00e4ndam\u00e5l. Denna information omfattar inte personuppgifter.<\/p><h2>Kakor<\/h2><p>N\u00e4r du bl\u00e4ddrar <a href=\"https:\/\/exittechnologies.com\/sv\/\"><span style=\"color: #81ba54;\">www.exittechnologies.com,<\/span> <\/a>reklamcookies kommer att placeras p\u00e5 din dator s\u00e5 att vi kan f\u00f6rst\u00e5 vad du \u00e4r intresserad av. V\u00e5r partner f\u00f6r displayannonsering,<a href=\"https:\/\/app.adroll.com\/profile\/signin?\" target=\"_blank\" rel=\"noopener\"><span style=\"color: #81ba54;\"> AdRoll,<\/span><\/a> g\u00f6r det sedan m\u00f6jligt f\u00f6r oss att presentera dig med \u00e5terinriktad reklam p\u00e5 andra webbplatser baserat p\u00e5 din tidigare interaktion med <a href=\"https:\/\/exittechnologies.com\/sv\/\"><span style=\"color: #81ba54;\">www.exittechnologies.com.<\/span><\/a> De tekniker som v\u00e5ra partners anv\u00e4nder samlar inte in personlig information som namn, e-postadress, postadress, finansiell information eller telefonnummer. Du kan <a href=\"https:\/\/www.adroll.com\/about\" target=\"_blank\" rel=\"noopener\"><span style=\"color: #81ba54;\">bes\u00f6k denna sida<\/span> <\/a>f\u00f6r att v\u00e4lja bort AdRoll och deras partners riktade reklam. Vi s\u00e4ljer eller distribuerar aldrig dina uppgifter till tredje part p\u00e5 annat s\u00e4tt \u00e4n vad som anges ovan. Vi tar din information och datas\u00e4kerhet p\u00e5 st\u00f6rsta allvar. Vi sparar endast dina uppgifter i upp till 90 dagar f\u00f6r remarketing\u00e4ndam\u00e5l.<\/p><p><a href=\"https:\/\/marketingplatform.google.com\/about\/analytics\/terms\/us\/\" target=\"_blank\" rel=\"noopener\"><span style=\"color: #81ba54;\">Google Analytics'<\/span><\/a> Avtalet om anv\u00e4ndarvillkor beskriver din anv\u00e4ndning av cookies och din anv\u00e4ndning av Google Analytics och hur det samlar in och behandlar data.<\/p><h2>S\u00e4kerhet<\/h2><p>N\u00e4r du g\u00f6r en best\u00e4llning med kreditkort direkt p\u00e5 v\u00e5r webbplats implementerar vi en s\u00e4ker bearbetningsserver p\u00e5 v\u00e5r webbplats n\u00e4r vi samlar in information f\u00f6r att s\u00e4kerst\u00e4lla en h\u00f6g s\u00e4kerhetsniv\u00e5 f\u00f6r din personliga information. Data krypteras med hj\u00e4lp av SSL-certifiering n\u00e4r de \u00f6verf\u00f6rs fr\u00e5n v\u00e5ra servrar till din webbl\u00e4sare. Ut\u00f6ver detta \u00e4r anslutningen fr\u00e5n oss till servern s\u00e4krad med en 256 BIT ENCRYPTION-nyckel.<\/p><h2>Akismet<\/h2><p>Vi samlar in information om bes\u00f6kare som kommenterar p\u00e5 v\u00e5r webbplats med v\u00e5r Akismet anti-spam-tj\u00e4nst. Den information vi samlar in inkluderar vanligtvis kommentatorns IP-adress, anv\u00e4ndaragent, h\u00e4nvisare och webbplatsens URL. Vi anv\u00e4nder endast denna tj\u00e4nst f\u00f6r att f\u00f6rhindra skr\u00e4ppost i kommentarer.<\/p><h2>Hantering av kundrelationer<\/h2><p>Vi samlar in data fr\u00e5n v\u00e5ra formul\u00e4r som fylls i och samlar in allm\u00e4n nummerpresentation fr\u00e5n telefonsamtal. Vi lagrar detta i ett CRM-system som en databas \u00f6ver v\u00e5ra leads inom Streak, Higher Level, och kan skicka e-post till dig f\u00f6r att f\u00f6lja upp vid ett senare tillf\u00e4lle med kampanjer, blogginneh\u00e5ll eller om att g\u00f6ra ytterligare aff\u00e4rer tillsammans.<\/p><p>Kontakt<br \/>Om du har n\u00e5gra fr\u00e5gor om v\u00e5r process \u00e4r du v\u00e4lkommen att kontakta oss p\u00e5 <a href=\"tel:2395962254\">239-596-2254<\/a> eller e-post: <a href=\"mailto:Kyle@exittechnologies.com\"><span style=\"color: #81ba54;\">Kyle@exittechnologies.com<\/span><\/a><\/p>\t\t\t\t\t\t\t\t<\/div>\n\t\t\t\t<\/div>\n\t\t\t\t\t<\/div>\n\t\t\t\t<\/div>\n\t\t\t\t<\/div>","protected":false},"excerpt":{"rendered":"<p>Privacy Policy Personal Information When you interact with us, we automatically receive and store certain types of information, such as the content you view, the date and time that you view this content, the products you purchase, or your location information associated with your IP address. We use the information we collect to serve you [&hellip;]<\/p>\n","protected":false},"author":9,"featured_media":75754,"parent":0,"menu_order":0,"comment_status":"closed","ping_status":"closed","template":"","meta":{"_acf_changed":false,"episode_type":"","audio_file":"","podmotor_file_id":"","podmotor_episode_id":"","cover_image":"","cover_image_id":"","duration":"","filesize":"","filesize_raw":"","date_recorded":"","explicit":"","block":"","itunes_episode_number":"","itunes_title":"","itunes_season_number":"","itunes_episode_type":"","footnotes":""},"class_list":["post-76243","page","type-page","status-publish","has-post-thumbnail","hentry"],"acf":[],"_links":{"self":[{"href":"https:\/\/exittechnologies.com\/sv\/wp-json\/wp\/v2\/pages\/76243","targetHints":{"allow":["GET"]}}],"collection":[{"href":"https:\/\/exittechnologies.com\/sv\/wp-json\/wp\/v2\/pages"}],"about":[{"href":"https:\/\/exittechnologies.com\/sv\/wp-json\/wp\/v2\/types\/page"}],"author":[{"embeddable":true,"href":"https:\/\/exittechnologies.com\/sv\/wp-json\/wp\/v2\/users\/9"}],"replies":[{"embeddable":true,"href":"https:\/\/exittechnologies.com\/sv\/wp-json\/wp\/v2\/comments?post=76243"}],"version-history":[{"count":0,"href":"https:\/\/exittechnologies.com\/sv\/wp-json\/wp\/v2\/pages\/76243\/revisions"}],"wp:featuredmedia":[{"embeddable":true,"href":"https:\/\/exittechnologies.com\/sv\/wp-json\/wp\/v2\/media\/75754"}],"wp:attachment":[{"href":"https:\/\/exittechnologies.com\/sv\/wp-json\/wp\/v2\/media?parent=76243"}],"curies":[{"name":"wp","href":"https:\/\/api.w.org\/{rel}","templated":true}]}}