{"id":75838,"date":"2024-05-10T10:41:08","date_gmt":"2024-05-10T10:41:08","guid":{"rendered":"https:\/\/exittechnlive.wpenginepowered.com\/?page_id=75838"},"modified":"2024-05-20T12:16:39","modified_gmt":"2024-05-20T12:16:39","slug":"checklista-for-konsolidering","status":"publish","type":"page","link":"https:\/\/exittechnologies.com\/sv\/resurser\/checklista-for-konsolidering\/","title":{"rendered":"Tack f\u00f6r att du laddade ner checklistan f\u00f6r konsolidering av datacenter"},"content":{"rendered":"<div data-elementor-type=\"wp-page\" data-elementor-id=\"75838\" class=\"elementor elementor-75838\" data-elementor-post-type=\"page\">\n\t\t\t\t<div class=\"elementor-element elementor-element-0a3cc91 e-flex e-con-boxed e-con e-parent\" data-id=\"0a3cc91\" data-element_type=\"container\">\n\t\t\t\t\t<div class=\"e-con-inner\">\n\t\t<div class=\"elementor-element elementor-element-754098b e-con-full e-flex e-con e-child\" data-id=\"754098b\" data-element_type=\"container\" data-settings=\"{&quot;background_background&quot;:&quot;classic&quot;}\">\n\t\t\t\t<div class=\"elementor-element elementor-element-64466e3 elementor-widget__width-inherit elementor-headline--style-highlight elementor-widget elementor-widget-animated-headline\" data-id=\"64466e3\" data-element_type=\"widget\" data-settings=\"{&quot;highlighted_text&quot;:&quot; Consolidation Checklist&quot;,&quot;headline_style&quot;:&quot;highlight&quot;,&quot;marker&quot;:&quot;circle&quot;,&quot;loop&quot;:&quot;yes&quot;,&quot;highlight_animation_duration&quot;:1200,&quot;highlight_iteration_delay&quot;:8000}\" data-widget_type=\"animated-headline.default\">\n\t\t\t\t<div class=\"elementor-widget-container\">\n\t\t\t\t\t\t\t<h1 class=\"elementor-headline\">\n\t\t\t\t\t<span class=\"elementor-headline-plain-text elementor-headline-text-wrapper\">Tack f\u00f6r att du laddade ner datacentret<\/span>\n\t\t\t\t<span class=\"elementor-headline-dynamic-wrapper elementor-headline-text-wrapper\">\n\t\t\t\t\t<span class=\"elementor-headline-dynamic-text elementor-headline-text-active\"> Checklista f\u00f6r konsolidering<\/span>\n\t\t\t\t<\/span>\n\t\t\t\t<\/h1>\n\t\t\t\t\t\t<\/div>\n\t\t\t\t<\/div>\n\t\t\t\t<div class=\"elementor-element elementor-element-55d9908 elementor-widget__width-initial elementor-widget-tablet__width-inherit elementor-widget elementor-widget-text-editor\" data-id=\"55d9908\" data-element_type=\"widget\" data-widget_type=\"text-editor.default\">\n\t\t\t\t<div class=\"elementor-widget-container\">\n\t\t\t\t\t\t\t\t\t<p>Tack f\u00f6r att du laddar ner checklistan f\u00f6r datakonsolidering. Kontrollera din e-post inom de n\u00e4rmaste minuterna f\u00f6r din nedladdningsl\u00e4nk.  Under tiden \u00e4r du v\u00e4lkommen att <strong><span style=\"color: #81ba54;\"><a style=\"color: #81ba54;\" href=\"https:\/\/exittechnologies.com\/sv\/blogg\/\">kolla in v\u00e5r blogg!<\/a><\/span><\/strong><\/p>\t\t\t\t\t\t\t\t<\/div>\n\t\t\t\t<\/div>\n\t\t\t\t<div class=\"elementor-element elementor-element-f05b238 elementor-align-left elementor-tablet-align-left elementor-mobile-align-justify elementor-widget__width-auto elementor-widget-mobile__width-inherit elementor-widget elementor-widget-button\" data-id=\"f05b238\" data-element_type=\"widget\" data-widget_type=\"button.default\">\n\t\t\t\t<div class=\"elementor-widget-container\">\n\t\t\t\t\t\t\t\t\t<div class=\"elementor-button-wrapper\">\n\t\t\t\t\t<a class=\"elementor-button elementor-button-link elementor-size-md\" href=\"https:\/\/exittechnologies.com\/sv\/kontakta-oss\/\">\n\t\t\t\t\t\t<span class=\"elementor-button-content-wrapper\">\n\t\t\t\t\t\t<span class=\"elementor-button-icon\">\n\t\t\t\t<svg xmlns=\"http:\/\/www.w3.org\/2000\/svg\" height=\"512\" viewbox=\"0 0 32 32\" width=\"512\"><g id=\"Layer_20\" data-name=\"Layer 20\"><path d=\"m23.21 16.71-13 13a1 1 0 0 1 -1.42 0 1 1 0 0 1 0-1.42l12.3-12.29-12.3-12.29a1 1 0 0 1 1.42-1.42l13 13a1 1 0 0 1 0 1.42z\"><\/path><\/g><\/svg>\t\t\t<\/span>\n\t\t\t\t\t\t\t\t\t<span class=\"elementor-button-text\">F\u00e5 en offert <\/span>\n\t\t\t\t\t<\/span>\n\t\t\t\t\t<\/a>\n\t\t\t\t<\/div>\n\t\t\t\t\t\t\t\t<\/div>\n\t\t\t\t<\/div>\n\t\t\t\t<\/div>\n\t\t\t\t\t<\/div>\n\t\t\t\t<\/div>\n\t\t\t\t<\/div>","protected":false},"excerpt":{"rendered":"<p>Tack f\u00f6r att du laddade ner checklistan f\u00f6r konsolidering av datacenter Tack f\u00f6r att du laddade ner checklistan f\u00f6r konsolidering av data. V\u00e4nligen kontrollera din e-post inom de n\u00e4rmaste minuterna f\u00f6r din nedladdningsl\u00e4nk.  Under tiden \u00e4r du v\u00e4lkommen att kolla in v\u00e5r blogg! F\u00e5 en offert<\/p>","protected":false},"author":9,"featured_media":76702,"parent":359,"menu_order":0,"comment_status":"closed","ping_status":"closed","template":"","meta":{"_acf_changed":false,"episode_type":"","audio_file":"","podmotor_file_id":"","podmotor_episode_id":"","cover_image":"","cover_image_id":"","duration":"","filesize":"","filesize_raw":"","date_recorded":"","explicit":"","block":"","itunes_episode_number":"","itunes_title":"","itunes_season_number":"","itunes_episode_type":"","footnotes":""},"class_list":["post-75838","page","type-page","status-publish","has-post-thumbnail","hentry"],"acf":[],"_links":{"self":[{"href":"https:\/\/exittechnologies.com\/sv\/wp-json\/wp\/v2\/pages\/75838","targetHints":{"allow":["GET"]}}],"collection":[{"href":"https:\/\/exittechnologies.com\/sv\/wp-json\/wp\/v2\/pages"}],"about":[{"href":"https:\/\/exittechnologies.com\/sv\/wp-json\/wp\/v2\/types\/page"}],"author":[{"embeddable":true,"href":"https:\/\/exittechnologies.com\/sv\/wp-json\/wp\/v2\/users\/9"}],"replies":[{"embeddable":true,"href":"https:\/\/exittechnologies.com\/sv\/wp-json\/wp\/v2\/comments?post=75838"}],"version-history":[{"count":0,"href":"https:\/\/exittechnologies.com\/sv\/wp-json\/wp\/v2\/pages\/75838\/revisions"}],"up":[{"embeddable":true,"href":"https:\/\/exittechnologies.com\/sv\/wp-json\/wp\/v2\/pages\/359"}],"wp:featuredmedia":[{"embeddable":true,"href":"https:\/\/exittechnologies.com\/sv\/wp-json\/wp\/v2\/media\/76702"}],"wp:attachment":[{"href":"https:\/\/exittechnologies.com\/sv\/wp-json\/wp\/v2\/media?parent=75838"}],"curies":[{"name":"wp","href":"https:\/\/api.w.org\/{rel}","templated":true}]}}