{"id":75784,"date":"2024-05-09T22:43:45","date_gmt":"2024-05-09T22:43:45","guid":{"rendered":"https:\/\/exittechnlive.wpenginepowered.com\/?page_id=75784"},"modified":"2024-05-22T16:10:50","modified_gmt":"2024-05-22T16:10:50","slug":"checklista-for-utvardering-av-konsolidering-av-datacenter","status":"publish","type":"page","link":"https:\/\/exittechnologies.com\/sv\/resurser\/checklista-for-utvardering-av-konsolidering-av-datacenter\/","title":{"rendered":"Checklista f\u00f6r utv\u00e4rdering av konsolidering av datacenter"},"content":{"rendered":"<div data-elementor-type=\"wp-page\" data-elementor-id=\"75784\" class=\"elementor elementor-75784\" data-elementor-post-type=\"page\">\n\t\t\t\t<div class=\"elementor-element elementor-element-7cb6598 e-flex e-con-boxed e-con e-parent\" data-id=\"7cb6598\" data-element_type=\"container\">\n\t\t\t\t\t<div class=\"e-con-inner\">\n\t\t<div class=\"elementor-element elementor-element-94aab28 e-flex e-con-boxed e-con e-child\" data-id=\"94aab28\" data-element_type=\"container\">\n\t\t\t\t\t<div class=\"e-con-inner\">\n\t\t\t\t<div class=\"elementor-element elementor-element-548df37 elementor-widget__width-initial elementor-widget-tablet__width-inherit elementor-headline--style-highlight elementor-widget elementor-widget-animated-headline\" data-id=\"548df37\" data-element_type=\"widget\" data-settings=\"{&quot;highlighted_text&quot;:&quot;Evaluation Checklist&quot;,&quot;headline_style&quot;:&quot;highlight&quot;,&quot;marker&quot;:&quot;circle&quot;,&quot;loop&quot;:&quot;yes&quot;,&quot;highlight_animation_duration&quot;:1200,&quot;highlight_iteration_delay&quot;:8000}\" data-widget_type=\"animated-headline.default\">\n\t\t\t\t<div class=\"elementor-widget-container\">\n\t\t\t\t\t\t\t<h1 class=\"elementor-headline\">\n\t\t\t\t\t<span class=\"elementor-headline-plain-text elementor-headline-text-wrapper\">Konsolidering av datacenter <\/span>\n\t\t\t\t<span class=\"elementor-headline-dynamic-wrapper elementor-headline-text-wrapper\">\n\t\t\t\t\t<span class=\"elementor-headline-dynamic-text elementor-headline-text-active\">Checklista f\u00f6r utv\u00e4rdering<\/span>\n\t\t\t\t<\/span>\n\t\t\t\t<\/h1>\n\t\t\t\t\t\t<\/div>\n\t\t\t\t<\/div>\n\t\t\t\t\t<\/div>\n\t\t\t\t<\/div>\n\t\t\t\t\t<\/div>\n\t\t\t\t<\/div>\n\t\t<div class=\"elementor-element elementor-element-03b60ba e-flex e-con-boxed e-con e-parent\" data-id=\"03b60ba\" data-element_type=\"container\" data-settings=\"{&quot;background_background&quot;:&quot;classic&quot;}\">\n\t\t\t\t\t<div class=\"e-con-inner\">\n\t\t<div class=\"elementor-element elementor-element-e27abed e-flex e-con-boxed e-con e-child\" data-id=\"e27abed\" data-element_type=\"container\">\n\t\t\t\t\t<div class=\"e-con-inner\">\n\t\t<div class=\"elementor-element elementor-element-94969ae e-flex e-con-boxed e-con e-child\" data-id=\"94969ae\" data-element_type=\"container\">\n\t\t\t\t\t<div class=\"e-con-inner\">\n\t\t<div class=\"elementor-element elementor-element-5b6d685 e-flex e-con-boxed e-con e-child\" data-id=\"5b6d685\" data-element_type=\"container\">\n\t\t\t\t\t<div class=\"e-con-inner\">\n\t\t<div class=\"elementor-element elementor-element-8fe4868 e-con-full e-flex e-con e-child\" data-id=\"8fe4868\" data-element_type=\"container\" data-settings=\"{&quot;background_background&quot;:&quot;classic&quot;}\">\n\t\t\t\t<div class=\"elementor-element elementor-element-16e99f8 elementor-widget elementor-widget-image\" data-id=\"16e99f8\" data-element_type=\"widget\" data-widget_type=\"image.default\">\n\t\t\t\t<div class=\"elementor-widget-container\">\n\t\t\t\t\t\t\t\t\t\t\t\t\t\t\t<img decoding=\"async\" width=\"239\" height=\"302\" src=\"https:\/\/exittechnologies.com\/wp-content\/uploads\/2024\/05\/DCC-Checklist-3-e1715616368734.png\" class=\"attachment-full size-full wp-image-75786\" alt=\"\" srcset=\"https:\/\/exittechnologies.com\/wp-content\/uploads\/2024\/05\/DCC-Checklist-3-e1715616368734.png 239w, https:\/\/exittechnologies.com\/wp-content\/uploads\/2024\/05\/DCC-Checklist-3-e1715616368734-237x300.png 237w, https:\/\/exittechnologies.com\/wp-content\/uploads\/2024\/05\/DCC-Checklist-3-e1715616368734-9x12.png 9w\" sizes=\"(max-width: 239px) 100vw, 239px\" \/>\t\t\t\t\t\t\t\t\t\t\t\t\t\t\t<\/div>\n\t\t\t\t<\/div>\n\t\t\t\t<\/div>\n\t\t\t\t<div class=\"elementor-element elementor-element-2e4f8f6 elementor-widget elementor-widget-text-editor\" data-id=\"2e4f8f6\" data-element_type=\"widget\" data-widget_type=\"text-editor.default\">\n\t\t\t\t<div class=\"elementor-widget-container\">\n\t\t\t\t\t\t\t\t\t<p>Du kommer att f\u00e5 en checklista som \u00e4r l\u00e4tt att f\u00f6lja och som omfattar de fyra viktigaste delarna av DC-konsolideringen. Denna checklista kommer att hj\u00e4lpa till:<\/p>\t\t\t\t\t\t\t\t<\/div>\n\t\t\t\t<\/div>\n\t\t\t\t<div class=\"elementor-element elementor-element-25f7103 elementor-icon-list--layout-traditional elementor-list-item-link-full_width elementor-widget elementor-widget-icon-list\" data-id=\"25f7103\" data-element_type=\"widget\" data-widget_type=\"icon-list.default\">\n\t\t\t\t<div class=\"elementor-widget-container\">\n\t\t\t\t\t\t\t<ul class=\"elementor-icon-list-items\">\n\t\t\t\t\t\t\t<li class=\"elementor-icon-list-item\">\n\t\t\t\t\t\t\t\t\t\t\t<span class=\"elementor-icon-list-icon\">\n\t\t\t\t\t\t\t<svg xmlns=\"http:\/\/www.w3.org\/2000\/svg\" xmlns:xlink=\"http:\/\/www.w3.org\/1999\/xlink\" id=\"Layer_1\" x=\"0px\" y=\"0px\" viewbox=\"0 0 511.999 511.999\" style=\"enable-background:new 0 0 511.999 511.999;\" xml:space=\"preserve\"><path style=\"fill:#B7E183;\" d=\"M502.87,75.474c-12.201-12.204-31.952-12.205-44.154-0.001L163.89,370.299L53.284,259.693 c-12.201-12.204-31.952-12.205-44.154-0.001c-12.173,12.174-12.173,31.981,0,44.153L141.814,436.53 c12.199,12.198,31.953,12.2,44.153,0L502.87,119.626C515.042,107.453,515.042,87.645,502.87,75.474z\"><\/path><path style=\"fill:#71DE56;\" d=\"M502.87,75.474c-12.201-12.204-31.952-12.205-44.154-0.001L243.511,290.678v88.306L502.87,119.626 C515.042,107.453,515.042,87.645,502.87,75.474z\"><\/path><g><\/g><g><\/g><g><\/g><g><\/g><g><\/g><g><\/g><g><\/g><g><\/g><g><\/g><g><\/g><g><\/g><g><\/g><g><\/g><g><\/g><g><\/g><\/svg>\t\t\t\t\t\t<\/span>\n\t\t\t\t\t\t\t\t\t\t<span class=\"elementor-icon-list-text\">Organisera avdelningar tillsammans som en sammanh\u00e5llen enhet.<\/span>\n\t\t\t\t\t\t\t\t\t<\/li>\n\t\t\t\t\t\t\t\t<li class=\"elementor-icon-list-item\">\n\t\t\t\t\t\t\t\t\t\t\t<span class=\"elementor-icon-list-icon\">\n\t\t\t\t\t\t\t<svg xmlns=\"http:\/\/www.w3.org\/2000\/svg\" xmlns:xlink=\"http:\/\/www.w3.org\/1999\/xlink\" id=\"Layer_1\" x=\"0px\" y=\"0px\" viewbox=\"0 0 511.999 511.999\" style=\"enable-background:new 0 0 511.999 511.999;\" xml:space=\"preserve\"><path style=\"fill:#B7E183;\" d=\"M502.87,75.474c-12.201-12.204-31.952-12.205-44.154-0.001L163.89,370.299L53.284,259.693 c-12.201-12.204-31.952-12.205-44.154-0.001c-12.173,12.174-12.173,31.981,0,44.153L141.814,436.53 c12.199,12.198,31.953,12.2,44.153,0L502.87,119.626C515.042,107.453,515.042,87.645,502.87,75.474z\"><\/path><path style=\"fill:#71DE56;\" d=\"M502.87,75.474c-12.201-12.204-31.952-12.205-44.154-0.001L243.511,290.678v88.306L502.87,119.626 C515.042,107.453,515.042,87.645,502.87,75.474z\"><\/path><g><\/g><g><\/g><g><\/g><g><\/g><g><\/g><g><\/g><g><\/g><g><\/g><g><\/g><g><\/g><g><\/g><g><\/g><g><\/g><g><\/g><g><\/g><\/svg>\t\t\t\t\t\t<\/span>\n\t\t\t\t\t\t\t\t\t\t<span class=\"elementor-icon-list-text\">Begeistra din organisation f\u00f6r konsolidering!<\/span>\n\t\t\t\t\t\t\t\t\t<\/li>\n\t\t\t\t\t\t\t\t<li class=\"elementor-icon-list-item\">\n\t\t\t\t\t\t\t\t\t\t\t<span class=\"elementor-icon-list-icon\">\n\t\t\t\t\t\t\t<svg xmlns=\"http:\/\/www.w3.org\/2000\/svg\" xmlns:xlink=\"http:\/\/www.w3.org\/1999\/xlink\" id=\"Layer_1\" x=\"0px\" y=\"0px\" viewbox=\"0 0 511.999 511.999\" style=\"enable-background:new 0 0 511.999 511.999;\" xml:space=\"preserve\"><path style=\"fill:#B7E183;\" d=\"M502.87,75.474c-12.201-12.204-31.952-12.205-44.154-0.001L163.89,370.299L53.284,259.693 c-12.201-12.204-31.952-12.205-44.154-0.001c-12.173,12.174-12.173,31.981,0,44.153L141.814,436.53 c12.199,12.198,31.953,12.2,44.153,0L502.87,119.626C515.042,107.453,515.042,87.645,502.87,75.474z\"><\/path><path style=\"fill:#71DE56;\" d=\"M502.87,75.474c-12.201-12.204-31.952-12.205-44.154-0.001L243.511,290.678v88.306L502.87,119.626 C515.042,107.453,515.042,87.645,502.87,75.474z\"><\/path><g><\/g><g><\/g><g><\/g><g><\/g><g><\/g><g><\/g><g><\/g><g><\/g><g><\/g><g><\/g><g><\/g><g><\/g><g><\/g><g><\/g><g><\/g><\/svg>\t\t\t\t\t\t<\/span>\n\t\t\t\t\t\t\t\t\t\t<span class=\"elementor-icon-list-text\">Ta vara p\u00e5 m\u00f6jligheten till kostnadsbesparingar.<\/span>\n\t\t\t\t\t\t\t\t\t<\/li>\n\t\t\t\t\t\t<\/ul>\n\t\t\t\t\t\t<\/div>\n\t\t\t\t<\/div>\n\t\t\t\t\t<\/div>\n\t\t\t\t<\/div>\n\t\t<div class=\"elementor-element elementor-element-ac8979a e-flex e-con-boxed e-con e-child\" data-id=\"ac8979a\" data-element_type=\"container\">\n\t\t\t\t\t<div class=\"e-con-inner\">\n\t\t\t\t<div class=\"elementor-element elementor-element-6531e79 elementor-widget elementor-widget-html\" data-id=\"6531e79\" data-element_type=\"widget\" data-widget_type=\"html.default\">\n\t\t\t\t<div class=\"elementor-widget-container\">\n\t\t\t\t\t<div class=\"one-third\"><!-- SharpSpring Form for Resource - Consolidation Evaluation Checklist   --> <script type=\"text\/javascript\">\r\n        var ss_form = {'account': 'MzawMDE1tzQyAAA', 'formID': 'MzIySDM1SzbRNUk0BxLGRia6SZamBromhhaJBsmpxgZpBqkA'};\r\n        ss_form.width = '100%';\r\n        ss_form.height = '1000';\r\n        ss_form.domain = 'app-3QN8X0FNKK.marketingautomation.services';\r\n        ss_form.hidden = {'_usePlaceholders': true};\r\n        \/\/ ss_form.hidden = {'field_id': 'value'}; \/\/ Modify this for sending hidden variables, or overriding values\r\n        \/\/ ss_form.target_id = 'target'; \/\/ Optional parameter: forms will be placed inside the element with the specified id\r\n        \/\/ ss_form.polling = true; \/\/ Optional parameter: set to true ONLY if your page loads dynamically and the id needs to be polled continually.\r\n\t<\/script> <script type=\"text\/javascript\" src=\"https:\/\/koi-3QN8X0FNKK.marketingautomation.services\/client\/form.js?ver=2.0.1\"><\/script><\/div>\t\t\t\t<\/div>\n\t\t\t\t<\/div>\n\t\t\t\t\t<\/div>\n\t\t\t\t<\/div>\n\t\t\t\t\t<\/div>\n\t\t\t\t<\/div>\n\t\t\t\t\t<\/div>\n\t\t\t\t<\/div>\n\t\t\t\t\t<\/div>\n\t\t\t\t<\/div>\n\t\t\t\t<\/div>","protected":false},"excerpt":{"rendered":"<p>Checklista f\u00f6r utv\u00e4rdering av konsolidering av datacenter Du kommer att f\u00e5 en checklista som \u00e4r l\u00e4tt att f\u00f6lja och som t\u00e4cker de fyra viktigaste delarna av konsolidering av datacenter. Denna checklista kommer att hj\u00e4lpa till: Organisera avdelningar tillsammans som en sammanh\u00e4ngande enhet. Begeistra organisationen f\u00f6r konsolidering! Ta vara p\u00e5 m\u00f6jligheten till kostnadsbesparingar.<\/p>","protected":false},"author":9,"featured_media":75754,"parent":359,"menu_order":0,"comment_status":"closed","ping_status":"closed","template":"","meta":{"_acf_changed":false,"episode_type":"","audio_file":"","podmotor_file_id":"","podmotor_episode_id":"","cover_image":"","cover_image_id":"","duration":"","filesize":"","filesize_raw":"","date_recorded":"","explicit":"","block":"","itunes_episode_number":"","itunes_title":"","itunes_season_number":"","itunes_episode_type":"","footnotes":""},"class_list":["post-75784","page","type-page","status-publish","has-post-thumbnail","hentry"],"acf":[],"_links":{"self":[{"href":"https:\/\/exittechnologies.com\/sv\/wp-json\/wp\/v2\/pages\/75784","targetHints":{"allow":["GET"]}}],"collection":[{"href":"https:\/\/exittechnologies.com\/sv\/wp-json\/wp\/v2\/pages"}],"about":[{"href":"https:\/\/exittechnologies.com\/sv\/wp-json\/wp\/v2\/types\/page"}],"author":[{"embeddable":true,"href":"https:\/\/exittechnologies.com\/sv\/wp-json\/wp\/v2\/users\/9"}],"replies":[{"embeddable":true,"href":"https:\/\/exittechnologies.com\/sv\/wp-json\/wp\/v2\/comments?post=75784"}],"version-history":[{"count":0,"href":"https:\/\/exittechnologies.com\/sv\/wp-json\/wp\/v2\/pages\/75784\/revisions"}],"up":[{"embeddable":true,"href":"https:\/\/exittechnologies.com\/sv\/wp-json\/wp\/v2\/pages\/359"}],"wp:featuredmedia":[{"embeddable":true,"href":"https:\/\/exittechnologies.com\/sv\/wp-json\/wp\/v2\/media\/75754"}],"wp:attachment":[{"href":"https:\/\/exittechnologies.com\/sv\/wp-json\/wp\/v2\/media?parent=75784"}],"curies":[{"name":"wp","href":"https:\/\/api.w.org\/{rel}","templated":true}]}}