{"id":75029,"date":"2024-03-15T18:01:12","date_gmt":"2024-03-15T18:01:12","guid":{"rendered":"https:\/\/exittechnlive.wpenginepowered.com\/?page_id=75029"},"modified":"2025-03-06T18:20:42","modified_gmt":"2025-03-06T18:20:42","slug":"miljo-halsa-och-sakerhet","status":"publish","type":"page","link":"https:\/\/exittechnologies.com\/sv\/om-oss\/miljo-halsa-och-sakerhet\/","title":{"rendered":"Policy f\u00f6r kvalitet, milj\u00f6, h\u00e4lsa och s\u00e4kerhet"},"content":{"rendered":"<div data-elementor-type=\"wp-page\" data-elementor-id=\"75029\" class=\"elementor elementor-75029\" data-elementor-post-type=\"page\">\n\t\t\t\t<div class=\"elementor-element elementor-element-66cb004 e-flex e-con-boxed e-con e-parent\" data-id=\"66cb004\" data-element_type=\"container\">\n\t\t\t\t\t<div class=\"e-con-inner\">\n\t\t<div class=\"elementor-element elementor-element-304f703 e-flex e-con-boxed e-con e-child\" data-id=\"304f703\" data-element_type=\"container\">\n\t\t\t\t\t<div class=\"e-con-inner\">\n\t\t\t\t<div class=\"elementor-element elementor-element-d1c6010 elementor-headline--style-highlight elementor-widget elementor-widget-animated-headline\" data-id=\"d1c6010\" data-element_type=\"widget\" data-settings=\"{&quot;highlighted_text&quot;:&quot; &amp; Safety Policy&quot;,&quot;headline_style&quot;:&quot;highlight&quot;,&quot;marker&quot;:&quot;circle&quot;,&quot;loop&quot;:&quot;yes&quot;,&quot;highlight_animation_duration&quot;:1200,&quot;highlight_iteration_delay&quot;:8000}\" data-widget_type=\"animated-headline.default\">\n\t\t\t\t<div class=\"elementor-widget-container\">\n\t\t\t\t\t\t\t<h1 class=\"elementor-headline\">\n\t\t\t\t\t<span class=\"elementor-headline-plain-text elementor-headline-text-wrapper\">Kvalitet, milj\u00f6, h\u00e4lsa<\/span>\n\t\t\t\t<span class=\"elementor-headline-dynamic-wrapper elementor-headline-text-wrapper\">\n\t\t\t\t\t<span class=\"elementor-headline-dynamic-text elementor-headline-text-active\"> &amp; S\u00e4kerhetspolicy<\/span>\n\t\t\t\t<\/span>\n\t\t\t\t<\/h1>\n\t\t\t\t\t\t<\/div>\n\t\t\t\t<\/div>\n\t\t\t\t\t<\/div>\n\t\t\t\t<\/div>\n\t\t\t\t\t<\/div>\n\t\t\t\t<\/div>\n\t\t<div class=\"elementor-element elementor-element-4d4c5c2 e-flex e-con-boxed e-con e-parent\" data-id=\"4d4c5c2\" data-element_type=\"container\">\n\t\t\t\t\t<div class=\"e-con-inner\">\n\t\t<div class=\"elementor-element elementor-element-eb12525 e-con-full e-flex e-con e-child\" data-id=\"eb12525\" data-element_type=\"container\">\n\t\t\t\t<div class=\"elementor-element elementor-element-aca5121 elementor-widget elementor-widget-text-editor\" data-id=\"aca5121\" data-element_type=\"widget\" data-widget_type=\"text-editor.default\">\n\t\t\t\t<div class=\"elementor-widget-container\">\n\t\t\t\t\t\t\t\t\t<p>Exit Technologies \u00e5tar sig att f\u00f6lja kraven i R2v3, ISO 45001:2018, ISO 14001:2015 och ISO 9001:2015 och att uppr\u00e4tth\u00e5lla \u00f6verensst\u00e4mmelse med kraven i v\u00e5rt QEHS ledningssystem och omfattning. Vi \u00e4r lika engagerade i att uppfylla och \u00f6vertr\u00e4ffa v\u00e5ra kunders krav, att kontinuerligt f\u00f6rb\u00e4ttra v\u00e5ra processer och att uppr\u00e4tth\u00e5lla efterlevnaden av relevanta lagar och f\u00f6rordningar om milj\u00f6, h\u00e4lsa och s\u00e4kerhet p\u00e5 arbetsplatsen samt datas\u00e4kerhet. I enlighet med denna k\u00e4rnverksamhet \u00e4r det Exit Technologies \u00f6vergripande m\u00e5l att uppn\u00e5 sina aff\u00e4rsm\u00e5l samtidigt som vi uppfyller och \u00f6vertr\u00e4ffar de f\u00f6rv\u00e4ntningar p\u00e5 milj\u00f6, h\u00e4lsa och s\u00e4kerhet som st\u00e4lls av v\u00e5r ledning, v\u00e5ra medarbetare, kunder, leverant\u00f6rer och tillsynsmyndigheter.<\/p><p>Vi kommer kontinuerligt att f\u00f6rb\u00e4ttra v\u00e5ra system och samtidigt str\u00e4va efter att minimera negativ milj\u00f6p\u00e5verkan genom att hantera och sp\u00e5ra begagnad och uttj\u00e4nt elektronisk utrustning, komponenter och material genom \u00e5tervinningskedjan, inklusive fokusmaterial som identifieras i R2v3-standarden - med avseende p\u00e5 b\u00e5de aktiviteter p\u00e5 plats och val av leverant\u00f6rer i senare led - med hj\u00e4lp av en hierarki av ansvarsfulla hanteringsstrategier f\u00f6r \"\u00e5teranv\u00e4ndning, \u00e5tervinning, bortskaffande\" p\u00e5 ett s\u00e4tt som skyddar milj\u00f6n, arbetstagarnas h\u00e4lsa och s\u00e4kerhet, v\u00e5ra kunder och v\u00e5rt samh\u00e4lle.<\/p><ul><li><a href=\"https:\/\/exittechnologies.com\/sv\/blogg\/it-tips\/maximera-avkastningen-pa-din-begagnade-natverksutrustning-i-sverige-varfor-exit-technologies-ar-det-palitliga-valet\/\">Exit Technologies str\u00e4var efter st\u00e4ndiga f\u00f6rb\u00e4ttringar<\/a> och uppfylla v\u00e5ra kunders krav.<\/li><li>Exit Technologies har \u00e5tagit sig att skydda milj\u00f6n, inklusive f\u00f6rebyggande av f\u00f6roreningar och skydd av biologisk m\u00e5ngfald och ekosystem genom ansvarsfull \u00e5tervinning.<\/li><li>Exit Technologies har \u00e5tagit sig att tillhandah\u00e5lla s\u00e4kra och h\u00e4lsosamma arbetsf\u00f6rh\u00e5llanden f\u00f6r att f\u00f6rebygga skador och oh\u00e4lsa och kontrollera arbetsmilj\u00f6risker med hj\u00e4lp av kontrollhierarkin f\u00f6r att eliminera faror och minska QEHS risker.<\/li><li>Exit Technologies har \u00e5tagit sig att se till att arbetstagarna, och i f\u00f6rekommande fall arbetstagarrepresentanterna, deltar i beslutsprocesserna i ledningssystemet f\u00f6r QEHS.<\/li><li>Exit Technologies har \u00e5tagit sig att f\u00f6lja g\u00e4llande lagar och andra krav avseende milj\u00f6-, h\u00e4lso- och s\u00e4kerhetsaspekter i v\u00e5r verksamhet och att uppfylla sina skyldigheter.<\/li><li>Exit Technologies har \u00e5tagit sig att tillhandah\u00e5lla ett ramverk f\u00f6r att fastst\u00e4lla och granska kvalitets-, milj\u00f6-, h\u00e4lso- och s\u00e4kerhetsm\u00e5l.<\/li><li>Exit Technologies har \u00e5tagit sig att hantera begagnad och uttj\u00e4nt elektronisk utrustning baserat p\u00e5 en hierarki f\u00f6r \u00e5teranv\u00e4ndning, renovering, \u00e5tervinning och bortskaffande, inklusive materialhantering p\u00e5 plats och nedstr\u00f6ms genom hela \u00e5tervinningskedjan.<\/li><li>Exit Technologies har \u00e5tagit sig att hantera fokusmaterial genom hela \u00e5tervinningskedjan till slutligt omh\u00e4ndertagande med vederb\u00f6rlig omsorg f\u00f6r att skydda arbetstagare, allm\u00e4nheten och milj\u00f6n.<\/li><li>Exit Technologies str\u00e4var efter st\u00e4ndiga f\u00f6rb\u00e4ttringar genom uppf\u00f6ljning av m\u00e5l och rigor\u00f6s utv\u00e4rdering av v\u00e5rt ledningssystem.<\/li><li>Exit Technologies \u00e5tar sig att kommunicera och f\u00f6rst\u00e4rka denna policy inom hela f\u00f6retaget, till alla personer som arbetar f\u00f6r eller p\u00e5 uppdrag av organisationen samt till v\u00e5ra kunder, leverant\u00f6rer och andra ber\u00f6rda parter.<\/li><\/ul>\t\t\t\t\t\t\t\t<\/div>\n\t\t\t\t<\/div>\n\t\t\t\t<\/div>\n\t\t\t\t\t<\/div>\n\t\t\t\t<\/div>\n\t\t\t\t<\/div>","protected":false},"excerpt":{"rendered":"<p>Quality, Environmental, Health &#038; Safety Policy Exit Technologies is committed to following the R2v3, ISO 45001:2018, ISO 14001:2015, and ISO 9001:2015 requirements and to maintaining conformance to the requirements of our QEHS management system and scope. We are equally committed to meeting and exceeding our customer requirements, to continually improving our processes and to maintaining [&hellip;]<\/p>\n","protected":false},"author":9,"featured_media":75080,"parent":25,"menu_order":0,"comment_status":"closed","ping_status":"closed","template":"elementor_header_footer","meta":{"_acf_changed":false,"episode_type":"","audio_file":"","podmotor_file_id":"","podmotor_episode_id":"","cover_image":"","cover_image_id":"","duration":"","filesize":"","filesize_raw":"","date_recorded":"","explicit":"","block":"","itunes_episode_number":"","itunes_title":"","itunes_season_number":"","itunes_episode_type":"","footnotes":""},"class_list":["post-75029","page","type-page","status-publish","has-post-thumbnail","hentry"],"acf":[],"_links":{"self":[{"href":"https:\/\/exittechnologies.com\/sv\/wp-json\/wp\/v2\/pages\/75029","targetHints":{"allow":["GET"]}}],"collection":[{"href":"https:\/\/exittechnologies.com\/sv\/wp-json\/wp\/v2\/pages"}],"about":[{"href":"https:\/\/exittechnologies.com\/sv\/wp-json\/wp\/v2\/types\/page"}],"author":[{"embeddable":true,"href":"https:\/\/exittechnologies.com\/sv\/wp-json\/wp\/v2\/users\/9"}],"replies":[{"embeddable":true,"href":"https:\/\/exittechnologies.com\/sv\/wp-json\/wp\/v2\/comments?post=75029"}],"version-history":[{"count":0,"href":"https:\/\/exittechnologies.com\/sv\/wp-json\/wp\/v2\/pages\/75029\/revisions"}],"up":[{"embeddable":true,"href":"https:\/\/exittechnologies.com\/sv\/wp-json\/wp\/v2\/pages\/25"}],"wp:featuredmedia":[{"embeddable":true,"href":"https:\/\/exittechnologies.com\/sv\/wp-json\/wp\/v2\/media\/75080"}],"wp:attachment":[{"href":"https:\/\/exittechnologies.com\/sv\/wp-json\/wp\/v2\/media?parent=75029"}],"curies":[{"name":"wp","href":"https:\/\/api.w.org\/{rel}","templated":true}]}}