{"id":271,"date":"2024-01-30T17:24:31","date_gmt":"2024-01-30T17:24:31","guid":{"rendered":"https:\/\/exittechnlive.wpenginepowered.com\/?page_id=271"},"modified":"2025-07-08T19:54:00","modified_gmt":"2025-07-08T19:54:00","slug":"certifications","status":"publish","type":"page","link":"https:\/\/exittechnologies.com\/sv\/om-oss\/certifications\/","title":{"rendered":"Certifieringar"},"content":{"rendered":"<div data-elementor-type=\"wp-page\" data-elementor-id=\"271\" class=\"elementor elementor-271\" data-elementor-post-type=\"page\">\n\t\t\t\t<div class=\"elementor-element elementor-element-a4a780f e-flex e-con-boxed e-con e-parent\" data-id=\"a4a780f\" data-element_type=\"container\">\n\t\t\t\t\t<div class=\"e-con-inner\">\n\t\t<div class=\"elementor-element elementor-element-d18f057 e-flex e-con-boxed e-con e-child\" data-id=\"d18f057\" data-element_type=\"container\">\n\t\t\t\t\t<div class=\"e-con-inner\">\n\t\t\t\t<div class=\"elementor-element elementor-element-0f3ae0f elementor-widget-tablet__width-inherit elementor-headline--style-highlight elementor-widget elementor-widget-animated-headline\" data-id=\"0f3ae0f\" data-element_type=\"widget\" data-settings=\"{&quot;highlighted_text&quot;:&quot;Certifications&quot;,&quot;headline_style&quot;:&quot;highlight&quot;,&quot;marker&quot;:&quot;circle&quot;,&quot;loop&quot;:&quot;yes&quot;,&quot;highlight_animation_duration&quot;:1200,&quot;highlight_iteration_delay&quot;:8000}\" data-widget_type=\"animated-headline.default\">\n\t\t\t\t<div class=\"elementor-widget-container\">\n\t\t\t\t\t\t\t<h1 class=\"elementor-headline\">\n\t\t\t\t<span class=\"elementor-headline-dynamic-wrapper elementor-headline-text-wrapper\">\n\t\t\t\t\t<span class=\"elementor-headline-dynamic-text elementor-headline-text-active\">Certifieringar<\/span>\n\t\t\t\t<\/span>\n\t\t\t\t<\/h1>\n\t\t\t\t\t\t<\/div>\n\t\t\t\t<\/div>\n\t\t\t\t\t<\/div>\n\t\t\t\t<\/div>\n\t\t\t\t\t<\/div>\n\t\t\t\t<\/div>\n\t\t<div class=\"elementor-element elementor-element-6ac2f93f e-flex e-con-boxed e-con e-parent\" data-id=\"6ac2f93f\" data-element_type=\"container\">\n\t\t\t\t\t<div class=\"e-con-inner\">\n\t\t<div class=\"elementor-element elementor-element-63d368a6 e-con-full e-flex e-con e-child\" data-id=\"63d368a6\" data-element_type=\"container\">\n\t\t\t\t<div class=\"elementor-element elementor-element-29568a0 elementor-widget elementor-widget-image\" data-id=\"29568a0\" data-element_type=\"widget\" data-widget_type=\"image.default\">\n\t\t\t\t<div class=\"elementor-widget-container\">\n\t\t\t\t\t\t\t\t\t\t\t\t\t\t\t\t<a href=\"https:\/\/sustainableelectronics.org\/\" target=\"_blank\" rel=\"noopener\">\n\t\t\t\t\t\t\t<img decoding=\"async\" width=\"288\" height=\"300\" src=\"https:\/\/exittechnologies.com\/wp-content\/uploads\/2024\/01\/R2-V3-icon-288x300-removebg-preview.png\" class=\"attachment-full size-full wp-image-131\" alt=\"R2 Certified Peace of Mind-logotyp\" \/>\t\t\t\t\t\t\t\t<\/a>\n\t\t\t\t\t\t\t\t\t\t\t\t\t\t\t<\/div>\n\t\t\t\t<\/div>\n\t\t\t\t<div class=\"elementor-element elementor-element-1d1a5e39 elementor-headline--style-highlight elementor-widget elementor-widget-animated-headline\" data-id=\"1d1a5e39\" data-element_type=\"widget\" data-settings=\"{&quot;highlighted_text&quot;:&quot; Peace of Mind&quot;,&quot;headline_style&quot;:&quot;highlight&quot;,&quot;marker&quot;:&quot;circle&quot;,&quot;loop&quot;:&quot;yes&quot;,&quot;highlight_animation_duration&quot;:1200,&quot;highlight_iteration_delay&quot;:8000}\" data-widget_type=\"animated-headline.default\">\n\t\t\t\t<div class=\"elementor-widget-container\">\n\t\t\t\t\t\t\t<h2 class=\"elementor-headline\">\n\t\t\t\t\t<span class=\"elementor-headline-plain-text elementor-headline-text-wrapper\">R2-certifierad<\/span>\n\t\t\t\t<span class=\"elementor-headline-dynamic-wrapper elementor-headline-text-wrapper\">\n\t\t\t\t\t<span class=\"elementor-headline-dynamic-text elementor-headline-text-active\"> Lugn och ro i sinnet<\/span>\n\t\t\t\t<\/span>\n\t\t\t\t<\/h2>\n\t\t\t\t\t\t<\/div>\n\t\t\t\t<\/div>\n\t\t\t\t<div class=\"elementor-element elementor-element-1dd11005 elementor-widget__width-initial elementor-widget-tablet__width-inherit elementor-widget elementor-widget-text-editor\" data-id=\"1dd11005\" data-element_type=\"widget\" data-widget_type=\"text-editor.default\">\n\t\t\t\t<div class=\"elementor-widget-container\">\n\t\t\t\t\t\t\t\t\t<p>\u00c4r du i goda h\u00e4nder? N\u00e4r du vinkar adj\u00f6 till din gamla IT n\u00e4r \u00e5tervinningsbilen k\u00f6r iv\u00e4g fr\u00e5n din docka, vart tar den v\u00e4gen egentligen? Spelar det n\u00e5gon roll? Ditt f\u00f6retags varum\u00e4rke anses ofta vara det mest v\u00e4rdefulla som det har. N\u00e4r dina kunder ser dina emblem blir de p\u00e5minda om de m\u00e5nga \u00e5r av spetskompetens som du har tillhandah\u00e5llit f\u00f6r deras r\u00e4kning.<br \/><br \/>Vad h\u00e4nder om det ryktet skadas? T\u00e4nk om ditt f\u00f6retag hamnar p\u00e5 nyheterna f\u00f6r att ha l\u00e4ckt k\u00e4nsliga uppgifter eller f\u00f6rorenat milj\u00f6n genom felaktigt bortskaffande av elektroniskt avfall, som l\u00e4cker kvicksilver, bly och andra tungmetaller till den lokala vattenf\u00f6rs\u00f6rjningen?<br \/><br \/>SERI uppr\u00e4tth\u00e5ller R2-standarden genom revisorer p\u00e5 plats. S\u00e5 alla v\u00e5rt f\u00f6retags processer och nedstr\u00f6ms genomstr\u00f6mning av material har granskats f\u00f6r att vara milj\u00f6v\u00e4nliga. Det bekr\u00e4ftar ocks\u00e5 att v\u00e5ra raderingsmetoder uppfyller riktlinjerna f\u00f6r effektiv radering fr\u00e5n National Institute of Standards and Technology. Under v\u00e5r senaste revision hade vi noll avvikelser. Fr\u00e5ga v\u00e5ra konkurrenter om de kan s\u00e4ga detsamma.<\/p>\t\t\t\t\t\t\t\t<\/div>\n\t\t\t\t<\/div>\n\t\t\t\t<div class=\"elementor-element elementor-element-3d896755 elementor-align-left elementor-tablet-align-left elementor-mobile-align-justify elementor-widget__width-auto elementor-widget elementor-widget-button\" data-id=\"3d896755\" data-element_type=\"widget\" data-widget_type=\"button.default\">\n\t\t\t\t<div class=\"elementor-widget-container\">\n\t\t\t\t\t\t\t\t\t<div class=\"elementor-button-wrapper\">\n\t\t\t\t\t<a class=\"elementor-button elementor-button-link elementor-size-md\" href=\"https:\/\/exittechnologies.com\/sv\/kontakta-oss\/\">\n\t\t\t\t\t\t<span class=\"elementor-button-content-wrapper\">\n\t\t\t\t\t\t\t\t\t<span class=\"elementor-button-text\">F\u00e5 en offert nu <\/span>\n\t\t\t\t\t<\/span>\n\t\t\t\t\t<\/a>\n\t\t\t\t<\/div>\n\t\t\t\t\t\t\t\t<\/div>\n\t\t\t\t<\/div>\n\t\t\t\t<\/div>\n\t\t<div class=\"elementor-element elementor-element-a9e5722 e-con-full e-flex e-con e-child\" data-id=\"a9e5722\" data-element_type=\"container\" data-settings=\"{&quot;background_background&quot;:&quot;classic&quot;}\">\n\t\t\t\t<div class=\"elementor-element elementor-element-12efaae8 elementor-widget elementor-widget-image\" data-id=\"12efaae8\" data-element_type=\"widget\" data-widget_type=\"image.default\">\n\t\t\t\t<div class=\"elementor-widget-container\">\n\t\t\t\t\t\t\t\t\t\t\t\t\t\t\t<img decoding=\"async\" width=\"600\" height=\"588\" src=\"https:\/\/exittechnologies.com\/wp-content\/uploads\/2024\/01\/Recycling-Symbol.png\" class=\"attachment-large size-large wp-image-274\" alt=\"\" srcset=\"https:\/\/exittechnologies.com\/wp-content\/uploads\/2024\/01\/Recycling-Symbol.png 600w, https:\/\/exittechnologies.com\/wp-content\/uploads\/2024\/01\/Recycling-Symbol-300x294.png 300w\" sizes=\"(max-width: 600px) 100vw, 600px\" \/>\t\t\t\t\t\t\t\t\t\t\t\t\t\t\t<\/div>\n\t\t\t\t<\/div>\n\t\t\t\t<\/div>\n\t\t\t\t\t<\/div>\n\t\t\t\t<\/div>\n\t\t<div class=\"elementor-element elementor-element-736f0e95 e-flex e-con-boxed e-con e-parent\" data-id=\"736f0e95\" data-element_type=\"container\">\n\t\t\t\t\t<div class=\"e-con-inner\">\n\t\t<div class=\"elementor-element elementor-element-7360d389 e-con-full e-flex e-con e-child\" data-id=\"7360d389\" data-element_type=\"container\" data-settings=\"{&quot;background_background&quot;:&quot;classic&quot;}\">\n\t\t<div class=\"elementor-element elementor-element-4136da65 e-con-full e-flex e-con e-child\" data-id=\"4136da65\" data-element_type=\"container\">\n\t\t\t\t<div class=\"elementor-element elementor-element-719ca4c7 elementor-headline--style-highlight elementor-widget elementor-widget-animated-headline\" data-id=\"719ca4c7\" data-element_type=\"widget\" data-settings=\"{&quot;highlighted_text&quot;:&quot;Achieved&quot;,&quot;headline_style&quot;:&quot;highlight&quot;,&quot;marker&quot;:&quot;circle&quot;,&quot;loop&quot;:&quot;yes&quot;,&quot;highlight_animation_duration&quot;:1200,&quot;highlight_iteration_delay&quot;:8000}\" data-widget_type=\"animated-headline.default\">\n\t\t\t\t<div class=\"elementor-widget-container\">\n\t\t\t\t\t\t\t<h2 class=\"elementor-headline\">\n\t\t\t\t\t<span class=\"elementor-headline-plain-text elementor-headline-text-wrapper\">Certifieringar vi har <\/span>\n\t\t\t\t<span class=\"elementor-headline-dynamic-wrapper elementor-headline-text-wrapper\">\n\t\t\t\t\t<span class=\"elementor-headline-dynamic-text elementor-headline-text-active\">Uppn\u00e5tt<\/span>\n\t\t\t\t<\/span>\n\t\t\t\t<\/h2>\n\t\t\t\t\t\t<\/div>\n\t\t\t\t<\/div>\n\t\t\t\t<div class=\"elementor-element elementor-element-41b70514 elementor-widget__width-inherit elementor-widget elementor-widget-text-editor\" data-id=\"41b70514\" data-element_type=\"widget\" data-widget_type=\"text-editor.default\">\n\t\t\t\t<div class=\"elementor-widget-container\">\n\t\t\t\t\t\t\t\t\t<p>Upplev v\u00e5rt varma v\u00e4lkomnande och v\u00e5r personliga service! G\u00f6r ett bes\u00f6k p\u00e5 plats och uppt\u00e4ck hur v\u00e5ra skr\u00e4ddarsydda l\u00f6sningar kan f\u00f6r\u00e4ndra din vardag.<\/p>\t\t\t\t\t\t\t\t<\/div>\n\t\t\t\t<\/div>\n\t\t\t\t<div class=\"elementor-element elementor-element-4038571c elementor-align-left elementor-tablet-align-left elementor-mobile-align-justify elementor-widget__width-auto elementor-widget-mobile__width-inherit elementor-widget elementor-widget-button\" data-id=\"4038571c\" data-element_type=\"widget\" data-widget_type=\"button.default\">\n\t\t\t\t<div class=\"elementor-widget-container\">\n\t\t\t\t\t\t\t\t\t<div class=\"elementor-button-wrapper\">\n\t\t\t\t\t<a class=\"elementor-button elementor-button-link elementor-size-md\" href=\"https:\/\/exittechnologies.com\/sv\/kontakta-oss\/\">\n\t\t\t\t\t\t<span class=\"elementor-button-content-wrapper\">\n\t\t\t\t\t\t\t\t\t<span class=\"elementor-button-text\">F\u00e5 en offert nu <\/span>\n\t\t\t\t\t<\/span>\n\t\t\t\t\t<\/a>\n\t\t\t\t<\/div>\n\t\t\t\t\t\t\t\t<\/div>\n\t\t\t\t<\/div>\n\t\t\t\t<\/div>\n\t\t<div class=\"elementor-element elementor-element-2dd0d84d e-con-full e-flex e-con e-child\" data-id=\"2dd0d84d\" data-element_type=\"container\">\n\t\t<div class=\"elementor-element elementor-element-2ddeb3ba e-grid e-con-boxed e-con e-child\" data-id=\"2ddeb3ba\" data-element_type=\"container\">\n\t\t\t\t\t<div class=\"e-con-inner\">\n\t\t\t\t<div class=\"elementor-element elementor-element-367167dd elementor-widget elementor-widget-image\" data-id=\"367167dd\" data-element_type=\"widget\" data-widget_type=\"image.default\">\n\t\t\t\t<div class=\"elementor-widget-container\">\n\t\t\t\t\t\t\t\t\t\t\t\t\t\t\t<img decoding=\"async\" width=\"193\" height=\"250\" src=\"https:\/\/exittechnologies.com\/wp-content\/uploads\/2024\/01\/r2v3.png\" class=\"attachment-full size-full wp-image-278\" alt=\"\" \/>\t\t\t\t\t\t\t\t\t\t\t\t\t\t\t<\/div>\n\t\t\t\t<\/div>\n\t\t\t\t<div class=\"elementor-element elementor-element-3e059021 elementor-widget elementor-widget-image\" data-id=\"3e059021\" data-element_type=\"widget\" data-widget_type=\"image.default\">\n\t\t\t\t<div class=\"elementor-widget-container\">\n\t\t\t\t\t\t\t\t\t\t\t\t\t\t\t<img decoding=\"async\" width=\"193\" height=\"250\" src=\"https:\/\/exittechnologies.com\/wp-content\/uploads\/2024\/01\/ISO45001.png\" class=\"attachment-full size-full wp-image-277\" alt=\"\" \/>\t\t\t\t\t\t\t\t\t\t\t\t\t\t\t<\/div>\n\t\t\t\t<\/div>\n\t\t\t\t<div class=\"elementor-element elementor-element-1969d2ae elementor-widget elementor-widget-image\" data-id=\"1969d2ae\" data-element_type=\"widget\" data-widget_type=\"image.default\">\n\t\t\t\t<div class=\"elementor-widget-container\">\n\t\t\t\t\t\t\t\t\t\t\t\t\t\t\t<img decoding=\"async\" width=\"193\" height=\"250\" src=\"https:\/\/exittechnologies.com\/wp-content\/uploads\/2024\/01\/ISO14001.png\" class=\"attachment-full size-full wp-image-276\" alt=\"\" \/>\t\t\t\t\t\t\t\t\t\t\t\t\t\t\t<\/div>\n\t\t\t\t<\/div>\n\t\t\t\t<div class=\"elementor-element elementor-element-5b66cbc7 elementor-widget elementor-widget-image\" data-id=\"5b66cbc7\" data-element_type=\"widget\" data-widget_type=\"image.default\">\n\t\t\t\t<div class=\"elementor-widget-container\">\n\t\t\t\t\t\t\t\t\t\t\t\t\t\t\t<img decoding=\"async\" width=\"193\" height=\"250\" src=\"https:\/\/exittechnologies.com\/wp-content\/uploads\/2024\/01\/ISO9100.png\" class=\"attachment-full size-full wp-image-275\" alt=\"\" \/>\t\t\t\t\t\t\t\t\t\t\t\t\t\t\t<\/div>\n\t\t\t\t<\/div>\n\t\t\t\t\t<\/div>\n\t\t\t\t<\/div>\n\t\t\t\t<\/div>\n\t\t\t\t<\/div>\n\t\t\t\t\t<\/div>\n\t\t\t\t<\/div>\n\t\t<div class=\"elementor-element elementor-element-195fe193 e-flex e-con-boxed e-con e-parent\" data-id=\"195fe193\" data-element_type=\"container\" data-settings=\"{&quot;background_background&quot;:&quot;classic&quot;}\">\n\t\t\t\t\t<div class=\"e-con-inner\">\n\t\t<div class=\"elementor-element elementor-element-7276ad94 e-flex e-con-boxed e-con e-child\" data-id=\"7276ad94\" data-element_type=\"container\">\n\t\t\t\t\t<div class=\"e-con-inner\">\n\t\t\t\t<div class=\"elementor-element elementor-element-2aa5bdf8 elementor-headline--style-highlight elementor-widget elementor-widget-animated-headline\" data-id=\"2aa5bdf8\" data-element_type=\"widget\" data-settings=\"{&quot;highlighted_text&quot;:&quot;You&quot;,&quot;headline_style&quot;:&quot;highlight&quot;,&quot;marker&quot;:&quot;circle&quot;,&quot;loop&quot;:&quot;yes&quot;,&quot;highlight_animation_duration&quot;:1200,&quot;highlight_iteration_delay&quot;:8000}\" data-widget_type=\"animated-headline.default\">\n\t\t\t\t<div class=\"elementor-widget-container\">\n\t\t\t\t\t\t\t<h2 class=\"elementor-headline\">\n\t\t\t\t\t<span class=\"elementor-headline-plain-text elementor-headline-text-wrapper\">V\u00e5rt \u00e5tagande att <\/span>\n\t\t\t\t<span class=\"elementor-headline-dynamic-wrapper elementor-headline-text-wrapper\">\n\t\t\t\t\t<span class=\"elementor-headline-dynamic-text elementor-headline-text-active\">Du<\/span>\n\t\t\t\t<\/span>\n\t\t\t\t<\/h2>\n\t\t\t\t\t\t<\/div>\n\t\t\t\t<\/div>\n\t\t<div class=\"elementor-element elementor-element-87add7c e-flex e-con-boxed e-con e-child\" data-id=\"87add7c\" data-element_type=\"container\">\n\t\t\t\t\t<div class=\"e-con-inner\">\n\t\t<div class=\"elementor-element elementor-element-4f26364e e-con-full e-flex e-con e-child\" data-id=\"4f26364e\" data-element_type=\"container\">\n\t\t\t\t<div class=\"elementor-element elementor-element-6356bf8f elementor-widget elementor-widget-heading\" data-id=\"6356bf8f\" data-element_type=\"widget\" data-widget_type=\"heading.default\">\n\t\t\t\t<div class=\"elementor-widget-container\">\n\t\t\t\t\t<h3 class=\"elementor-heading-title elementor-size-default\">Bes\u00f6k p\u00e5 plats v\u00e4lkomna\n<\/h3>\t\t\t\t<\/div>\n\t\t\t\t<\/div>\n\t\t\t\t<div class=\"elementor-element elementor-element-c1ce239 elementor-widget elementor-widget-text-editor\" data-id=\"c1ce239\" data-element_type=\"widget\" data-widget_type=\"text-editor.default\">\n\t\t\t\t<div class=\"elementor-widget-container\">\n\t\t\t\t\t\t\t\t\t<p>\u00d6vertala din chef att g\u00f6ra en revision p\u00e5 plats i v\u00e5r anl\u00e4ggning i Naples, Florida. N\u00e4r det \u00e4r fruset uppe i norr \u00e4r det svala 76 grader h\u00e4r. Tr\u00e4ffa v\u00e5r personal, se hur vi f\u00f6rvandlar ditt \u00f6verskott till pengar f\u00f6r dig och se v\u00e5rt s\u00e4kra raderingsrum f\u00f6r h\u00e5rddiskar.<\/p>\t\t\t\t\t\t\t\t<\/div>\n\t\t\t\t<\/div>\n\t\t\t\t<\/div>\n\t\t<div class=\"elementor-element elementor-element-3b4cca5e e-con-full e-flex e-con e-child\" data-id=\"3b4cca5e\" data-element_type=\"container\" data-settings=\"{&quot;background_background&quot;:&quot;classic&quot;}\">\n\t\t\t\t<div class=\"elementor-element elementor-element-572088f0 elementor-widget elementor-widget-image\" data-id=\"572088f0\" data-element_type=\"widget\" data-widget_type=\"image.default\">\n\t\t\t\t<div class=\"elementor-widget-container\">\n\t\t\t\t\t\t\t\t\t\t\t\t\t\t\t\t<a href=\"https:\/\/sustainableelectronics.org\/\" target=\"_blank\" rel=\"noopener\">\n\t\t\t\t\t\t\t<img decoding=\"async\" width=\"400\" height=\"417\" src=\"https:\/\/exittechnologies.com\/wp-content\/uploads\/2024\/05\/r2v3-logo-1-2.png\" class=\"attachment-full size-full wp-image-75490\" alt=\"\" srcset=\"https:\/\/exittechnologies.com\/wp-content\/uploads\/2024\/05\/r2v3-logo-1-2.png 400w, https:\/\/exittechnologies.com\/wp-content\/uploads\/2024\/05\/r2v3-logo-1-2-288x300.png 288w\" sizes=\"(max-width: 400px) 100vw, 400px\" \/>\t\t\t\t\t\t\t\t<\/a>\n\t\t\t\t\t\t\t\t\t\t\t\t\t\t\t<\/div>\n\t\t\t\t<\/div>\n\t\t\t\t<\/div>\n\t\t\t\t\t<\/div>\n\t\t\t\t<\/div>\n\t\t<div class=\"elementor-element elementor-element-41fdfe56 e-flex e-con-boxed e-con e-child\" data-id=\"41fdfe56\" data-element_type=\"container\">\n\t\t\t\t\t<div class=\"e-con-inner\">\n\t\t<div class=\"elementor-element elementor-element-1fc349c6 e-con-full e-flex e-con e-child\" data-id=\"1fc349c6\" data-element_type=\"container\">\n\t\t\t\t<div class=\"elementor-element elementor-element-24d83fe5 elementor-widget elementor-widget-heading\" data-id=\"24d83fe5\" data-element_type=\"widget\" data-widget_type=\"heading.default\">\n\t\t\t\t<div class=\"elementor-widget-container\">\n\t\t\t\t\t<h3 class=\"elementor-heading-title elementor-size-default\">HIPAA-kompatibel\n<\/h3>\t\t\t\t<\/div>\n\t\t\t\t<\/div>\n\t\t\t\t<div class=\"elementor-element elementor-element-5de508d4 elementor-widget elementor-widget-text-editor\" data-id=\"5de508d4\" data-element_type=\"widget\" data-widget_type=\"text-editor.default\">\n\t\t\t\t<div class=\"elementor-widget-container\">\n\t\t\t\t\t\t\t\t\t<p>Reglering som kr\u00e4ver sp\u00e5rning i efterf\u00f6ljande led och <a href=\"https:\/\/exittechnologies.com\/sv\/blogg\/it-tips\/vikten-av-saker-datadestruktion\/\">dokumenterad f\u00f6rst\u00f6ring av data<\/a> kan uppfyllas genom v\u00e5r R2-certifiering eller andra ISO-certifieringar. HIPAA-f\u00f6rordningen kr\u00e4ver till exempel att inga patientuppgifter f\u00e5r hamna i or\u00e4tta h\u00e4nder. Vi f\u00f6rv\u00e4rvar, transporterar och raderar medier med k\u00e4nsliga uppgifter p\u00e5 ett s\u00e4kert s\u00e4tt. Destruktion p\u00e5 distans eller p\u00e5 plats kan ocks\u00e5 vara tillg\u00e4nglig i ditt omr\u00e5de.<\/p>\t\t\t\t\t\t\t\t<\/div>\n\t\t\t\t<\/div>\n\t\t\t\t<\/div>\n\t\t<div class=\"elementor-element elementor-element-20b3eb67 e-con-full e-flex e-con e-child\" data-id=\"20b3eb67\" data-element_type=\"container\" data-settings=\"{&quot;background_background&quot;:&quot;classic&quot;}\">\n\t\t\t\t<div class=\"elementor-element elementor-element-46f79157 elementor-widget elementor-widget-image\" data-id=\"46f79157\" data-element_type=\"widget\" data-widget_type=\"image.default\">\n\t\t\t\t<div class=\"elementor-widget-container\">\n\t\t\t\t\t\t\t\t\t\t\t\t\t\t\t<img decoding=\"async\" width=\"468\" height=\"210\" src=\"https:\/\/exittechnologies.com\/wp-content\/uploads\/2024\/01\/28624130_19027-removebg-preview-e1704793156246.png\" class=\"attachment-full size-full wp-image-130\" alt=\"exIT-tekniken \u00e4r f\u00f6renlig med HIPPA\" srcset=\"https:\/\/exittechnologies.com\/wp-content\/uploads\/2024\/01\/28624130_19027-removebg-preview-e1704793156246.png 468w, https:\/\/exittechnologies.com\/wp-content\/uploads\/2024\/01\/28624130_19027-removebg-preview-e1704793156246-300x135.png 300w\" sizes=\"(max-width: 468px) 100vw, 468px\" \/>\t\t\t\t\t\t\t\t\t\t\t\t\t\t\t<\/div>\n\t\t\t\t<\/div>\n\t\t\t\t<\/div>\n\t\t\t\t\t<\/div>\n\t\t\t\t<\/div>\n\t\t<div class=\"elementor-element elementor-element-4072a099 e-flex e-con-boxed e-con e-child\" data-id=\"4072a099\" data-element_type=\"container\">\n\t\t\t\t\t<div class=\"e-con-inner\">\n\t\t<div class=\"elementor-element elementor-element-7b97154c e-con-full e-flex e-con e-child\" data-id=\"7b97154c\" data-element_type=\"container\" data-settings=\"{&quot;background_background&quot;:&quot;classic&quot;}\">\n\t\t\t\t<div class=\"elementor-element elementor-element-5756113 elementor-widget elementor-widget-image\" data-id=\"5756113\" data-element_type=\"widget\" data-widget_type=\"image.default\">\n\t\t\t\t<div class=\"elementor-widget-container\">\n\t\t\t\t\t\t\t\t\t\t\t\t\t\t\t<img decoding=\"async\" width=\"328\" height=\"286\" src=\"https:\/\/exittechnologies.com\/wp-content\/uploads\/2024\/01\/ios.png\" class=\"attachment-full size-full wp-image-135\" alt=\"ISO-certifierad verksamhet\" srcset=\"https:\/\/exittechnologies.com\/wp-content\/uploads\/2024\/01\/ios.png 328w, https:\/\/exittechnologies.com\/wp-content\/uploads\/2024\/01\/ios-300x262.png 300w\" sizes=\"(max-width: 328px) 100vw, 328px\" \/>\t\t\t\t\t\t\t\t\t\t\t\t\t\t\t<\/div>\n\t\t\t\t<\/div>\n\t\t\t\t<\/div>\n\t\t<div class=\"elementor-element elementor-element-600c2840 e-con-full e-flex e-con e-child\" data-id=\"600c2840\" data-element_type=\"container\">\n\t\t\t\t<div class=\"elementor-element elementor-element-6c9aceb elementor-widget elementor-widget-heading\" data-id=\"6c9aceb\" data-element_type=\"widget\" data-widget_type=\"heading.default\">\n\t\t\t\t<div class=\"elementor-widget-container\">\n\t\t\t\t\t<h3 class=\"elementor-heading-title elementor-size-default\">ISO-certifieringar\n<\/h3>\t\t\t\t<\/div>\n\t\t\t\t<\/div>\n\t\t\t\t<div class=\"elementor-element elementor-element-5081bf70 elementor-widget elementor-widget-text-editor\" data-id=\"5081bf70\" data-element_type=\"widget\" data-widget_type=\"text-editor.default\">\n\t\t\t\t<div class=\"elementor-widget-container\">\n\t\t\t\t\t\t\t\t\t<p>Vi har certifieringarna ISO 45001 (h\u00e4lsa och s\u00e4kerhet), ISO 14001 (milj\u00f6) och ISO 9001 (kvalitet), som \u00e4r ledningssystem som fokuserar p\u00e5 att uppr\u00e4tth\u00e5lla och f\u00f6rb\u00e4ttra milj\u00f6n.<\/p>\t\t\t\t\t\t\t\t<\/div>\n\t\t\t\t<\/div>\n\t\t\t\t<\/div>\n\t\t\t\t\t<\/div>\n\t\t\t\t<\/div>\n\t\t\t\t\t<\/div>\n\t\t\t\t<\/div>\n\t\t\t\t\t<\/div>\n\t\t\t\t<\/div>\n\t\t\t\t<\/div>","protected":false},"excerpt":{"rendered":"<p>Certifications R2 Certified Peace of Mind Are you in good hands? When you wave goodbye to your old IT as the recycler\u2019s truck pulls away from your dock, where does it really go? Does it matter? Your company\u2019s brand is often considered the most valuable thing it has. When your clients see your emblems, they [&hellip;]<\/p>\n","protected":false},"author":9,"featured_media":75080,"parent":25,"menu_order":0,"comment_status":"closed","ping_status":"closed","template":"elementor_header_footer","meta":{"_acf_changed":false,"episode_type":"","audio_file":"","podmotor_file_id":"","podmotor_episode_id":"","cover_image":"","cover_image_id":"","duration":"","filesize":"","filesize_raw":"","date_recorded":"","explicit":"","block":"","itunes_episode_number":"","itunes_title":"","itunes_season_number":"","itunes_episode_type":"","footnotes":""},"class_list":["post-271","page","type-page","status-publish","has-post-thumbnail","hentry"],"acf":[],"_links":{"self":[{"href":"https:\/\/exittechnologies.com\/sv\/wp-json\/wp\/v2\/pages\/271","targetHints":{"allow":["GET"]}}],"collection":[{"href":"https:\/\/exittechnologies.com\/sv\/wp-json\/wp\/v2\/pages"}],"about":[{"href":"https:\/\/exittechnologies.com\/sv\/wp-json\/wp\/v2\/types\/page"}],"author":[{"embeddable":true,"href":"https:\/\/exittechnologies.com\/sv\/wp-json\/wp\/v2\/users\/9"}],"replies":[{"embeddable":true,"href":"https:\/\/exittechnologies.com\/sv\/wp-json\/wp\/v2\/comments?post=271"}],"version-history":[{"count":0,"href":"https:\/\/exittechnologies.com\/sv\/wp-json\/wp\/v2\/pages\/271\/revisions"}],"up":[{"embeddable":true,"href":"https:\/\/exittechnologies.com\/sv\/wp-json\/wp\/v2\/pages\/25"}],"wp:featuredmedia":[{"embeddable":true,"href":"https:\/\/exittechnologies.com\/sv\/wp-json\/wp\/v2\/media\/75080"}],"wp:attachment":[{"href":"https:\/\/exittechnologies.com\/sv\/wp-json\/wp\/v2\/media?parent=271"}],"curies":[{"name":"wp","href":"https:\/\/api.w.org\/{rel}","templated":true}]}}