{"id":76935,"date":"2024-11-04T15:32:28","date_gmt":"2024-11-04T15:32:28","guid":{"rendered":"https:\/\/exittechnologies.com\/?page_id=76935"},"modified":"2024-11-04T15:41:29","modified_gmt":"2024-11-04T15:41:29","slug":"kyle-bittner","status":"publish","type":"page","link":"https:\/\/exittechnologies.com\/fr\/kyle-bittner\/","title":{"rendered":"Kyle Bittner"},"content":{"rendered":"<span class=\"span-reading-time rt-reading-time\" style=\"display: block;\"><span class=\"rt-label rt-prefix\">Temps de lecture : <\/span> <span class=\"rt-time\"> 13<\/span> <span class=\"rt-label rt-postfix\">minutes<\/span><\/span>\t\t<div data-elementor-type=\"wp-page\" data-elementor-id=\"76935\" class=\"elementor elementor-76935\" data-elementor-post-type=\"page\">\n\t\t\t\t<div class=\"elementor-element elementor-element-c55f1f9 e-flex e-con-boxed e-con e-parent\" data-id=\"c55f1f9\" data-element_type=\"container\" data-settings=\"{&quot;background_background&quot;:&quot;classic&quot;}\">\n\t\t\t\t\t<div class=\"e-con-inner\">\n\t\t<div class=\"elementor-element elementor-element-dd8c386 e-con-full e-flex e-con e-child\" data-id=\"dd8c386\" data-element_type=\"container\">\n\t\t\t\t<div class=\"elementor-element elementor-element-80b2f24 elementor-widget elementor-widget-image\" data-id=\"80b2f24\" data-element_type=\"widget\" data-widget_type=\"image.default\">\n\t\t\t\t<div class=\"elementor-widget-container\">\n\t\t\t\t\t\t\t\t\t\t\t\t\t\t\t<img decoding=\"async\" width=\"800\" height=\"803\" src=\"https:\/\/exittechnologies.com\/wp-content\/uploads\/2024\/01\/kyle-portrait.jpg\" class=\"attachment-large size-large wp-image-46\" alt=\"\" srcset=\"https:\/\/exittechnologies.com\/wp-content\/uploads\/2024\/01\/kyle-portrait.jpg 1000w, https:\/\/exittechnologies.com\/wp-content\/uploads\/2024\/01\/kyle-portrait-300x300.jpg 300w, https:\/\/exittechnologies.com\/wp-content\/uploads\/2024\/01\/kyle-portrait-150x150.jpg 150w, https:\/\/exittechnologies.com\/wp-content\/uploads\/2024\/01\/kyle-portrait-768x771.jpg 768w\" sizes=\"(max-width: 800px) 100vw, 800px\" \/>\t\t\t\t\t\t\t\t\t\t\t\t\t\t\t<\/div>\n\t\t\t\t<\/div>\n\t\t\t\t<\/div>\n\t\t<div class=\"elementor-element elementor-element-04e4999 e-con-full e-flex e-con e-child\" data-id=\"04e4999\" data-element_type=\"container\">\n\t\t\t\t<div class=\"elementor-element elementor-element-203fc4a elementor-widget elementor-widget-heading\" data-id=\"203fc4a\" data-element_type=\"widget\" data-widget_type=\"heading.default\">\n\t\t\t\t<div class=\"elementor-widget-container\">\n\t\t\t\t\t<h1 class=\"elementor-heading-title elementor-size-default\">Kyle Bittner<\/h1>\t\t\t\t<\/div>\n\t\t\t\t<\/div>\n\t\t\t\t<div class=\"elementor-element elementor-element-b82f9af elementor-widget elementor-widget-text-editor\" data-id=\"b82f9af\" data-element_type=\"widget\" data-widget_type=\"text-editor.default\">\n\t\t\t\t<div class=\"elementor-widget-container\">\n\t\t\t\t\t\t\t\t\t<p>Vice-pr\u00e9sident, directeur g\u00e9n\u00e9ral<\/p>\t\t\t\t\t\t\t\t<\/div>\n\t\t\t\t<\/div>\n\t\t\t\t<div class=\"elementor-element elementor-element-cbe7653 elementor-shape-circle e-grid-align-left elementor-grid-0 elementor-widget elementor-widget-social-icons\" data-id=\"cbe7653\" data-element_type=\"widget\" data-widget_type=\"social-icons.default\">\n\t\t\t\t<div class=\"elementor-widget-container\">\n\t\t\t\t\t\t\t<div class=\"elementor-social-icons-wrapper elementor-grid\">\n\t\t\t\t\t\t\t<span class=\"elementor-grid-item\">\n\t\t\t\t\t<a class=\"elementor-icon elementor-social-icon elementor-social-icon-linkedin-in elementor-repeater-item-c225dc9\" href=\"https:\/\/www.linkedin.com\/in\/kyle-bittner-071b2365\/\" target=\"_blank\" rel=\"noopener\">\n\t\t\t\t\t\t<span class=\"elementor-screen-only\">Linkedin-in<\/span>\n\t\t\t\t\t\t<svg aria-hidden=\"true\" class=\"e-font-icon-svg e-fab-linkedin-in\" viewbox=\"0 0 448 512\" xmlns=\"http:\/\/www.w3.org\/2000\/svg\"><path d=\"M100.28 448H7.4V148.9h92.88zM53.79 108.1C24.09 108.1 0 83.5 0 53.8a53.79 53.79 0 0 1 107.58 0c0 29.7-24.1 54.3-53.79 54.3zM447.9 448h-92.68V302.4c0-34.7-.7-79.2-48.29-79.2-48.29 0-55.69 37.7-55.69 76.7V448h-92.78V148.9h89.08v40.8h1.3c12.4-23.5 42.69-48.3 87.88-48.3 94 0 111.28 61.9 111.28 142.3V448z\"><\/path><\/svg>\t\t\t\t\t<\/a>\n\t\t\t\t<\/span>\n\t\t\t\t\t<\/div>\n\t\t\t\t\t\t<\/div>\n\t\t\t\t<\/div>\n\t\t\t\t<div class=\"elementor-element elementor-element-eded90e elementor-widget__width-initial elementor-widget-mobile__width-inherit elementor-widget-tablet__width-inherit elementor-widget elementor-widget-text-editor\" data-id=\"eded90e\" data-element_type=\"widget\" data-widget_type=\"text-editor.default\">\n\t\t\t\t<div class=\"elementor-widget-container\">\n\t\t\t\t\t\t\t\t\t<p>Kyle a travaill\u00e9 dans tous les services d'exIT Technologies, o\u00f9 il a commenc\u00e9 \u00e0 travailler \u00e0 l'\u00e2ge de 14 ans. Aujourd'hui, il se concentre sur l'am\u00e9lioration des processus, la gestion de projets et le d\u00e9veloppement d'\u00e9quipes. Dipl\u00f4m\u00e9 en soins infirmiers, Kyle a pr\u00e9f\u00e9r\u00e9 exIT \u00e0 la vie hospitali\u00e8re et s'est rapidement impos\u00e9 comme un membre cl\u00e9 de l'\u00e9quipe de l'entreprise.<\/p><p>\u00a0<\/p>\t\t\t\t\t\t\t\t<\/div>\n\t\t\t\t<\/div>\n\t\t\t\t<\/div>\n\t\t\t\t\t<\/div>\n\t\t\t\t<\/div>\n\t\t<div class=\"elementor-element elementor-element-f504b71 e-flex e-con-boxed e-con e-parent\" data-id=\"f504b71\" data-element_type=\"container\">\n\t\t\t\t\t<div class=\"e-con-inner\">\n\t\t<div class=\"elementor-element elementor-element-08216ac e-flex e-con-boxed e-con e-child\" data-id=\"08216ac\" data-element_type=\"container\">\n\t\t\t\t\t<div class=\"e-con-inner\">\n\t\t\t\t<div class=\"elementor-element elementor-element-a411bab elementor-widget__width-initial elementor-widget-tablet__width-inherit elementor-headline--style-highlight elementor-widget elementor-widget-animated-headline\" data-id=\"a411bab\" data-element_type=\"widget\" data-settings=\"{&quot;highlighted_text&quot;:&quot;Articles&quot;,&quot;headline_style&quot;:&quot;highlight&quot;,&quot;marker&quot;:&quot;circle&quot;,&quot;loop&quot;:&quot;yes&quot;,&quot;highlight_animation_duration&quot;:1200,&quot;highlight_iteration_delay&quot;:8000}\" data-widget_type=\"animated-headline.default\">\n\t\t\t\t<div class=\"elementor-widget-container\">\n\t\t\t\t\t\t\t<h2 class=\"elementor-headline\">\n\t\t\t\t\t<span class=\"elementor-headline-plain-text elementor-headline-text-wrapper\">R\u00e9cents<\/span>\n\t\t\t\t<span class=\"elementor-headline-dynamic-wrapper elementor-headline-text-wrapper\">\n\t\t\t\t\t<span class=\"elementor-headline-dynamic-text elementor-headline-text-active\">Articles<\/span>\n\t\t\t\t<\/span>\n\t\t\t\t<\/h2>\n\t\t\t\t\t\t<\/div>\n\t\t\t\t<\/div>\n\t\t\t\t\t<\/div>\n\t\t\t\t<\/div>\n\t\t<div class=\"elementor-element elementor-element-ddc3890 e-con-full e-flex e-con e-child\" data-id=\"ddc3890\" data-element_type=\"container\">\n\t\t\t\t<div class=\"elementor-element elementor-element-f18fe18 elementor-grid-3 elementor-grid-tablet-2 elementor-grid-mobile-1 elementor-posts--thumbnail-top elementor-posts--show-avatar elementor-card-shadow-yes elementor-posts__hover-gradient elementor-widget elementor-widget-posts\" data-id=\"f18fe18\" data-element_type=\"widget\" data-settings=\"{&quot;cards_row_gap&quot;:{&quot;unit&quot;:&quot;px&quot;,&quot;size&quot;:20,&quot;sizes&quot;:[]},&quot;cards_columns&quot;:&quot;3&quot;,&quot;cards_columns_tablet&quot;:&quot;2&quot;,&quot;cards_columns_mobile&quot;:&quot;1&quot;,&quot;cards_row_gap_tablet&quot;:{&quot;unit&quot;:&quot;px&quot;,&quot;size&quot;:&quot;&quot;,&quot;sizes&quot;:[]},&quot;cards_row_gap_mobile&quot;:{&quot;unit&quot;:&quot;px&quot;,&quot;size&quot;:&quot;&quot;,&quot;sizes&quot;:[]}}\" data-widget_type=\"posts.cards\">\n\t\t\t\t<div class=\"elementor-widget-container\">\n\t\t\t\t\t\t\t<div class=\"elementor-posts-container elementor-posts elementor-posts--skin-cards elementor-grid\" role=\"list\">\n\t\t\t\t<article class=\"elementor-post elementor-grid-item post-77802 post type-post status-publish format-standard has-post-thumbnail hentry category-gpu\" role=\"listitem\">\n\t\t\t<div class=\"elementor-post__card\">\n\t\t\t\t<a class=\"elementor-post__thumbnail__link\" href=\"https:\/\/exittechnologies.com\/fr\/blog\/gpu\/what-your-h100-hgx-and-dgx-fleet-is-worth-after-the-b100-launch\/\" tabindex=\"-1\"><div class=\"elementor-post__thumbnail\"><img decoding=\"async\" width=\"1536\" height=\"855\" src=\"https:\/\/exittechnologies.com\/wp-content\/uploads\/2026\/04\/GPU-value-shift_-H100-to-B100-e1776109802107.png\" class=\"attachment-full size-full wp-image-77803\" alt=\"What Your H100, HGX, and DGX Fleet Is Worth After the B100 Launch\" srcset=\"https:\/\/exittechnologies.com\/wp-content\/uploads\/2026\/04\/GPU-value-shift_-H100-to-B100-e1776109802107.png 1536w, https:\/\/exittechnologies.com\/wp-content\/uploads\/2026\/04\/GPU-value-shift_-H100-to-B100-e1776109802107-300x167.png 300w, https:\/\/exittechnologies.com\/wp-content\/uploads\/2026\/04\/GPU-value-shift_-H100-to-B100-e1776109802107-1024x570.png 1024w, https:\/\/exittechnologies.com\/wp-content\/uploads\/2026\/04\/GPU-value-shift_-H100-to-B100-e1776109802107-768x428.png 768w, https:\/\/exittechnologies.com\/wp-content\/uploads\/2026\/04\/GPU-value-shift_-H100-to-B100-e1776109802107-18x10.png 18w, https:\/\/exittechnologies.com\/wp-content\/uploads\/2026\/04\/GPU-value-shift_-H100-to-B100-e1776109802107-150x83.png 150w\" sizes=\"(max-width: 1536px) 100vw, 1536px\" \/><\/div><\/a>\n\t\t\t\t<div class=\"elementor-post__badge\">GPU<\/div>\n\t\t\t\t<div class=\"elementor-post__avatar\">\n\t\t\t\t\t<\/div>\n\t\t\t\t<div class=\"elementor-post__text\">\n\t\t\t\t<h4 class=\"elementor-post__title\">\n\t\t\t<a href=\"https:\/\/exittechnologies.com\/fr\/blog\/gpu\/what-your-h100-hgx-and-dgx-fleet-is-worth-after-the-b100-launch\/\">\n\t\t\t\tWhat Your H100, HGX, and DGX Fleet Is Worth After the B100 Launch\t\t\t<\/a>\n\t\t<\/h4>\n\t\t\n\t\t<a class=\"elementor-post__read-more\" href=\"https:\/\/exittechnologies.com\/fr\/blog\/gpu\/what-your-h100-hgx-and-dgx-fleet-is-worth-after-the-b100-launch\/\" aria-label=\"En savoir plus sur What Your H100, HGX, and DGX Fleet Is Worth After the B100 Launch\" tabindex=\"-1\">\n\t\t\tLire plus \"\t\t<\/a>\n\n\t\t\t\t<\/div>\n\t\t\t\t<div class=\"elementor-post__meta-data\">\n\t\t\t\t\t<span class=\"elementor-post-date\">\n\t\t\tavril 16, 2026\t\t<\/span>\n\t\t\t\t<span class=\"elementor-post-avatar\">\n\t\t\tAucun commentaire\t\t<\/span>\n\t\t\t\t<\/div>\n\t\t\t\t\t<\/div>\n\t\t<\/article>\n\t\t\t\t<article class=\"elementor-post elementor-grid-item post-77800 post type-post status-publish format-standard has-post-thumbnail hentry category-servers\" role=\"listitem\">\n\t\t\t<div class=\"elementor-post__card\">\n\t\t\t\t<a class=\"elementor-post__thumbnail__link\" href=\"https:\/\/exittechnologies.com\/fr\/blog\/serveurs\/how-to-know-when-its-time-for-a-server-upgrade\/\" tabindex=\"-1\"><div class=\"elementor-post__thumbnail\"><img decoding=\"async\" width=\"1536\" height=\"845\" src=\"https:\/\/exittechnologies.com\/wp-content\/uploads\/2026\/04\/Server-upgrade-assessment-in-progress-e1776108492364.png\" class=\"attachment-full size-full wp-image-77801\" alt=\"How to Know When It\u2019s Time for A Server Upgrade\" srcset=\"https:\/\/exittechnologies.com\/wp-content\/uploads\/2026\/04\/Server-upgrade-assessment-in-progress-e1776108492364.png 1536w, https:\/\/exittechnologies.com\/wp-content\/uploads\/2026\/04\/Server-upgrade-assessment-in-progress-e1776108492364-300x165.png 300w, https:\/\/exittechnologies.com\/wp-content\/uploads\/2026\/04\/Server-upgrade-assessment-in-progress-e1776108492364-1024x563.png 1024w, https:\/\/exittechnologies.com\/wp-content\/uploads\/2026\/04\/Server-upgrade-assessment-in-progress-e1776108492364-768x423.png 768w, https:\/\/exittechnologies.com\/wp-content\/uploads\/2026\/04\/Server-upgrade-assessment-in-progress-e1776108492364-18x10.png 18w, https:\/\/exittechnologies.com\/wp-content\/uploads\/2026\/04\/Server-upgrade-assessment-in-progress-e1776108492364-150x83.png 150w\" sizes=\"(max-width: 1536px) 100vw, 1536px\" \/><\/div><\/a>\n\t\t\t\t<div class=\"elementor-post__badge\">Serveurs<\/div>\n\t\t\t\t<div class=\"elementor-post__avatar\">\n\t\t\t\t\t<\/div>\n\t\t\t\t<div class=\"elementor-post__text\">\n\t\t\t\t<h4 class=\"elementor-post__title\">\n\t\t\t<a href=\"https:\/\/exittechnologies.com\/fr\/blog\/serveurs\/how-to-know-when-its-time-for-a-server-upgrade\/\">\n\t\t\t\tHow to Know When It\u2019s Time for A Server Upgrade\t\t\t<\/a>\n\t\t<\/h4>\n\t\t\n\t\t<a class=\"elementor-post__read-more\" href=\"https:\/\/exittechnologies.com\/fr\/blog\/serveurs\/how-to-know-when-its-time-for-a-server-upgrade\/\" aria-label=\"En savoir plus sur How to Know When It\u2019s Time for A Server Upgrade\" tabindex=\"-1\">\n\t\t\tLire plus \"\t\t<\/a>\n\n\t\t\t\t<\/div>\n\t\t\t\t<div class=\"elementor-post__meta-data\">\n\t\t\t\t\t<span class=\"elementor-post-date\">\n\t\t\tavril 15, 2026\t\t<\/span>\n\t\t\t\t<span class=\"elementor-post-avatar\">\n\t\t\tAucun commentaire\t\t<\/span>\n\t\t\t\t<\/div>\n\t\t\t\t\t<\/div>\n\t\t<\/article>\n\t\t\t\t<article class=\"elementor-post elementor-grid-item post-77798 post type-post status-publish format-standard has-post-thumbnail hentry category-memory\" role=\"listitem\">\n\t\t\t<div class=\"elementor-post__card\">\n\t\t\t\t<a class=\"elementor-post__thumbnail__link\" href=\"https:\/\/exittechnologies.com\/fr\/blog\/memoire\/glass-half-full-what-microsofts-project-silica-means-for-data-storage\/\" tabindex=\"-1\"><div class=\"elementor-post__thumbnail\"><img decoding=\"async\" width=\"1536\" height=\"1024\" src=\"https:\/\/exittechnologies.com\/wp-content\/uploads\/2026\/04\/Futuristic-data-storage-vs.-old-tech.png\" class=\"attachment-full size-full wp-image-77799\" alt=\"What Microsoft&#039;s Project Silica Means for Data Storage\" srcset=\"https:\/\/exittechnologies.com\/wp-content\/uploads\/2026\/04\/Futuristic-data-storage-vs.-old-tech.png 1536w, https:\/\/exittechnologies.com\/wp-content\/uploads\/2026\/04\/Futuristic-data-storage-vs.-old-tech-300x200.png 300w, https:\/\/exittechnologies.com\/wp-content\/uploads\/2026\/04\/Futuristic-data-storage-vs.-old-tech-1024x683.png 1024w, https:\/\/exittechnologies.com\/wp-content\/uploads\/2026\/04\/Futuristic-data-storage-vs.-old-tech-768x512.png 768w, https:\/\/exittechnologies.com\/wp-content\/uploads\/2026\/04\/Futuristic-data-storage-vs.-old-tech-18x12.png 18w, https:\/\/exittechnologies.com\/wp-content\/uploads\/2026\/04\/Futuristic-data-storage-vs.-old-tech-150x100.png 150w\" sizes=\"(max-width: 1536px) 100vw, 1536px\" \/><\/div><\/a>\n\t\t\t\t<div class=\"elementor-post__badge\">M\u00e9moire<\/div>\n\t\t\t\t<div class=\"elementor-post__avatar\">\n\t\t\t\t\t<\/div>\n\t\t\t\t<div class=\"elementor-post__text\">\n\t\t\t\t<h4 class=\"elementor-post__title\">\n\t\t\t<a href=\"https:\/\/exittechnologies.com\/fr\/blog\/memoire\/glass-half-full-what-microsofts-project-silica-means-for-data-storage\/\">\n\t\t\t\tGlass Half Full: What Microsoft&#8217;s Project Silica Means for Data Storage\t\t\t<\/a>\n\t\t<\/h4>\n\t\t\n\t\t<a class=\"elementor-post__read-more\" href=\"https:\/\/exittechnologies.com\/fr\/blog\/memoire\/glass-half-full-what-microsofts-project-silica-means-for-data-storage\/\" aria-label=\"En savoir plus sur Glass Half Full: What Microsoft&#8217;s Project Silica Means for Data Storage\" tabindex=\"-1\">\n\t\t\tLire plus \"\t\t<\/a>\n\n\t\t\t\t<\/div>\n\t\t\t\t<div class=\"elementor-post__meta-data\">\n\t\t\t\t\t<span class=\"elementor-post-date\">\n\t\t\tavril 14, 2026\t\t<\/span>\n\t\t\t\t<span class=\"elementor-post-avatar\">\n\t\t\tAucun commentaire\t\t<\/span>\n\t\t\t\t<\/div>\n\t\t\t\t\t<\/div>\n\t\t<\/article>\n\t\t\t\t<article class=\"elementor-post elementor-grid-item post-77795 post type-post status-publish format-standard has-post-thumbnail hentry category-itad\" role=\"listitem\">\n\t\t\t<div class=\"elementor-post__card\">\n\t\t\t\t<a class=\"elementor-post__thumbnail__link\" href=\"https:\/\/exittechnologies.com\/fr\/blog\/itad\/when-resale-offsets-decommissioning-cost-and-when-it-doesnt\/\" tabindex=\"-1\"><div class=\"elementor-post__thumbnail\"><img decoding=\"async\" width=\"2560\" height=\"1429\" src=\"https:\/\/exittechnologies.com\/wp-content\/uploads\/2026\/04\/IT-resale-Cost-vs-recovery-scaled.png\" class=\"attachment-full size-full wp-image-77796\" alt=\"IT resale Cost vs recovery\" srcset=\"https:\/\/exittechnologies.com\/wp-content\/uploads\/2026\/04\/IT-resale-Cost-vs-recovery-scaled.png 2560w, https:\/\/exittechnologies.com\/wp-content\/uploads\/2026\/04\/IT-resale-Cost-vs-recovery-300x167.png 300w, https:\/\/exittechnologies.com\/wp-content\/uploads\/2026\/04\/IT-resale-Cost-vs-recovery-1024x572.png 1024w, https:\/\/exittechnologies.com\/wp-content\/uploads\/2026\/04\/IT-resale-Cost-vs-recovery-768x429.png 768w, https:\/\/exittechnologies.com\/wp-content\/uploads\/2026\/04\/IT-resale-Cost-vs-recovery-1536x857.png 1536w, https:\/\/exittechnologies.com\/wp-content\/uploads\/2026\/04\/IT-resale-Cost-vs-recovery-2048x1143.png 2048w, https:\/\/exittechnologies.com\/wp-content\/uploads\/2026\/04\/IT-resale-Cost-vs-recovery-18x10.png 18w, https:\/\/exittechnologies.com\/wp-content\/uploads\/2026\/04\/IT-resale-Cost-vs-recovery-150x84.png 150w\" sizes=\"(max-width: 2560px) 100vw, 2560px\" \/><\/div><\/a>\n\t\t\t\t<div class=\"elementor-post__badge\">Disposition des actifs informatiques<\/div>\n\t\t\t\t<div class=\"elementor-post__avatar\">\n\t\t\t\t\t<\/div>\n\t\t\t\t<div class=\"elementor-post__text\">\n\t\t\t\t<h4 class=\"elementor-post__title\">\n\t\t\t<a href=\"https:\/\/exittechnologies.com\/fr\/blog\/itad\/when-resale-offsets-decommissioning-cost-and-when-it-doesnt\/\">\n\t\t\t\tWhen Resale Offsets Decommissioning Cost and When It Doesn&#8217;t\t\t\t<\/a>\n\t\t<\/h4>\n\t\t\n\t\t<a class=\"elementor-post__read-more\" href=\"https:\/\/exittechnologies.com\/fr\/blog\/itad\/when-resale-offsets-decommissioning-cost-and-when-it-doesnt\/\" aria-label=\"En savoir plus sur When Resale Offsets Decommissioning Cost and When It Doesn&#8217;t\" tabindex=\"-1\">\n\t\t\tLire plus \"\t\t<\/a>\n\n\t\t\t\t<\/div>\n\t\t\t\t<div class=\"elementor-post__meta-data\">\n\t\t\t\t\t<span class=\"elementor-post-date\">\n\t\t\tavril 9, 2026\t\t<\/span>\n\t\t\t\t<span class=\"elementor-post-avatar\">\n\t\t\tAucun commentaire\t\t<\/span>\n\t\t\t\t<\/div>\n\t\t\t\t\t<\/div>\n\t\t<\/article>\n\t\t\t\t<article class=\"elementor-post elementor-grid-item post-77786 post type-post status-publish format-standard has-post-thumbnail hentry category-memory\" role=\"listitem\">\n\t\t\t<div class=\"elementor-post__card\">\n\t\t\t\t<a class=\"elementor-post__thumbnail__link\" href=\"https:\/\/exittechnologies.com\/fr\/blog\/memoire\/the-memory-shortage-is-more-than-a-supply-chain-blip\/\" tabindex=\"-1\"><div class=\"elementor-post__thumbnail\"><img decoding=\"async\" width=\"1536\" height=\"957\" src=\"https:\/\/exittechnologies.com\/wp-content\/uploads\/2026\/04\/The-Memory-Shortage-Is-More-Than-A-Supply-Chain-Blip-e1775146658926.png\" class=\"attachment-full size-full wp-image-77787\" alt=\"The Memory Shortage Is More Than A Supply Chain Blip\" srcset=\"https:\/\/exittechnologies.com\/wp-content\/uploads\/2026\/04\/The-Memory-Shortage-Is-More-Than-A-Supply-Chain-Blip-e1775146658926.png 1536w, https:\/\/exittechnologies.com\/wp-content\/uploads\/2026\/04\/The-Memory-Shortage-Is-More-Than-A-Supply-Chain-Blip-e1775146658926-300x187.png 300w, https:\/\/exittechnologies.com\/wp-content\/uploads\/2026\/04\/The-Memory-Shortage-Is-More-Than-A-Supply-Chain-Blip-e1775146658926-1024x638.png 1024w, https:\/\/exittechnologies.com\/wp-content\/uploads\/2026\/04\/The-Memory-Shortage-Is-More-Than-A-Supply-Chain-Blip-e1775146658926-768x479.png 768w, https:\/\/exittechnologies.com\/wp-content\/uploads\/2026\/04\/The-Memory-Shortage-Is-More-Than-A-Supply-Chain-Blip-e1775146658926-18x12.png 18w, https:\/\/exittechnologies.com\/wp-content\/uploads\/2026\/04\/The-Memory-Shortage-Is-More-Than-A-Supply-Chain-Blip-e1775146658926-150x93.png 150w\" sizes=\"(max-width: 1536px) 100vw, 1536px\" \/><\/div><\/a>\n\t\t\t\t<div class=\"elementor-post__badge\">M\u00e9moire<\/div>\n\t\t\t\t<div class=\"elementor-post__avatar\">\n\t\t\t\t\t<\/div>\n\t\t\t\t<div class=\"elementor-post__text\">\n\t\t\t\t<h4 class=\"elementor-post__title\">\n\t\t\t<a href=\"https:\/\/exittechnologies.com\/fr\/blog\/memoire\/the-memory-shortage-is-more-than-a-supply-chain-blip\/\">\n\t\t\t\tThe Memory Shortage Is More Than A Supply Chain Blip\t\t\t<\/a>\n\t\t<\/h4>\n\t\t\n\t\t<a class=\"elementor-post__read-more\" href=\"https:\/\/exittechnologies.com\/fr\/blog\/memoire\/the-memory-shortage-is-more-than-a-supply-chain-blip\/\" aria-label=\"En savoir plus sur The Memory Shortage Is More Than A Supply Chain Blip\" tabindex=\"-1\">\n\t\t\tLire plus \"\t\t<\/a>\n\n\t\t\t\t<\/div>\n\t\t\t\t<div class=\"elementor-post__meta-data\">\n\t\t\t\t\t<span class=\"elementor-post-date\">\n\t\t\tavril 3, 2026\t\t<\/span>\n\t\t\t\t<span class=\"elementor-post-avatar\">\n\t\t\tAucun commentaire\t\t<\/span>\n\t\t\t\t<\/div>\n\t\t\t\t\t<\/div>\n\t\t<\/article>\n\t\t\t\t<article class=\"elementor-post elementor-grid-item post-69867 post type-post status-publish format-standard has-post-thumbnail hentry category-data-center\" role=\"listitem\">\n\t\t\t<div class=\"elementor-post__card\">\n\t\t\t\t<a class=\"elementor-post__thumbnail__link\" href=\"https:\/\/exittechnologies.com\/fr\/blog\/centre-de-donnees\/strategie-de-consolidation-des-centres-de-donnees\/\" tabindex=\"-1\"><div class=\"elementor-post__thumbnail\"><img decoding=\"async\" width=\"1200\" height=\"800\" src=\"https:\/\/exittechnologies.com\/wp-content\/uploads\/2018\/02\/Data-Center-Consolidation-Strategy-Overview.jpg\" class=\"attachment-full size-full wp-image-69875\" alt=\"Strat\u00e9gie de consolidation des centres de donn\u00e9es - Aper\u00e7u\" srcset=\"https:\/\/exittechnologies.com\/wp-content\/uploads\/2018\/02\/Data-Center-Consolidation-Strategy-Overview.jpg 1200w, https:\/\/exittechnologies.com\/wp-content\/uploads\/2018\/02\/Data-Center-Consolidation-Strategy-Overview-300x200.jpg 300w, https:\/\/exittechnologies.com\/wp-content\/uploads\/2018\/02\/Data-Center-Consolidation-Strategy-Overview-1024x683.jpg 1024w, https:\/\/exittechnologies.com\/wp-content\/uploads\/2018\/02\/Data-Center-Consolidation-Strategy-Overview-768x512.jpg 768w\" sizes=\"(max-width: 1200px) 100vw, 1200px\" \/><\/div><\/a>\n\t\t\t\t<div class=\"elementor-post__badge\">Centre de donn\u00e9es<\/div>\n\t\t\t\t<div class=\"elementor-post__avatar\">\n\t\t\t\t\t<\/div>\n\t\t\t\t<div class=\"elementor-post__text\">\n\t\t\t\t<h4 class=\"elementor-post__title\">\n\t\t\t<a href=\"https:\/\/exittechnologies.com\/fr\/blog\/centre-de-donnees\/strategie-de-consolidation-des-centres-de-donnees\/\">\n\t\t\t\tData Center Consolidation Strategy: A 5-Step Playbook for IT Leaders\t\t\t<\/a>\n\t\t<\/h4>\n\t\t\n\t\t<a class=\"elementor-post__read-more\" href=\"https:\/\/exittechnologies.com\/fr\/blog\/centre-de-donnees\/strategie-de-consolidation-des-centres-de-donnees\/\" aria-label=\"En savoir plus sur Data Center Consolidation Strategy: A 5-Step Playbook for IT Leaders\" tabindex=\"-1\">\n\t\t\tLire plus \"\t\t<\/a>\n\n\t\t\t\t<\/div>\n\t\t\t\t<div class=\"elementor-post__meta-data\">\n\t\t\t\t\t<span class=\"elementor-post-date\">\n\t\t\tmars 20, 2026\t\t<\/span>\n\t\t\t\t<span class=\"elementor-post-avatar\">\n\t\t\tAucun commentaire\t\t<\/span>\n\t\t\t\t<\/div>\n\t\t\t\t\t<\/div>\n\t\t<\/article>\n\t\t\t\t<\/div>\n\t\t\n\t\t\t\t\t\t<\/div>\n\t\t\t\t<\/div>\n\t\t\t\t<\/div>\n\t\t\t\t\t<\/div>\n\t\t\t\t<\/div>\n\t\t\t\t<\/div>","protected":false},"excerpt":{"rendered":"<p><span class=\"span-reading-time rt-reading-time\" style=\"display: block;\"><span class=\"rt-label rt-prefix\">Temps de lecture : <\/span> <span class=\"rt-time\"> 13<\/span> <span class=\"rt-label rt-postfix\">minutes<\/span><\/span>Kyle Bittner Vice-pr\u00e9sident, directeur g\u00e9n\u00e9ral Linkedin-in Kyle a travaill\u00e9 dans tous les d\u00e9partements d'exIT.<\/p>","protected":false},"author":58,"featured_media":76702,"parent":0,"menu_order":0,"comment_status":"closed","ping_status":"closed","template":"","meta":{"_acf_changed":false,"episode_type":"","audio_file":"","podmotor_file_id":"","podmotor_episode_id":"","cover_image":"","cover_image_id":"","duration":"","filesize":"","filesize_raw":"","date_recorded":"","explicit":"","block":"","itunes_episode_number":"","itunes_title":"","itunes_season_number":"","itunes_episode_type":"","footnotes":""},"class_list":["post-76935","page","type-page","status-publish","has-post-thumbnail","hentry"],"acf":[],"_links":{"self":[{"href":"https:\/\/exittechnologies.com\/fr\/wp-json\/wp\/v2\/pages\/76935","targetHints":{"allow":["GET"]}}],"collection":[{"href":"https:\/\/exittechnologies.com\/fr\/wp-json\/wp\/v2\/pages"}],"about":[{"href":"https:\/\/exittechnologies.com\/fr\/wp-json\/wp\/v2\/types\/page"}],"author":[{"embeddable":true,"href":"https:\/\/exittechnologies.com\/fr\/wp-json\/wp\/v2\/users\/58"}],"replies":[{"embeddable":true,"href":"https:\/\/exittechnologies.com\/fr\/wp-json\/wp\/v2\/comments?post=76935"}],"version-history":[{"count":0,"href":"https:\/\/exittechnologies.com\/fr\/wp-json\/wp\/v2\/pages\/76935\/revisions"}],"wp:featuredmedia":[{"embeddable":true,"href":"https:\/\/exittechnologies.com\/fr\/wp-json\/wp\/v2\/media\/76702"}],"wp:attachment":[{"href":"https:\/\/exittechnologies.com\/fr\/wp-json\/wp\/v2\/media?parent=76935"}],"curies":[{"name":"wp","href":"https:\/\/api.w.org\/{rel}","templated":true}]}}