{"id":75892,"date":"2024-05-10T15:36:10","date_gmt":"2024-05-10T15:36:10","guid":{"rendered":"https:\/\/exittechnlive.wpenginepowered.com\/?page_id=75892"},"modified":"2024-05-19T18:16:30","modified_gmt":"2024-05-19T18:16:30","slug":"remis-a-neuf","status":"publish","type":"page","link":"https:\/\/exittechnologies.com\/fr\/acheter-du-materiel\/remis-a-neuf\/","title":{"rendered":"Acheter du mat\u00e9riel informatique remis \u00e0 neuf"},"content":{"rendered":"<div data-elementor-type=\"wp-page\" data-elementor-id=\"75892\" class=\"elementor elementor-75892\" data-elementor-post-type=\"page\">\n\t\t\t\t<div class=\"elementor-element elementor-element-69e1fcf e-flex e-con-boxed e-con e-parent\" data-id=\"69e1fcf\" data-element_type=\"container\">\n\t\t\t\t\t<div class=\"e-con-inner\">\n\t\t<div class=\"elementor-element elementor-element-a4852ed e-flex e-con-boxed e-con e-child\" data-id=\"a4852ed\" data-element_type=\"container\">\n\t\t\t\t\t<div class=\"e-con-inner\">\n\t\t\t\t<div class=\"elementor-element elementor-element-bb0cbce elementor-headline--style-highlight elementor-widget elementor-widget-animated-headline\" data-id=\"bb0cbce\" data-element_type=\"widget\" data-settings=\"{&quot;highlighted_text&quot;:&quot;Equipment&quot;,&quot;headline_style&quot;:&quot;highlight&quot;,&quot;marker&quot;:&quot;circle&quot;,&quot;loop&quot;:&quot;yes&quot;,&quot;highlight_animation_duration&quot;:1200,&quot;highlight_iteration_delay&quot;:8000}\" data-widget_type=\"animated-headline.default\">\n\t\t\t\t<div class=\"elementor-widget-container\">\n\t\t\t\t\t\t\t<h1 class=\"elementor-headline\">\n\t\t\t\t\t<span class=\"elementor-headline-plain-text elementor-headline-text-wrapper\"> Acheter des produits informatiques remis \u00e0 neuf <\/span>\n\t\t\t\t<span class=\"elementor-headline-dynamic-wrapper elementor-headline-text-wrapper\">\n\t\t\t\t\t<span class=\"elementor-headline-dynamic-text elementor-headline-text-active\">Equipement<\/span>\n\t\t\t\t<\/span>\n\t\t\t\t<\/h1>\n\t\t\t\t\t\t<\/div>\n\t\t\t\t<\/div>\n\t\t\t\t<div class=\"elementor-element elementor-element-ef907cc elementor-widget__width-inherit elementor-widget-tablet__width-inherit elementor-widget elementor-widget-text-editor\" data-id=\"ef907cc\" data-element_type=\"widget\" data-widget_type=\"text-editor.default\">\n\t\t\t\t<div class=\"elementor-widget-container\">\n\t\t\t\t\t\t\t\t\t<p>Obtenez le meilleur rapport qualit\u00e9-prix.<\/p><p>Veuillez accorder \u00e0 nos sp\u00e9cialistes des achats au moins un jour pour faire leur travail une fois que vous avez soumis votre liste de mat\u00e9riel. Nous vous contacterons d\u00e8s que possible. N'h\u00e9sitez pas \u00e0 nous contacter si vous n'avez pas re\u00e7u de r\u00e9ponse dans les 48 heures.<\/p>\t\t\t\t\t\t\t\t<\/div>\n\t\t\t\t<\/div>\n\t\t\t\t\t<\/div>\n\t\t\t\t<\/div>\n\t\t\t\t\t<\/div>\n\t\t\t\t<\/div>\n\t\t<div class=\"elementor-element elementor-element-7399ad3 e-flex e-con-boxed e-con e-parent\" data-id=\"7399ad3\" data-element_type=\"container\">\n\t\t\t\t\t<div class=\"e-con-inner\">\n\t\t\t\t<div class=\"elementor-element elementor-element-721ca6b elementor-widget__width-initial elementor-widget-tablet__width-inherit elementor-headline--style-highlight elementor-widget elementor-widget-animated-headline\" data-id=\"721ca6b\" data-element_type=\"widget\" data-settings=\"{&quot;highlighted_text&quot;:&quot;IT Equipment&quot;,&quot;headline_style&quot;:&quot;highlight&quot;,&quot;marker&quot;:&quot;circle&quot;,&quot;loop&quot;:&quot;yes&quot;,&quot;highlight_animation_duration&quot;:1200,&quot;highlight_iteration_delay&quot;:8000}\" data-widget_type=\"animated-headline.default\">\n\t\t\t\t<div class=\"elementor-widget-container\">\n\t\t\t\t\t\t\t<h2 class=\"elementor-headline\">\n\t\t\t\t\t<span class=\"elementor-headline-plain-text elementor-headline-text-wrapper\">Acheter un produit remis \u00e0 neuf <\/span>\n\t\t\t\t<span class=\"elementor-headline-dynamic-wrapper elementor-headline-text-wrapper\">\n\t\t\t\t\t<span class=\"elementor-headline-dynamic-text elementor-headline-text-active\">Mat\u00e9riel informatique<\/span>\n\t\t\t\t<\/span>\n\t\t\t\t<\/h2>\n\t\t\t\t\t\t<\/div>\n\t\t\t\t<\/div>\n\t\t\t\t<div class=\"elementor-element elementor-element-545c326 elementor-widget__width-initial elementor-widget-tablet__width-inherit elementor-widget elementor-widget-text-editor\" data-id=\"545c326\" data-element_type=\"widget\" data-widget_type=\"text-editor.default\">\n\t\t\t\t<div class=\"elementor-widget-container\">\n\t\t\t\t\t\t\t\t\tL'achat d'\u00e9quipements de centres de donn\u00e9es et de biens informatiques remis \u00e0 neuf pr\u00e9sente de nombreux avantages. La plupart des \u00e9quipements ont encore une longue dur\u00e9e de vie apr\u00e8s leur mise hors service, ce qui permet d'\u00e9conomiser consid\u00e9rablement sur le budget informatique par rapport \u00e0 l'achat de mat\u00e9riel neuf. L'achat de mat\u00e9riel neuf pr\u00e9sente bien s\u00fbr des avantages, mais il n'est pas toujours n\u00e9cessaire et ne devrait jamais \u00eatre la seule option.\n\t\t\t\t\t\t\t\t<\/div>\n\t\t\t\t<\/div>\n\t\t\t\t\t<\/div>\n\t\t\t\t<\/div>\n\t\t<div class=\"elementor-element elementor-element-eac60cf e-flex e-con-boxed e-con e-parent\" data-id=\"eac60cf\" data-element_type=\"container\" data-settings=\"{&quot;background_background&quot;:&quot;classic&quot;}\">\n\t\t\t\t\t<div class=\"e-con-inner\">\n\t\t<div class=\"elementor-element elementor-element-8351ee1 e-con-full e-flex e-con e-child\" data-id=\"8351ee1\" data-element_type=\"container\">\n\t\t\t\t<div class=\"elementor-element elementor-element-14a0c8f elementor-headline--style-highlight elementor-widget elementor-widget-animated-headline\" data-id=\"14a0c8f\" data-element_type=\"widget\" data-settings=\"{&quot;headline_style&quot;:&quot;highlight&quot;,&quot;marker&quot;:&quot;circle&quot;,&quot;loop&quot;:&quot;yes&quot;,&quot;highlight_animation_duration&quot;:1200,&quot;highlight_iteration_delay&quot;:8000}\" data-widget_type=\"animated-headline.default\">\n\t\t\t\t<div class=\"elementor-widget-container\">\n\t\t\t\t\t\t\t<h3 class=\"elementor-headline\">\n\t\t\t\t\t<span class=\"elementor-headline-plain-text elementor-headline-text-wrapper\">Fiabilit\u00e9<\/span>\n\t\t\t\t<span class=\"elementor-headline-dynamic-wrapper elementor-headline-text-wrapper\">\n\t\t\t\t<\/span>\n\t\t\t\t<\/h3>\n\t\t\t\t\t\t<\/div>\n\t\t\t\t<\/div>\n\t\t\t\t<div class=\"elementor-element elementor-element-545bc78 elementor-widget__width-initial elementor-widget-tablet__width-inherit elementor-widget elementor-widget-text-editor\" data-id=\"545bc78\" data-element_type=\"widget\" data-widget_type=\"text-editor.default\">\n\t\t\t\t<div class=\"elementor-widget-container\">\n\t\t\t\t\t\t\t\t\tOn croit \u00e0 tort que les \u00e9quipements informatiques remis \u00e0 neuf sont moins fiables que les \u00e9quipements neufs. Cependant, tous les produits remis \u00e0 neuf ne se valent pas. C'est pourquoi nous mettons un point d'honneur \u00e0 tester notre mat\u00e9riel, \u00e0 communiquer de mani\u00e8re exhaustive et \u00e0 rester transparents.\n\t\t\t\t\t\t\t\t<\/div>\n\t\t\t\t<\/div>\n\t\t\t\t<div class=\"elementor-element elementor-element-54463c2 elementor-align-left elementor-tablet-align-left elementor-mobile-align-justify elementor-widget__width-auto elementor-widget elementor-widget-button\" data-id=\"54463c2\" data-element_type=\"widget\" data-widget_type=\"button.default\">\n\t\t\t\t<div class=\"elementor-widget-container\">\n\t\t\t\t\t\t\t\t\t<div class=\"elementor-button-wrapper\">\n\t\t\t\t\t<a class=\"elementor-button elementor-button-link elementor-size-md\" href=\"https:\/\/exittechnologies.com\/fr\/obtenir-un-devis\/\">\n\t\t\t\t\t\t<span class=\"elementor-button-content-wrapper\">\n\t\t\t\t\t\t<span class=\"elementor-button-icon\">\n\t\t\t\t<svg xmlns=\"http:\/\/www.w3.org\/2000\/svg\" height=\"512\" viewbox=\"0 0 32 32\" width=\"512\"><g id=\"Layer_20\" data-name=\"Layer 20\"><path d=\"m23.21 16.71-13 13a1 1 0 0 1 -1.42 0 1 1 0 0 1 0-1.42l12.3-12.29-12.3-12.29a1 1 0 0 1 1.42-1.42l13 13a1 1 0 0 1 0 1.42z\"><\/path><\/g><\/svg>\t\t\t<\/span>\n\t\t\t\t\t\t\t\t\t<span class=\"elementor-button-text\">Trouver un \u00e9quipement fiable<\/span>\n\t\t\t\t\t<\/span>\n\t\t\t\t\t<\/a>\n\t\t\t\t<\/div>\n\t\t\t\t\t\t\t\t<\/div>\n\t\t\t\t<\/div>\n\t\t\t\t<\/div>\n\t\t<div class=\"elementor-element elementor-element-36a026e e-con-full e-flex e-con e-child\" data-id=\"36a026e\" data-element_type=\"container\">\n\t\t\t\t<div class=\"elementor-element elementor-element-c6a0f14 elementor-widget elementor-widget-image\" data-id=\"c6a0f14\" data-element_type=\"widget\" data-widget_type=\"image.default\">\n\t\t\t\t<div class=\"elementor-widget-container\">\n\t\t\t\t\t\t\t\t\t\t\t\t\t\t\t<img decoding=\"async\" width=\"750\" height=\"1124\" src=\"https:\/\/exittechnologies.com\/wp-content\/uploads\/2024\/05\/iStock-1243402252-750x0-c-default-1.jpg\" class=\"attachment-full size-full wp-image-75895\" alt=\"\" srcset=\"https:\/\/exittechnologies.com\/wp-content\/uploads\/2024\/05\/iStock-1243402252-750x0-c-default-1.jpg 750w, https:\/\/exittechnologies.com\/wp-content\/uploads\/2024\/05\/iStock-1243402252-750x0-c-default-1-200x300.jpg 200w, https:\/\/exittechnologies.com\/wp-content\/uploads\/2024\/05\/iStock-1243402252-750x0-c-default-1-683x1024.jpg 683w\" sizes=\"(max-width: 750px) 100vw, 750px\" \/>\t\t\t\t\t\t\t\t\t\t\t\t\t\t\t<\/div>\n\t\t\t\t<\/div>\n\t\t\t\t<\/div>\n\t\t\t\t\t<\/div>\n\t\t\t\t<\/div>\n\t\t<div class=\"elementor-element elementor-element-826b14b e-flex e-con-boxed e-con e-parent\" data-id=\"826b14b\" data-element_type=\"container\" data-settings=\"{&quot;background_background&quot;:&quot;classic&quot;}\">\n\t\t\t\t\t<div class=\"e-con-inner\">\n\t\t<div class=\"elementor-element elementor-element-27db3fd e-con-full e-flex e-con e-child\" data-id=\"27db3fd\" data-element_type=\"container\">\n\t\t\t\t<div class=\"elementor-element elementor-element-52c887e elementor-headline--style-highlight elementor-widget elementor-widget-animated-headline\" data-id=\"52c887e\" data-element_type=\"widget\" data-settings=\"{&quot;headline_style&quot;:&quot;highlight&quot;,&quot;marker&quot;:&quot;circle&quot;,&quot;loop&quot;:&quot;yes&quot;,&quot;highlight_animation_duration&quot;:1200,&quot;highlight_iteration_delay&quot;:8000}\" data-widget_type=\"animated-headline.default\">\n\t\t\t\t<div class=\"elementor-widget-container\">\n\t\t\t\t\t\t\t<h3 class=\"elementor-headline\">\n\t\t\t\t\t<span class=\"elementor-headline-plain-text elementor-headline-text-wrapper\">\u00c9pargne<\/span>\n\t\t\t\t<span class=\"elementor-headline-dynamic-wrapper elementor-headline-text-wrapper\">\n\t\t\t\t<\/span>\n\t\t\t\t<\/h3>\n\t\t\t\t\t\t<\/div>\n\t\t\t\t<\/div>\n\t\t\t\t<div class=\"elementor-element elementor-element-90b829c elementor-widget elementor-widget-text-editor\" data-id=\"90b829c\" data-element_type=\"widget\" data-widget_type=\"text-editor.default\">\n\t\t\t\t<div class=\"elementor-widget-container\">\n\t\t\t\t\t\t\t\t\tAvec les progr\u00e8s rapides de la technologie, le mat\u00e9riel informatique peut se d\u00e9pr\u00e9cier en quelques ann\u00e9es seulement. Cela ne signifie pas toujours qu'il est obsol\u00e8te. L'achat d'un serveur de nouvelle g\u00e9n\u00e9ration l\u00e9g\u00e8rement usag\u00e9 peut r\u00e9duire le co\u00fbt initial de 20 \u00e0 30%, les serveurs plus anciens offrant des \u00e9conomies encore plus substantielles.\n\t\t\t\t\t\t\t\t<\/div>\n\t\t\t\t<\/div>\n\t\t\t\t<div class=\"elementor-element elementor-element-5086bdb elementor-align-left elementor-tablet-align-left elementor-mobile-align-justify elementor-widget__width-auto elementor-widget elementor-widget-button\" data-id=\"5086bdb\" data-element_type=\"widget\" data-widget_type=\"button.default\">\n\t\t\t\t<div class=\"elementor-widget-container\">\n\t\t\t\t\t\t\t\t\t<div class=\"elementor-button-wrapper\">\n\t\t\t\t\t<a class=\"elementor-button elementor-button-link elementor-size-md\" href=\"https:\/\/exittechnologies.com\/fr\/obtenir-un-devis\/\">\n\t\t\t\t\t\t<span class=\"elementor-button-content-wrapper\">\n\t\t\t\t\t\t<span class=\"elementor-button-icon\">\n\t\t\t\t<svg xmlns=\"http:\/\/www.w3.org\/2000\/svg\" height=\"512\" viewbox=\"0 0 32 32\" width=\"512\"><g id=\"Layer_20\" data-name=\"Layer 20\"><path d=\"m23.21 16.71-13 13a1 1 0 0 1 -1.42 0 1 1 0 0 1 0-1.42l12.3-12.29-12.3-12.29a1 1 0 0 1 1.42-1.42l13 13a1 1 0 0 1 0 1.42z\"><\/path><\/g><\/svg>\t\t\t<\/span>\n\t\t\t\t\t\t\t\t\t<span class=\"elementor-button-text\">Voir combien je peux \u00e9conomiser<\/span>\n\t\t\t\t\t<\/span>\n\t\t\t\t\t<\/a>\n\t\t\t\t<\/div>\n\t\t\t\t\t\t\t\t<\/div>\n\t\t\t\t<\/div>\n\t\t\t\t<\/div>\n\t\t<div class=\"elementor-element elementor-element-604a114 e-con-full e-flex e-con e-child\" data-id=\"604a114\" data-element_type=\"container\" data-settings=\"{&quot;background_background&quot;:&quot;classic&quot;}\">\n\t\t\t\t<div class=\"elementor-element elementor-element-d8cc4c5 elementor-widget elementor-widget-image\" data-id=\"d8cc4c5\" data-element_type=\"widget\" data-widget_type=\"image.default\">\n\t\t\t\t<div class=\"elementor-widget-container\">\n\t\t\t\t\t\t\t\t\t\t\t\t\t\t\t<img decoding=\"async\" width=\"860\" height=\"1433\" src=\"https:\/\/exittechnologies.com\/wp-content\/uploads\/2024\/05\/WBUITE_CROP4-01-860x0-c-default-1.jpg\" class=\"attachment-full size-full wp-image-75896\" alt=\"\" srcset=\"https:\/\/exittechnologies.com\/wp-content\/uploads\/2024\/05\/WBUITE_CROP4-01-860x0-c-default-1.jpg 860w, https:\/\/exittechnologies.com\/wp-content\/uploads\/2024\/05\/WBUITE_CROP4-01-860x0-c-default-1-180x300.jpg 180w, https:\/\/exittechnologies.com\/wp-content\/uploads\/2024\/05\/WBUITE_CROP4-01-860x0-c-default-1-615x1024.jpg 615w, https:\/\/exittechnologies.com\/wp-content\/uploads\/2024\/05\/WBUITE_CROP4-01-860x0-c-default-1-768x1280.jpg 768w\" sizes=\"(max-width: 860px) 100vw, 860px\" \/>\t\t\t\t\t\t\t\t\t\t\t\t\t\t\t<\/div>\n\t\t\t\t<\/div>\n\t\t\t\t<\/div>\n\t\t\t\t\t<\/div>\n\t\t\t\t<\/div>\n\t\t<div class=\"elementor-element elementor-element-8c085a1 e-flex e-con-boxed e-con e-parent\" data-id=\"8c085a1\" data-element_type=\"container\" data-settings=\"{&quot;background_background&quot;:&quot;classic&quot;}\">\n\t\t\t\t\t<div class=\"e-con-inner\">\n\t\t<div class=\"elementor-element elementor-element-11d9f07 e-con-full e-flex e-con e-child\" data-id=\"11d9f07\" data-element_type=\"container\">\n\t\t\t\t<div class=\"elementor-element elementor-element-7f97e58 elementor-headline--style-highlight elementor-widget elementor-widget-animated-headline\" data-id=\"7f97e58\" data-element_type=\"widget\" data-settings=\"{&quot;headline_style&quot;:&quot;highlight&quot;,&quot;marker&quot;:&quot;circle&quot;,&quot;loop&quot;:&quot;yes&quot;,&quot;highlight_animation_duration&quot;:1200,&quot;highlight_iteration_delay&quot;:8000}\" data-widget_type=\"animated-headline.default\">\n\t\t\t\t<div class=\"elementor-widget-container\">\n\t\t\t\t\t\t\t<h3 class=\"elementor-headline\">\n\t\t\t\t\t<span class=\"elementor-headline-plain-text elementor-headline-text-wrapper\">Soutien<\/span>\n\t\t\t\t<span class=\"elementor-headline-dynamic-wrapper elementor-headline-text-wrapper\">\n\t\t\t\t<\/span>\n\t\t\t\t<\/h3>\n\t\t\t\t\t\t<\/div>\n\t\t\t\t<\/div>\n\t\t\t\t<div class=\"elementor-element elementor-element-037e8ad elementor-widget__width-initial elementor-widget-tablet__width-inherit elementor-widget elementor-widget-text-editor\" data-id=\"037e8ad\" data-element_type=\"widget\" data-widget_type=\"text-editor.default\">\n\t\t\t\t<div class=\"elementor-widget-container\">\n\t\t\t\t\t\t\t\t\tL'achat d'un \u00e9quipement remis \u00e0 neuf ne signifie pas qu'il est d\u00e9pourvu d'assistance. La maintenance par un tiers (TPM) s'est av\u00e9r\u00e9e tr\u00e8s utile et nettement moins co\u00fbteuse que l'assistance classique. Avec un point de contact unique pour l'ensemble de votre assistance, vous n'avez plus besoin de faire appel \u00e0 plusieurs fournisseurs de services si vous choisissez d'utiliser du mat\u00e9riel provenant de plusieurs fournisseurs. Nos \u00e9quipements remis \u00e0 neuf sont \u00e9galement assortis d'une garantie de retour sans souci si vous n'\u00eates pas satisfait.\n\t\t\t\t\t\t\t\t<\/div>\n\t\t\t\t<\/div>\n\t\t\t\t<div class=\"elementor-element elementor-element-efbee12 elementor-align-left elementor-tablet-align-left elementor-mobile-align-justify elementor-widget__width-auto elementor-widget elementor-widget-button\" data-id=\"efbee12\" data-element_type=\"widget\" data-widget_type=\"button.default\">\n\t\t\t\t<div class=\"elementor-widget-container\">\n\t\t\t\t\t\t\t\t\t<div class=\"elementor-button-wrapper\">\n\t\t\t\t\t<a class=\"elementor-button elementor-button-link elementor-size-md\" href=\"https:\/\/exittechnologies.com\/fr\/obtenir-un-devis\/\">\n\t\t\t\t\t\t<span class=\"elementor-button-content-wrapper\">\n\t\t\t\t\t\t<span class=\"elementor-button-icon\">\n\t\t\t\t<svg xmlns=\"http:\/\/www.w3.org\/2000\/svg\" height=\"512\" viewbox=\"0 0 32 32\" width=\"512\"><g id=\"Layer_20\" data-name=\"Layer 20\"><path d=\"m23.21 16.71-13 13a1 1 0 0 1 -1.42 0 1 1 0 0 1 0-1.42l12.3-12.29-12.3-12.29a1 1 0 0 1 1.42-1.42l13 13a1 1 0 0 1 0 1.42z\"><\/path><\/g><\/svg>\t\t\t<\/span>\n\t\t\t\t\t\t\t\t\t<span class=\"elementor-button-text\">Voir nos informations sur la garantie<\/span>\n\t\t\t\t\t<\/span>\n\t\t\t\t\t<\/a>\n\t\t\t\t<\/div>\n\t\t\t\t\t\t\t\t<\/div>\n\t\t\t\t<\/div>\n\t\t\t\t<\/div>\n\t\t<div class=\"elementor-element elementor-element-c68ab05 e-con-full e-flex e-con e-child\" data-id=\"c68ab05\" data-element_type=\"container\">\n\t\t\t\t<div class=\"elementor-element elementor-element-75b5ed0 elementor-widget elementor-widget-image\" data-id=\"75b5ed0\" data-element_type=\"widget\" data-widget_type=\"image.default\">\n\t\t\t\t<div class=\"elementor-widget-container\">\n\t\t\t\t\t\t\t\t\t\t\t\t\t\t\t<img decoding=\"async\" width=\"750\" height=\"798\" src=\"https:\/\/exittechnologies.com\/wp-content\/uploads\/2024\/05\/jjhj.jpg\" class=\"attachment-large size-large wp-image-75900\" alt=\"\" srcset=\"https:\/\/exittechnologies.com\/wp-content\/uploads\/2024\/05\/jjhj.jpg 750w, https:\/\/exittechnologies.com\/wp-content\/uploads\/2024\/05\/jjhj-282x300.jpg 282w\" sizes=\"(max-width: 750px) 100vw, 750px\" \/>\t\t\t\t\t\t\t\t\t\t\t\t\t\t\t<\/div>\n\t\t\t\t<\/div>\n\t\t\t\t<\/div>\n\t\t\t\t\t<\/div>\n\t\t\t\t<\/div>\n\t\t<div class=\"elementor-element elementor-element-b2ce3d7 e-flex e-con-boxed e-con e-parent\" data-id=\"b2ce3d7\" data-element_type=\"container\" data-settings=\"{&quot;background_background&quot;:&quot;classic&quot;}\">\n\t\t\t\t\t<div class=\"e-con-inner\">\n\t\t<div class=\"elementor-element elementor-element-a1ca1de e-con-full e-flex e-con e-child\" data-id=\"a1ca1de\" data-element_type=\"container\">\n\t\t\t\t<div class=\"elementor-element elementor-element-ca9963b elementor-headline--style-highlight elementor-widget elementor-widget-animated-headline\" data-id=\"ca9963b\" data-element_type=\"widget\" data-settings=\"{&quot;headline_style&quot;:&quot;highlight&quot;,&quot;marker&quot;:&quot;circle&quot;,&quot;loop&quot;:&quot;yes&quot;,&quot;highlight_animation_duration&quot;:1200,&quot;highlight_iteration_delay&quot;:8000}\" data-widget_type=\"animated-headline.default\">\n\t\t\t\t<div class=\"elementor-widget-container\">\n\t\t\t\t\t\t\t<h3 class=\"elementor-headline\">\n\t\t\t\t\t<span class=\"elementor-headline-plain-text elementor-headline-text-wrapper\">Performance<\/span>\n\t\t\t\t<span class=\"elementor-headline-dynamic-wrapper elementor-headline-text-wrapper\">\n\t\t\t\t<\/span>\n\t\t\t\t<\/h3>\n\t\t\t\t\t\t<\/div>\n\t\t\t\t<\/div>\n\t\t\t\t<div class=\"elementor-element elementor-element-9f1939e elementor-widget elementor-widget-text-editor\" data-id=\"9f1939e\" data-element_type=\"widget\" data-widget_type=\"text-editor.default\">\n\t\t\t\t<div class=\"elementor-widget-container\">\n\t\t\t\t\t\t\t\t\tLorsque l'on p\u00e8se le pour et le contre de l'achat d'un \u00e9quipement remis \u00e0 neuf, il est important de prendre en compte le mat\u00e9riel dans la perspective d'un march\u00e9 plus large. Il est compr\u00e9hensible que les nouvelles g\u00e9n\u00e9rations de mat\u00e9riel offrent une plus grande puissance de calcul, mais il peut \u00eatre utile de r\u00e9fl\u00e9chir \u00e0 la puissance dont vous avez r\u00e9ellement besoin pour vos charges de travail.\n\t\t\t\t\t\t\t\t<\/div>\n\t\t\t\t<\/div>\n\t\t\t\t<div class=\"elementor-element elementor-element-4d20403 elementor-align-left elementor-tablet-align-left elementor-mobile-align-justify elementor-widget__width-auto elementor-widget elementor-widget-button\" data-id=\"4d20403\" data-element_type=\"widget\" data-widget_type=\"button.default\">\n\t\t\t\t<div class=\"elementor-widget-container\">\n\t\t\t\t\t\t\t\t\t<div class=\"elementor-button-wrapper\">\n\t\t\t\t\t<a class=\"elementor-button elementor-button-link elementor-size-md\" href=\"https:\/\/exittechnologies.com\/fr\/obtenir-un-devis\/\">\n\t\t\t\t\t\t<span class=\"elementor-button-content-wrapper\">\n\t\t\t\t\t\t<span class=\"elementor-button-icon\">\n\t\t\t\t<svg xmlns=\"http:\/\/www.w3.org\/2000\/svg\" height=\"512\" viewbox=\"0 0 32 32\" width=\"512\"><g id=\"Layer_20\" data-name=\"Layer 20\"><path d=\"m23.21 16.71-13 13a1 1 0 0 1 -1.42 0 1 1 0 0 1 0-1.42l12.3-12.29-12.3-12.29a1 1 0 0 1 1.42-1.42l13 13a1 1 0 0 1 0 1.42z\"><\/path><\/g><\/svg>\t\t\t<\/span>\n\t\t\t\t\t\t\t\t\t<span class=\"elementor-button-text\">Obtenir un devis pour acheter du mat\u00e9riel<\/span>\n\t\t\t\t\t<\/span>\n\t\t\t\t\t<\/a>\n\t\t\t\t<\/div>\n\t\t\t\t\t\t\t\t<\/div>\n\t\t\t\t<\/div>\n\t\t\t\t<\/div>\n\t\t<div class=\"elementor-element elementor-element-2a86eff e-con-full e-flex e-con e-child\" data-id=\"2a86eff\" data-element_type=\"container\" data-settings=\"{&quot;background_background&quot;:&quot;classic&quot;}\">\n\t\t\t\t<div class=\"elementor-element elementor-element-7b61c83 elementor-widget elementor-widget-image\" data-id=\"7b61c83\" data-element_type=\"widget\" data-widget_type=\"image.default\">\n\t\t\t\t<div class=\"elementor-widget-container\">\n\t\t\t\t\t\t\t\t\t\t\t\t\t\t\t<img decoding=\"async\" width=\"800\" height=\"591\" src=\"https:\/\/exittechnologies.com\/wp-content\/uploads\/2024\/05\/iStock-1133924836-860x0-c-default-1.jpg\" class=\"attachment-large size-large wp-image-75898\" alt=\"\" srcset=\"https:\/\/exittechnologies.com\/wp-content\/uploads\/2024\/05\/iStock-1133924836-860x0-c-default-1.jpg 860w, https:\/\/exittechnologies.com\/wp-content\/uploads\/2024\/05\/iStock-1133924836-860x0-c-default-1-300x222.jpg 300w, https:\/\/exittechnologies.com\/wp-content\/uploads\/2024\/05\/iStock-1133924836-860x0-c-default-1-768x567.jpg 768w\" sizes=\"(max-width: 800px) 100vw, 800px\" \/>\t\t\t\t\t\t\t\t\t\t\t\t\t\t\t<\/div>\n\t\t\t\t<\/div>\n\t\t\t\t<\/div>\n\t\t\t\t\t<\/div>\n\t\t\t\t<\/div>\n\t\t\t\t<\/div>","protected":false},"excerpt":{"rendered":"<p>Buy Refurbished IT Equipment Get the most value for your money. Please allow our Purchasing Specialists at least one day to do some homework once you have submitted your list of gear. We will be in touch as soon as possible. Feel free to contact us if you have not received a response within 48 [&hellip;]<\/p>\n","protected":false},"author":9,"featured_media":75754,"parent":75907,"menu_order":0,"comment_status":"closed","ping_status":"closed","template":"","meta":{"_acf_changed":false,"episode_type":"","audio_file":"","podmotor_file_id":"","podmotor_episode_id":"","cover_image":"","cover_image_id":"","duration":"","filesize":"","filesize_raw":"","date_recorded":"","explicit":"","block":"","itunes_episode_number":"","itunes_title":"","itunes_season_number":"","itunes_episode_type":"","footnotes":""},"class_list":["post-75892","page","type-page","status-publish","has-post-thumbnail","hentry"],"acf":[],"_links":{"self":[{"href":"https:\/\/exittechnologies.com\/fr\/wp-json\/wp\/v2\/pages\/75892","targetHints":{"allow":["GET"]}}],"collection":[{"href":"https:\/\/exittechnologies.com\/fr\/wp-json\/wp\/v2\/pages"}],"about":[{"href":"https:\/\/exittechnologies.com\/fr\/wp-json\/wp\/v2\/types\/page"}],"author":[{"embeddable":true,"href":"https:\/\/exittechnologies.com\/fr\/wp-json\/wp\/v2\/users\/9"}],"replies":[{"embeddable":true,"href":"https:\/\/exittechnologies.com\/fr\/wp-json\/wp\/v2\/comments?post=75892"}],"version-history":[{"count":0,"href":"https:\/\/exittechnologies.com\/fr\/wp-json\/wp\/v2\/pages\/75892\/revisions"}],"up":[{"embeddable":true,"href":"https:\/\/exittechnologies.com\/fr\/wp-json\/wp\/v2\/pages\/75907"}],"wp:featuredmedia":[{"embeddable":true,"href":"https:\/\/exittechnologies.com\/fr\/wp-json\/wp\/v2\/media\/75754"}],"wp:attachment":[{"href":"https:\/\/exittechnologies.com\/fr\/wp-json\/wp\/v2\/media?parent=75892"}],"curies":[{"name":"wp","href":"https:\/\/api.w.org\/{rel}","templated":true}]}}