{"id":75029,"date":"2024-03-15T18:01:12","date_gmt":"2024-03-15T18:01:12","guid":{"rendered":"https:\/\/exittechnlive.wpenginepowered.com\/?page_id=75029"},"modified":"2025-03-06T18:20:42","modified_gmt":"2025-03-06T18:20:42","slug":"declaration-sur-la-sante-et-la-securite-environnementales","status":"publish","type":"page","link":"https:\/\/exittechnologies.com\/fr\/a-propos-de-nous\/declaration-sur-la-sante-et-la-securite-environnementales\/","title":{"rendered":"Politique de qualit\u00e9, d'environnement, de sant\u00e9 et de s\u00e9curit\u00e9"},"content":{"rendered":"<div data-elementor-type=\"wp-page\" data-elementor-id=\"75029\" class=\"elementor elementor-75029\" data-elementor-post-type=\"page\">\n\t\t\t\t<div class=\"elementor-element elementor-element-66cb004 e-flex e-con-boxed e-con e-parent\" data-id=\"66cb004\" data-element_type=\"container\">\n\t\t\t\t\t<div class=\"e-con-inner\">\n\t\t<div class=\"elementor-element elementor-element-304f703 e-flex e-con-boxed e-con e-child\" data-id=\"304f703\" data-element_type=\"container\">\n\t\t\t\t\t<div class=\"e-con-inner\">\n\t\t\t\t<div class=\"elementor-element elementor-element-d1c6010 elementor-headline--style-highlight elementor-widget elementor-widget-animated-headline\" data-id=\"d1c6010\" data-element_type=\"widget\" data-settings=\"{&quot;highlighted_text&quot;:&quot; &amp; Safety Policy&quot;,&quot;headline_style&quot;:&quot;highlight&quot;,&quot;marker&quot;:&quot;circle&quot;,&quot;loop&quot;:&quot;yes&quot;,&quot;highlight_animation_duration&quot;:1200,&quot;highlight_iteration_delay&quot;:8000}\" data-widget_type=\"animated-headline.default\">\n\t\t\t\t<div class=\"elementor-widget-container\">\n\t\t\t\t\t\t\t<h1 class=\"elementor-headline\">\n\t\t\t\t\t<span class=\"elementor-headline-plain-text elementor-headline-text-wrapper\">Qualit\u00e9, environnement, sant\u00e9<\/span>\n\t\t\t\t<span class=\"elementor-headline-dynamic-wrapper elementor-headline-text-wrapper\">\n\t\t\t\t\t<span class=\"elementor-headline-dynamic-text elementor-headline-text-active\"> Politique de s\u00e9curit\u00e9<\/span>\n\t\t\t\t<\/span>\n\t\t\t\t<\/h1>\n\t\t\t\t\t\t<\/div>\n\t\t\t\t<\/div>\n\t\t\t\t\t<\/div>\n\t\t\t\t<\/div>\n\t\t\t\t\t<\/div>\n\t\t\t\t<\/div>\n\t\t<div class=\"elementor-element elementor-element-4d4c5c2 e-flex e-con-boxed e-con e-parent\" data-id=\"4d4c5c2\" data-element_type=\"container\">\n\t\t\t\t\t<div class=\"e-con-inner\">\n\t\t<div class=\"elementor-element elementor-element-eb12525 e-con-full e-flex e-con e-child\" data-id=\"eb12525\" data-element_type=\"container\">\n\t\t\t\t<div class=\"elementor-element elementor-element-aca5121 elementor-widget elementor-widget-text-editor\" data-id=\"aca5121\" data-element_type=\"widget\" data-widget_type=\"text-editor.default\">\n\t\t\t\t<div class=\"elementor-widget-container\">\n\t\t\t\t\t\t\t\t\t<p>Exit Technologies s'engage \u00e0 respecter les exigences R2v3, ISO 45001:2018, ISO 14001:2015 et ISO 9001:2015 et \u00e0 maintenir la conformit\u00e9 aux exigences de notre syst\u00e8me de gestion QEHS et de son champ d'application. Nous nous engageons \u00e9galement \u00e0 satisfaire et \u00e0 d\u00e9passer les exigences de nos clients, \u00e0 am\u00e9liorer continuellement nos processus et \u00e0 maintenir la conformit\u00e9 avec la l\u00e9gislation et la r\u00e9glementation pertinentes en mati\u00e8re d'environnement, de sant\u00e9 et de s\u00e9curit\u00e9 au travail et de s\u00e9curit\u00e9 des donn\u00e9es. Dans le cadre de ces activit\u00e9s de base, Exit Technologies a pour objectif global d'atteindre ses objectifs commerciaux tout en r\u00e9pondant aux attentes de sa direction, de ses employ\u00e9s, de ses clients, de ses fournisseurs et des autorit\u00e9s de r\u00e9glementation en mati\u00e8re d'environnement, de sant\u00e9 et de s\u00e9curit\u00e9, et en allant m\u00eame au-del\u00e0 de ces attentes.<\/p><p>Nous am\u00e9liorerons continuellement nos syst\u00e8mes tout en nous effor\u00e7ant de minimiser les impacts n\u00e9gatifs sur l'environnement en g\u00e9rant et en suivant la cha\u00eene de recyclage des \u00e9quipements \u00e9lectroniques usag\u00e9s et en fin de vie, des composants et des mat\u00e9riaux, y compris les mat\u00e9riaux prioritaires tels qu'identifi\u00e9s dans la norme R2v3 - en ce qui concerne les activit\u00e9s sur site et la s\u00e9lection des fournisseurs en aval - en utilisant une hi\u00e9rarchie de strat\u00e9gies de gestion responsable \"r\u00e9utiliser, r\u00e9cup\u00e9rer, \u00e9liminer\" d'une mani\u00e8re qui prot\u00e8ge l'environnement, la sant\u00e9 et la s\u00e9curit\u00e9 des travailleurs, de nos clients et de notre communaut\u00e9.<\/p><ul><li><a href=\"https:\/\/exittechnologies.com\/fr\/blog\/conseils-en-informatique\/maximiser-le-rendement-de-votre-kit-de-mise-en-reseau-doccasion-en-suede-pourquoi-exit-technologies-est-le-choix-de-confiance\/\">Exit Technologies s'engage \u00e0 s'am\u00e9liorer continuellement<\/a> et de r\u00e9pondre aux exigences de nos clients.<\/li><li>Exit Technologies s'engage \u00e0 prot\u00e9ger l'environnement, y compris la pr\u00e9vention de la pollution et la protection de la biodiversit\u00e9 et des \u00e9cosyst\u00e8mes par le biais d'un recyclage responsable.<\/li><li>Exit Technologies s'engage \u00e0 offrir des conditions de travail s\u00fbres et saines afin de pr\u00e9venir les blessures et les probl\u00e8mes de sant\u00e9 et de contr\u00f4ler les risques li\u00e9s \u00e0 la sant\u00e9 et \u00e0 la s\u00e9curit\u00e9 au travail en utilisant la hi\u00e9rarchie des contr\u00f4les afin d'\u00e9liminer les dangers et de r\u00e9duire les risques li\u00e9s \u00e0 la QEHS.<\/li><li>Exit Technologies s'engage \u00e0 faire participer les travailleurs et, le cas \u00e9ch\u00e9ant, leurs repr\u00e9sentants, aux processus de prise de d\u00e9cision dans le cadre du syst\u00e8me de gestion de la qualit\u00e9, de la sant\u00e9 et de la s\u00e9curit\u00e9 au travail.<\/li><li>Exit Technologies s'engage \u00e0 respecter les exigences l\u00e9gales et autres applicables en mati\u00e8re d'environnement, de sant\u00e9 et de s\u00e9curit\u00e9 dans le cadre de ses activit\u00e9s et \u00e0 remplir ses obligations en la mati\u00e8re.<\/li><li>Exit Technologies s'engage \u00e0 fournir un cadre pour la d\u00e9finition et la r\u00e9vision des objectifs en mati\u00e8re de qualit\u00e9, d'environnement, de sant\u00e9 et de s\u00e9curit\u00e9.<\/li><li>Exit Technologies s'engage \u00e0 g\u00e9rer les \u00e9quipements \u00e9lectroniques usag\u00e9s et en fin de vie selon une hi\u00e9rarchie de r\u00e9utilisation, de remise \u00e0 neuf, de r\u00e9cup\u00e9ration et d'\u00e9limination comprenant la gestion des mat\u00e9riaux sur site et en aval tout au long de la cha\u00eene de recyclage.<\/li><li>Exit Technologies s'engage \u00e0 g\u00e9rer les mat\u00e9riaux Focus tout au long de la cha\u00eene de recyclage jusqu'\u00e0 leur \u00e9limination finale en faisant preuve de diligence pour prot\u00e9ger les travailleurs, le public et l'environnement.<\/li><li>Exit Technologies s'engage \u00e0 s'am\u00e9liorer continuellement gr\u00e2ce au suivi des objectifs et \u00e0 l'\u00e9valuation rigoureuse de son syst\u00e8me de gestion.<\/li><li>Exit Technologies s'engage \u00e0 communiquer et \u00e0 renforcer cette politique dans l'ensemble de l'entreprise, \u00e0 toutes les personnes travaillant pour ou au nom de l'organisation, ainsi qu'\u00e0 nos clients, \u00e0 nos fournisseurs et aux autres parties int\u00e9ress\u00e9es.<\/li><\/ul>\t\t\t\t\t\t\t\t<\/div>\n\t\t\t\t<\/div>\n\t\t\t\t<\/div>\n\t\t\t\t\t<\/div>\n\t\t\t\t<\/div>\n\t\t\t\t<\/div>","protected":false},"excerpt":{"rendered":"<p>Quality, Environmental, Health &#038; Safety Policy Exit Technologies is committed to following the R2v3, ISO 45001:2018, ISO 14001:2015, and ISO 9001:2015 requirements and to maintaining conformance to the requirements of our QEHS management system and scope. We are equally committed to meeting and exceeding our customer requirements, to continually improving our processes and to maintaining [&hellip;]<\/p>\n","protected":false},"author":9,"featured_media":75080,"parent":25,"menu_order":0,"comment_status":"closed","ping_status":"closed","template":"elementor_header_footer","meta":{"_acf_changed":false,"episode_type":"","audio_file":"","podmotor_file_id":"","podmotor_episode_id":"","cover_image":"","cover_image_id":"","duration":"","filesize":"","filesize_raw":"","date_recorded":"","explicit":"","block":"","itunes_episode_number":"","itunes_title":"","itunes_season_number":"","itunes_episode_type":"","footnotes":""},"class_list":["post-75029","page","type-page","status-publish","has-post-thumbnail","hentry"],"acf":[],"_links":{"self":[{"href":"https:\/\/exittechnologies.com\/fr\/wp-json\/wp\/v2\/pages\/75029","targetHints":{"allow":["GET"]}}],"collection":[{"href":"https:\/\/exittechnologies.com\/fr\/wp-json\/wp\/v2\/pages"}],"about":[{"href":"https:\/\/exittechnologies.com\/fr\/wp-json\/wp\/v2\/types\/page"}],"author":[{"embeddable":true,"href":"https:\/\/exittechnologies.com\/fr\/wp-json\/wp\/v2\/users\/9"}],"replies":[{"embeddable":true,"href":"https:\/\/exittechnologies.com\/fr\/wp-json\/wp\/v2\/comments?post=75029"}],"version-history":[{"count":0,"href":"https:\/\/exittechnologies.com\/fr\/wp-json\/wp\/v2\/pages\/75029\/revisions"}],"up":[{"embeddable":true,"href":"https:\/\/exittechnologies.com\/fr\/wp-json\/wp\/v2\/pages\/25"}],"wp:featuredmedia":[{"embeddable":true,"href":"https:\/\/exittechnologies.com\/fr\/wp-json\/wp\/v2\/media\/75080"}],"wp:attachment":[{"href":"https:\/\/exittechnologies.com\/fr\/wp-json\/wp\/v2\/media?parent=75029"}],"curies":[{"name":"wp","href":"https:\/\/api.w.org\/{rel}","templated":true}]}}