{"id":76810,"date":"2024-06-24T15:41:03","date_gmt":"2024-06-24T15:41:03","guid":{"rendered":"https:\/\/exittechnologies.com\/?page_id=76810"},"modified":"2025-10-15T13:35:17","modified_gmt":"2025-10-15T13:35:17","slug":"prueba-de-forma","status":"publish","type":"page","link":"https:\/\/exittechnologies.com\/es\/prueba-de-forma\/","title":{"rendered":"Prueba de forma"},"content":{"rendered":"<script>\nvar gform;gform||(document.addEventListener(\"gform_main_scripts_loaded\",function(){gform.scriptsLoaded=!0}),document.addEventListener(\"gform\/theme\/scripts_loaded\",function(){gform.themeScriptsLoaded=!0}),window.addEventListener(\"DOMContentLoaded\",function(){gform.domLoaded=!0}),gform={domLoaded:!1,scriptsLoaded:!1,themeScriptsLoaded:!1,isFormEditor:()=>\"function\"==typeof InitializeEditor,callIfLoaded:function(o){return!(!gform.domLoaded||!gform.scriptsLoaded||!gform.themeScriptsLoaded&&!gform.isFormEditor()||(gform.isFormEditor()&&console.warn(\"The use of gform.initializeOnLoaded() is deprecated in the form editor context and will be removed in Gravity Forms 3.1.\"),o(),0))},initializeOnLoaded:function(o){gform.callIfLoaded(o)||(document.addEventListener(\"gform_main_scripts_loaded\",()=>{gform.scriptsLoaded=!0,gform.callIfLoaded(o)}),document.addEventListener(\"gform\/theme\/scripts_loaded\",()=>{gform.themeScriptsLoaded=!0,gform.callIfLoaded(o)}),window.addEventListener(\"DOMContentLoaded\",()=>{gform.domLoaded=!0,gform.callIfLoaded(o)}))},hooks:{action:{},filter:{}},addAction:function(o,r,e,t){gform.addHook(\"action\",o,r,e,t)},addFilter:function(o,r,e,t){gform.addHook(\"filter\",o,r,e,t)},doAction:function(o){gform.doHook(\"action\",o,arguments)},applyFilters:function(o){return gform.doHook(\"filter\",o,arguments)},removeAction:function(o,r){gform.removeHook(\"action\",o,r)},removeFilter:function(o,r,e){gform.removeHook(\"filter\",o,r,e)},addHook:function(o,r,e,t,n){null==gform.hooks[o][r]&&(gform.hooks[o][r]=[]);var d=gform.hooks[o][r];null==n&&(n=r+\"_\"+d.length),gform.hooks[o][r].push({tag:n,callable:e,priority:t=null==t?10:t})},doHook:function(r,o,e){var t;if(e=Array.prototype.slice.call(e,1),null!=gform.hooks[r][o]&&((o=gform.hooks[r][o]).sort(function(o,r){return o.priority-r.priority}),o.forEach(function(o){\"function\"!=typeof(t=o.callable)&&(t=window[t]),\"action\"==r?t.apply(null,e):e[0]=t.apply(null,e)})),\"filter\"==r)return e[0]},removeHook:function(o,r,t,n){var e;null!=gform.hooks[o][r]&&(e=(e=gform.hooks[o][r]).filter(function(o,r,e){return!!(null!=n&&n!=o.tag||null!=t&&t!=o.priority)}),gform.hooks[o][r]=e)}});\n<\/script>\n\n                <div class='gf_browser_gecko gform_wrapper gform_legacy_markup_wrapper gform-theme--no-framework aligncenter_wrapper' data-form-theme='legacy' data-form-index='0' id='gform_wrapper_28' >\n                        <div class='gform_heading'>\n                            <h3 class=\"gform_title\">Footer Form<\/h3>\n                        <\/div><form method='post' enctype='multipart\/form-data'  id='gform_28' class='aligncenter' action='\/es\/wp-json\/wp\/v2\/pages\/76810' data-formid='28' novalidate>\n                        <div class='gform-body gform_body'><ul id='gform_fields_28' class='gform_fields top_label form_sublabel_below description_below validation_below'><li id=\"field_28_26\" class=\"gfield gfield--type-honeypot gform_validation_container field_sublabel_below gfield--has-description field_description_below field_validation_below gfield_visibility_visible\"  ><label class='gfield_label gform-field-label' for='input_28_26'>Name<\/label><div class='ginput_container'><input name='input_26' id='input_28_26' type='text' value='' autocomplete='new-password'\/><\/div><div class='gfield_description' id='gfield_description_28_26'>Este campo es un campo de validaci\u00f3n y debe quedar sin cambios.<\/div><\/li><li id=\"field_28_18\" class=\"gfield gfield--type-html gfield--input-type-html gfield--width-full gfield_html gfield_html_formatted gfield_no_follows_desc field_sublabel_below gfield--no-description field_description_below field_validation_below gfield_visibility_hidden\"  ><style>\n::placeholder { \/* Chrome, Firefox, Opera, Safari 10.1+ *\/\n  font-size: 20px !important;\n  opacity: 1; \/* Firefox *\/\n}\n<\/style>\n<p style=\"color:#ffffff;\">\n\tWe buy IT equipment, send a list to get a cash offer<\/p><\/li><li id=\"field_28_1\" class=\"gfield gfield--type-text gfield--input-type-text gf_left_half gfield_contains_required field_sublabel_below gfield--no-description field_description_below field_validation_below gfield_visibility_visible\"  ><label class='gfield_label gform-field-label' for='input_28_1'>First Name<span class=\"gfield_required\"><span class=\"gfield_required gfield_required_asterisk\">*<\/span><\/span><\/label><div class='ginput_container ginput_container_text'><input name='input_1' id='input_28_1' type='text' value='' class='large'    placeholder='First Name' aria-required=\"true\" aria-invalid=\"false\"   \/><\/div><\/li><li id=\"field_28_2\" class=\"gfield gfield--type-text gfield--input-type-text gf_right_half gfield_contains_required field_sublabel_below gfield--no-description field_description_below field_validation_below gfield_visibility_visible\"  ><label class='gfield_label gform-field-label' for='input_28_2'>Last Name<span class=\"gfield_required\"><span class=\"gfield_required gfield_required_asterisk\">*<\/span><\/span><\/label><div class='ginput_container ginput_container_text'><input name='input_2' id='input_28_2' type='text' value='' class='large'    placeholder='Last Name' aria-required=\"true\" aria-invalid=\"false\"   \/><\/div><\/li><li id=\"field_28_3\" class=\"gfield gfield--type-email gfield--input-type-email gf_left_half gfield_contains_required field_sublabel_below gfield--no-description field_description_below field_validation_below gfield_visibility_visible\"  ><label class='gfield_label gform-field-label' for='input_28_3'>Email<span class=\"gfield_required\"><span class=\"gfield_required gfield_required_asterisk\">*<\/span><\/span><\/label><div class='ginput_container ginput_container_email'>\n                            <input name='input_3' id='input_28_3' type='email' value='' class='large'   placeholder='eMail' aria-required=\"true\" aria-invalid=\"false\"  \/>\n                        <\/div><\/li><li id=\"field_28_14\" class=\"gfield gfield--type-text gfield--input-type-text gf_right_half gfield_contains_required field_sublabel_below gfield--no-description field_description_below field_validation_below gfield_visibility_visible\"  ><label class='gfield_label gform-field-label' for='input_28_14'>Phone Number<span class=\"gfield_required\"><span class=\"gfield_required gfield_required_asterisk\">*<\/span><\/span><\/label><div class='ginput_container ginput_container_text'><input name='input_14' id='input_28_14' type='text' value='' class='large'    placeholder='Mobile' aria-required=\"true\" aria-invalid=\"false\"   \/><\/div><\/li><li id=\"field_28_6\" class=\"gfield gfield--type-text gfield--input-type-text gf_right_half field_sublabel_below gfield--no-description field_description_below field_validation_below gfield_visibility_visible\"  ><label class='gfield_label gform-field-label' for='input_28_6'>Company<\/label><div class='ginput_container ginput_container_text'><input name='input_6' id='input_28_6' type='text' value='' class='large'    placeholder='Company'  aria-invalid=\"false\"   \/><\/div><\/li><li id=\"field_28_25\" class=\"gfield gfield--type-select gfield--input-type-select gfield--width-full gf_right_half field_sublabel_below gfield--no-description field_description_below field_validation_below gfield_visibility_visible\"  ><label class='gfield_label gform-field-label' for='input_28_25'>How Did you Find Us?<\/label><div class='ginput_container ginput_container_select'><select name='input_25' id='input_28_25' class='large gfield_select'     aria-invalid=\"false\" ><option value='' selected='selected' class='gf_placeholder'>How Did You Find Us?<\/option><option value='Google' >Google<\/option><option value='eMail from Bonnie' >eMail from Bonnie<\/option><option value='eMail from Armando' >eMail from Armando<\/option><option value='From a Friend' >From a Friend<\/option><option value='Social Media' >Social Media<\/option><option value='Other' >Other<\/option><\/select><\/div><\/li><li id=\"field_28_17\" class=\"gfield gfield--type-select gfield--input-type-select gf_right_half field_sublabel_below gfield--no-description field_description_below field_validation_below gfield_visibility_hidden\"  ><div class=\"admin-hidden-markup\"><i class=\"gform-icon gform-icon--hidden\" aria-hidden=\"true\" title=\"This field is hidden when viewing the form\"><\/i><span>This field is hidden when viewing the form<\/span><\/div><label class='gfield_label gform-field-label' for='input_28_17'>Approximate Equipment Value<\/label><div class='ginput_container ginput_container_select'><select name='input_17' id='input_28_17' class='medium gfield_select'     aria-invalid=\"false\" ><option value='Approximate Value' selected='selected'>Approximate Value<\/option><option value='$2,500+' >$2,500+<\/option><option value='$25,000+' >$25,000+<\/option><option value='$250,000+' >$250,000+<\/option><\/select><\/div><\/li><li id=\"field_28_15\" class=\"gfield gfield--type-text gfield--input-type-text gf_left_half field_sublabel_below gfield--no-description field_description_below field_validation_below gfield_visibility_hidden\"  ><div class=\"admin-hidden-markup\"><i class=\"gform-icon gform-icon--hidden\" aria-hidden=\"true\" title=\"This field is hidden when viewing the form\"><\/i><span>This field is hidden when viewing the form<\/span><\/div><label class='gfield_label gform-field-label' for='input_28_15'>Source<\/label><div class='ginput_container ginput_container_text'><input name='input_15' id='input_28_15' type='text' value='' class='large'    placeholder='How Did You Find Us?'  aria-invalid=\"false\"   \/><\/div><\/li><li id=\"field_28_7\" class=\"gfield gfield--type-textarea gfield--input-type-textarea field_sublabel_below gfield--no-description field_description_below field_validation_below gfield_visibility_visible\"  ><label class='gfield_label gform-field-label' for='input_28_7'>Project Details<\/label><div class='ginput_container ginput_container_textarea'><textarea name='input_7' id='input_28_7' class='textarea medium'    placeholder='How can we help you?'  aria-invalid=\"false\"   rows='10' cols='50'><\/textarea><\/div><\/li><li id=\"field_28_8\" class=\"gfield gfield--type-fileupload gfield--input-type-fileupload aligncenter field_sublabel_below gfield--no-description field_description_below field_validation_below gfield_visibility_visible\"  ><label class='gfield_label gform-field-label' for='gform_browse_button_28_8'>Upload Files<\/label><div class='ginput_container ginput_container_fileupload'><div id='gform_multifile_upload_28_8' data-settings='{&quot;runtimes&quot;:&quot;html5,flash,html4&quot;,&quot;browse_button&quot;:&quot;gform_browse_button_28_8&quot;,&quot;container&quot;:&quot;gform_multifile_upload_28_8&quot;,&quot;drop_element&quot;:&quot;gform_drag_drop_area_28_8&quot;,&quot;filelist&quot;:&quot;gform_preview_28_8&quot;,&quot;unique_names&quot;:true,&quot;file_data_name&quot;:&quot;file&quot;,&quot;url&quot;:&quot;https:\\\/\\\/exittechnologies.com\\\/?gf_page=1483c425d442a92&quot;,&quot;flash_swf_url&quot;:&quot;https:\\\/\\\/exittechnologies.com\\\/wp-includes\\\/js\\\/plupload\\\/plupload.flash.swf&quot;,&quot;silverlight_xap_url&quot;:&quot;https:\\\/\\\/exittechnologies.com\\\/wp-includes\\\/js\\\/plupload\\\/plupload.silverlight.xap&quot;,&quot;filters&quot;:{&quot;mime_types&quot;:[{&quot;title&quot;:&quot;Archivos permitidos&quot;,&quot;extensions&quot;:&quot;jpg,png,gif,pdf,csv,xls,xlsx,doc,docx,jpeg,zip&quot;}],&quot;max_file_size&quot;:&quot;20971520b&quot;},&quot;multipart&quot;:true,&quot;urlstream_upload&quot;:false,&quot;multipart_params&quot;:{&quot;form_id&quot;:28,&quot;field_id&quot;:8,&quot;_gform_file_upload_nonce_28_8&quot;:&quot;f6b439bc32&quot;},&quot;gf_vars&quot;:{&quot;max_files&quot;:&quot;5&quot;,&quot;message_id&quot;:&quot;gform_multifile_messages_28_8&quot;,&quot;disallowed_extensions&quot;:[&quot;php&quot;,&quot;asp&quot;,&quot;aspx&quot;,&quot;cmd&quot;,&quot;csh&quot;,&quot;bat&quot;,&quot;html&quot;,&quot;htm&quot;,&quot;hta&quot;,&quot;jar&quot;,&quot;exe&quot;,&quot;com&quot;,&quot;js&quot;,&quot;lnk&quot;,&quot;htaccess&quot;,&quot;phar&quot;,&quot;phtml&quot;,&quot;ps1&quot;,&quot;ps2&quot;,&quot;php3&quot;,&quot;php4&quot;,&quot;php5&quot;,&quot;php6&quot;,&quot;py&quot;,&quot;rb&quot;,&quot;tmp&quot;]}}' class='gform_fileupload_multifile'>\n\t\t\t\t\t\t\t\t\t\t<div id='gform_drag_drop_area_28_8' class='gform_drop_area gform-theme-field-control'>\n\t\t\t\t\t\t\t\t\t\t\t<span class='gform_drop_instructions'>Suelta archivos aqu\u00ed o <\/span>\n\t\t\t\t\t\t\t\t\t\t\t<button type='button' id='gform_browse_button_28_8' class='button gform_button_select_files gform-theme-button gform-theme-button--control' aria-describedby=\"gfield_upload_rules_28_8\"  >Selecciona archivos<\/button>\n\t\t\t\t\t\t\t\t\t\t<\/div>\n\t\t\t\t\t\t\t\t\t<\/div><span class='gfield_description gform_fileupload_rules' id='gfield_upload_rules_28_8'>Tipos de archivos aceptados: jpg, png, gif, pdf, csv, xls, xlsx, doc, docx, jpeg, zip, Tama\u00f1o m\u00e1ximo de archivo: 20 MB, N\u00famero m\u00e1ximo de archivos: 5.<\/span><ul class='validation_message--hidden-on-empty gform-ul-reset' id='gform_multifile_messages_28_8'><\/ul> <div id='gform_preview_28_8' class='ginput_preview_list'><\/div><\/div><\/li><li id=\"field_28_19\" class=\"gfield gfield--type-captcha gfield--input-type-captcha gfield--width-full field_sublabel_below gfield--no-description field_description_below field_validation_below gfield_visibility_visible\"  ><label class='gfield_label gform-field-label' for='input_28_19'>CAPTCHA<\/label><div id='input_28_19' class='ginput_container ginput_recaptcha' data-sitekey='6LecCbsqAAAAAEVfJ4qX-e1OaQPfF2ucAhJgXfuC'  data-theme='light' data-tabindex='0'  data-badge=''><\/div><\/li><li id=\"field_28_10\" class=\"gfield gfield--type-hidden gfield--input-type-hidden gfield--width-full gform_hidden field_sublabel_below gfield--no-description field_description_below field_validation_below gfield_visibility_visible\"  ><div class='ginput_container ginput_container_text'><input name='input_10' id='input_28_10' type='hidden' class='gform_hidden'  aria-invalid=\"false\" value='[channel]' \/><\/div><\/li><li id=\"field_28_11\" class=\"gfield gfield--type-hidden gfield--input-type-hidden gfield--width-full gform_hidden field_sublabel_below gfield--no-description field_description_below field_validation_below gfield_visibility_visible\"  ><div class='ginput_container ginput_container_text'><input name='input_11' id='input_28_11' type='hidden' class='gform_hidden'  aria-invalid=\"false\" value='[channeldrilldown1]' \/><\/div><\/li><li id=\"field_28_20\" class=\"gfield gfield--type-hidden gfield--input-type-hidden gfield--width-full gform_hidden field_sublabel_below gfield--no-description field_description_below field_validation_below gfield_visibility_visible\"  ><div class='ginput_container ginput_container_text'><input name='input_20' id='input_28_20' type='hidden' class='gform_hidden'  aria-invalid=\"false\" value='[channeldrilldown2]' \/><\/div><\/li><li id=\"field_28_21\" class=\"gfield gfield--type-hidden gfield--input-type-hidden gfield--width-full gform_hidden field_sublabel_below gfield--no-description field_description_below field_validation_below gfield_visibility_visible\"  ><div class='ginput_container ginput_container_text'><input name='input_21' id='input_28_21' type='hidden' class='gform_hidden'  aria-invalid=\"false\" value='[channeldrilldown3]' \/><\/div><\/li><li id=\"field_28_22\" class=\"gfield gfield--type-hidden gfield--input-type-hidden gfield--width-full gform_hidden field_sublabel_below gfield--no-description field_description_below field_validation_below gfield_visibility_visible\"  ><div class='ginput_container ginput_container_text'><input name='input_22' id='input_28_22' type='hidden' class='gform_hidden'  aria-invalid=\"false\" value='[landingpage]' \/><\/div><\/li><li id=\"field_28_23\" class=\"gfield gfield--type-hidden gfield--input-type-hidden gfield--width-full gform_hidden field_sublabel_below gfield--no-description field_description_below field_validation_below gfield_visibility_visible\"  ><div class='ginput_container ginput_container_text'><input name='input_23' id='input_28_23' type='hidden' class='gform_hidden'  aria-invalid=\"false\" value='[landingpagegroup]' \/><\/div><\/li><li id=\"field_28_24\" class=\"gfield gfield--type-hidden gfield--input-type-hidden gfield--width-full gform_hidden field_sublabel_below gfield--no-description field_description_below field_validation_below gfield_visibility_visible\"  ><div class='ginput_container ginput_container_text'><input name='input_24' id='input_28_24' type='hidden' class='gform_hidden'  aria-invalid=\"false\" value='[gclid]' \/><\/div><\/li><\/ul><\/div>\n        <div class='gform-footer gform_footer top_label'> <input type='submit' id='gform_submit_button_28' class='gform_button button' onclick='gform.submission.handleButtonClick(this);' data-submission-type='submit' value='Get My Quote'  \/> \n            <input type='hidden' class='gform_hidden' name='gform_submission_method' data-js='gform_submission_method_28' value='postback' \/>\n            <input type='hidden' class='gform_hidden' name='gform_theme' data-js='gform_theme_28' id='gform_theme_28' value='legacy' \/>\n            <input type='hidden' class='gform_hidden' name='gform_style_settings' data-js='gform_style_settings_28' id='gform_style_settings_28' value='{&quot;inputPrimaryColor&quot;:&quot;#204ce5&quot;}' \/>\n            <input type='hidden' class='gform_hidden' name='is_submit_28' value='1' \/>\n            <input type='hidden' class='gform_hidden' name='gform_submit' value='28' \/>\n            \n            <input type='hidden' class='gform_hidden' name='gform_unique_id' value='' \/>\n            <input type='hidden' class='gform_hidden' name='state_28' value='WyJ7XCIyNVwiOltcImI4YjBjMDE3MDc0ZDY4NzFiMmM3YWM3ZWMzZjU4NTdhXCIsXCIyZDYxOWEzODY5NTkxMzMzZDA2ZDU3MDViZGRmODFlZFwiLFwiMDM0NDAwMmNkZWZkYjgzODJjOGU3Mzg5MDMyNjQ4NTNcIixcImYxZDNlNjcxOWZmOWQxNzVmNDZjYmQwNTdkNmU3NTkxXCIsXCI3NmMwNjI3MDQzZjkxNGVjOTAyZTFhMzM4YzBhMWQ3ZFwiLFwiMWVkMjBkYWUxYjgyYTMyYWQxYWYzZDUwY2JjMDVhYzhcIl19IiwiYjgyNDhkMjRmN2M4ZDgyMTdiODc4MmNkMzQwY2YzNjUiXQ==' \/>\n            <input type='hidden' autocomplete='off' class='gform_hidden' name='gform_target_page_number_28' id='gform_target_page_number_28' value='0' \/>\n            <input type='hidden' autocomplete='off' class='gform_hidden' name='gform_source_page_number_28' id='gform_source_page_number_28' value='1' \/>\n            <input type='hidden' name='gform_field_values' value='' \/>\n            <input type='hidden' name='gform_uploaded_files' id='gform_uploaded_files_28' value='' \/>\n        <\/div>\n                        <\/form>\n                        <\/div><script>\ngform.initializeOnLoaded( function() {gformInitSpinner( 28, 'https:\/\/exittechnologies.com\/wp-content\/plugins\/gravityforms\/images\/spinner.svg', true );jQuery('#gform_ajax_frame_28').on('load',function(){var contents = jQuery(this).contents().find('*').html();var is_postback = contents.indexOf('GF_AJAX_POSTBACK') >= 0;if(!is_postback){return;}var form_content = jQuery(this).contents().find('#gform_wrapper_28');var is_confirmation = jQuery(this).contents().find('#gform_confirmation_wrapper_28').length > 0;var is_redirect = contents.indexOf('gformRedirect(){') >= 0;var is_form = form_content.length > 0 && ! is_redirect && ! is_confirmation;var mt = parseInt(jQuery('html').css('margin-top'), 10) + parseInt(jQuery('body').css('margin-top'), 10) + 100;if(is_form){jQuery('#gform_wrapper_28').html(form_content.html());if(form_content.hasClass('gform_validation_error')){jQuery('#gform_wrapper_28').addClass('gform_validation_error');} else {jQuery('#gform_wrapper_28').removeClass('gform_validation_error');}setTimeout( function() { \/* delay the scroll by 50 milliseconds to fix a bug in chrome *\/  }, 50 );if(window['gformInitDatepicker']) {gformInitDatepicker();}if(window['gformInitPriceFields']) {gformInitPriceFields();}var current_page = jQuery('#gform_source_page_number_28').val();gformInitSpinner( 28, 'https:\/\/exittechnologies.com\/wp-content\/plugins\/gravityforms\/images\/spinner.svg', true );jQuery(document).trigger('gform_page_loaded', [28, current_page]);window['gf_submitting_28'] = false;}else if(!is_redirect){var confirmation_content = jQuery(this).contents().find('.GF_AJAX_POSTBACK').html();if(!confirmation_content){confirmation_content = contents;}jQuery('#gform_wrapper_28').replaceWith(confirmation_content);jQuery(document).trigger('gform_confirmation_loaded', [28]);window['gf_submitting_28'] = false;wp.a11y.speak(jQuery('#gform_confirmation_message_28').text());}else{jQuery('#gform_28').append(contents);if(window['gformRedirect']) {gformRedirect();}}jQuery(document).trigger(\"gform_pre_post_render\", [{ formId: \"28\", currentPage: \"current_page\", abort: function() { this.preventDefault(); } }]);        if (event && event.defaultPrevented) {                return;        }        const gformWrapperDiv = document.getElementById( \"gform_wrapper_28\" );        if ( gformWrapperDiv ) {            const visibilitySpan = document.createElement( \"span\" );            visibilitySpan.id = \"gform_visibility_test_28\";            gformWrapperDiv.insertAdjacentElement( \"afterend\", visibilitySpan );        }        const visibilityTestDiv = document.getElementById( \"gform_visibility_test_28\" );        let postRenderFired = false;        function triggerPostRender() {            if ( postRenderFired ) {                return;            }            postRenderFired = true;            gform.core.triggerPostRenderEvents( 28, current_page );            if ( visibilityTestDiv ) {                visibilityTestDiv.parentNode.removeChild( visibilityTestDiv );            }        }        function debounce( func, wait, immediate ) {            var timeout;            return function() {                var context = this, args = arguments;                var later = function() {                    timeout = null;                    if ( !immediate ) func.apply( context, args );                };                var callNow = immediate && !timeout;                clearTimeout( timeout );                timeout = setTimeout( later, wait );                if ( callNow ) func.apply( context, args );            };        }        const debouncedTriggerPostRender = debounce( function() {            triggerPostRender();        }, 200 );        if ( visibilityTestDiv && visibilityTestDiv.offsetParent === null ) {            const observer = new MutationObserver( ( mutations ) => {                mutations.forEach( ( mutation ) => {                    if ( mutation.type === 'attributes' && visibilityTestDiv.offsetParent !== null ) {                        debouncedTriggerPostRender();                        observer.disconnect();                    }                });            });            observer.observe( document.body, {                attributes: true,                childList: false,                subtree: true,                attributeFilter: [ 'style', 'class' ],            });        } else {            triggerPostRender();        }    } );} );\n<\/script>\n","protected":false},"excerpt":{"rendered":"","protected":false},"author":9,"featured_media":0,"parent":0,"menu_order":0,"comment_status":"closed","ping_status":"closed","template":"","meta":{"_acf_changed":false,"episode_type":"","audio_file":"","podmotor_file_id":"","podmotor_episode_id":"","cover_image":"","cover_image_id":"","duration":"","filesize":"","filesize_raw":"","date_recorded":"","explicit":"","block":"","itunes_episode_number":"","itunes_title":"","itunes_season_number":"","itunes_episode_type":"","footnotes":""},"class_list":["post-76810","page","type-page","status-publish","hentry"],"acf":[],"_links":{"self":[{"href":"https:\/\/exittechnologies.com\/es\/wp-json\/wp\/v2\/pages\/76810","targetHints":{"allow":["GET"]}}],"collection":[{"href":"https:\/\/exittechnologies.com\/es\/wp-json\/wp\/v2\/pages"}],"about":[{"href":"https:\/\/exittechnologies.com\/es\/wp-json\/wp\/v2\/types\/page"}],"author":[{"embeddable":true,"href":"https:\/\/exittechnologies.com\/es\/wp-json\/wp\/v2\/users\/9"}],"replies":[{"embeddable":true,"href":"https:\/\/exittechnologies.com\/es\/wp-json\/wp\/v2\/comments?post=76810"}],"version-history":[{"count":0,"href":"https:\/\/exittechnologies.com\/es\/wp-json\/wp\/v2\/pages\/76810\/revisions"}],"wp:attachment":[{"href":"https:\/\/exittechnologies.com\/es\/wp-json\/wp\/v2\/media?parent=76810"}],"curies":[{"name":"wp","href":"https:\/\/api.w.org\/{rel}","templated":true}]}}