{"id":76243,"date":"2024-05-14T14:46:43","date_gmt":"2024-05-14T14:46:43","guid":{"rendered":"https:\/\/exittechnlive.wpenginepowered.com\/?page_id=76243"},"modified":"2024-05-22T17:35:13","modified_gmt":"2024-05-22T17:35:13","slug":"politica-de-privacidad","status":"publish","type":"page","link":"https:\/\/exittechnologies.com\/es\/politica-de-privacidad\/","title":{"rendered":"Pol\u00edtica de privacidad"},"content":{"rendered":"<div data-elementor-type=\"wp-page\" data-elementor-id=\"76243\" class=\"elementor elementor-76243\" data-elementor-post-type=\"page\">\n\t\t\t\t<div class=\"elementor-element elementor-element-374b44b e-flex e-con-boxed e-con e-parent\" data-id=\"374b44b\" data-element_type=\"container\">\n\t\t\t\t\t<div class=\"e-con-inner\">\n\t\t<div class=\"elementor-element elementor-element-e9336cd e-flex e-con-boxed e-con e-child\" data-id=\"e9336cd\" data-element_type=\"container\">\n\t\t\t\t\t<div class=\"e-con-inner\">\n\t\t\t\t<div class=\"elementor-element elementor-element-ed5ffa6 elementor-headline--style-highlight elementor-widget elementor-widget-animated-headline\" data-id=\"ed5ffa6\" data-element_type=\"widget\" data-settings=\"{&quot;headline_style&quot;:&quot;highlight&quot;,&quot;marker&quot;:&quot;circle&quot;,&quot;loop&quot;:&quot;yes&quot;,&quot;highlight_animation_duration&quot;:1200,&quot;highlight_iteration_delay&quot;:8000}\" data-widget_type=\"animated-headline.default\">\n\t\t\t\t<div class=\"elementor-widget-container\">\n\t\t\t\t\t\t\t<h1 class=\"elementor-headline\">\n\t\t\t\t\t<span class=\"elementor-headline-plain-text elementor-headline-text-wrapper\">Pol\u00edtica de privacidad<\/span>\n\t\t\t\t<span class=\"elementor-headline-dynamic-wrapper elementor-headline-text-wrapper\">\n\t\t\t\t<\/span>\n\t\t\t\t<\/h1>\n\t\t\t\t\t\t<\/div>\n\t\t\t\t<\/div>\n\t\t\t\t\t<\/div>\n\t\t\t\t<\/div>\n\t\t\t\t\t<\/div>\n\t\t\t\t<\/div>\n\t\t<div class=\"elementor-element elementor-element-5e0cff4 e-flex e-con-boxed e-con e-parent\" data-id=\"5e0cff4\" data-element_type=\"container\">\n\t\t\t\t\t<div class=\"e-con-inner\">\n\t\t\t\t<div class=\"elementor-element elementor-element-e799bb4 elementor-widget elementor-widget-text-editor\" data-id=\"e799bb4\" data-element_type=\"widget\" data-widget_type=\"text-editor.default\">\n\t\t\t\t<div class=\"elementor-widget-container\">\n\t\t\t\t\t\t\t\t\t<h2>Informaci\u00f3n personal<\/h2><p>Cuando usted interact\u00faa con nosotros, recibimos y almacenamos autom\u00e1ticamente ciertos tipos de informaci\u00f3n, como el contenido que usted ve, la fecha y hora en que usted ve este contenido, los productos que usted compra, o su informaci\u00f3n de localizaci\u00f3n asociada a su direcci\u00f3n IP. Utilizamos la informaci\u00f3n que recopilamos para ofrecerle anuncios m\u00e1s relevantes (lo que se conoce como \"Retargeting\"). Se trata de informaci\u00f3n estad\u00edstica utilizada para controlar el uso de nuestro sitio web y con fines publicitarios. Esta informaci\u00f3n no incluye datos personales.<\/p><h2>Cookies<\/h2><p>Mientras navegas <a href=\"https:\/\/exittechnologies.com\/es\/\"><span style=\"color: #81ba54;\">www.exittechnologies.com,<\/span> <\/a>se colocar\u00e1n cookies publicitarias en su ordenador para que podamos entender lo que le interesa. Nuestro socio de publicidad gr\u00e1fica,<a href=\"https:\/\/app.adroll.com\/profile\/signin?\" target=\"_blank\" rel=\"noopener\"><span style=\"color: #81ba54;\"> AdRoll,<\/span><\/a> nos permite presentarle publicidad de reorientaci\u00f3n en otros sitios basada en su interacci\u00f3n anterior con <a href=\"https:\/\/exittechnologies.com\/es\/\"><span style=\"color: #81ba54;\">www.exittechnologies.com.<\/span><\/a> Las t\u00e9cnicas que emplean nuestros socios no recogen informaci\u00f3n personal como su nombre, direcci\u00f3n de correo electr\u00f3nico, direcci\u00f3n postal, informaci\u00f3n financiera o n\u00famero de tel\u00e9fono. Usted puede <a href=\"https:\/\/www.adroll.com\/about\" target=\"_blank\" rel=\"noopener\"><span style=\"color: #81ba54;\">visite esta p\u00e1gina<\/span> <\/a>para excluirse de la publicidad dirigida de AdRoll y sus socios. Nunca vendemos ni distribuimos sus datos a terceros aparte de lo indicado anteriormente. Nos tomamos muy en serio su informaci\u00f3n y la seguridad de sus datos. S\u00f3lo conservamos sus datos durante un m\u00e1ximo de 90 d\u00edas con fines de remarketing.<\/p><p><a href=\"https:\/\/marketingplatform.google.com\/about\/analytics\/terms\/us\/\" target=\"_blank\" rel=\"noopener\"><span style=\"color: #81ba54;\">Google Analytics<\/span><\/a> El acuerdo de t\u00e9rminos de servicio revela su uso de cookies y su uso en Google Analytics y c\u00f3mo recopila y procesa los datos.<\/p><h2>Seguridad<\/h2><p>Al realizar un pedido con tarjeta de cr\u00e9dito directamente en nuestro sitio, implementamos un servidor de procesamiento seguro en nuestro sitio al recopilar informaci\u00f3n para garantizar un alto nivel de seguridad para su informaci\u00f3n personal. Los datos se encriptan mediante certificaci\u00f3n SSL cuando se transmiten desde nuestros servidores a su navegador. Adem\u00e1s, la conexi\u00f3n entre nosotros y el servidor est\u00e1 protegida mediante una clave de encriptaci\u00f3n de 256 bits.<\/p><h2>Akismet<\/h2><p>Recopilamos informaci\u00f3n sobre los visitantes que comentan en nuestro sitio con nuestro servicio anti-spam Akismet. La informaci\u00f3n que recopilamos normalmente incluye la direcci\u00f3n IP del comentarista, el agente de usuario, la referencia y la URL del sitio. S\u00f3lo utilizamos este servicio para evitar el spam en los comentarios.<\/p><h2>Gesti\u00f3n de las relaciones con los clientes<\/h2><p>Recopilamos datos de nuestros formularios que se rellenan y recopilamos informaci\u00f3n general de identificaci\u00f3n de llamadas telef\u00f3nicas. Almacenamos esta informaci\u00f3n en un sistema CRM como una base de datos de nuestros clientes potenciales dentro de Streak, Higher Level, y podemos enviarle un correo electr\u00f3nico para hacer un seguimiento en un momento posterior con promociones, contenido del blog, o acerca de hacer m\u00e1s negocios juntos.<\/p><p>P\u00f3ngase en contacto con<br \/>Si tiene alguna pregunta sobre nuestro proceso, p\u00f3ngase en contacto con nosotros en <a href=\"tel:2395962254\">239-596-2254<\/a> o por correo electr\u00f3nico: <a href=\"mailto:Kyle@exittechnologies.com\"><span style=\"color: #81ba54;\">Kyle@exittechnologies.com<\/span><\/a><\/p>\t\t\t\t\t\t\t\t<\/div>\n\t\t\t\t<\/div>\n\t\t\t\t\t<\/div>\n\t\t\t\t<\/div>\n\t\t\t\t<\/div>","protected":false},"excerpt":{"rendered":"<p>Privacy Policy Personal Information When you interact with us, we automatically receive and store certain types of information, such as the content you view, the date and time that you view this content, the products you purchase, or your location information associated with your IP address. We use the information we collect to serve you [&hellip;]<\/p>\n","protected":false},"author":9,"featured_media":75754,"parent":0,"menu_order":0,"comment_status":"closed","ping_status":"closed","template":"","meta":{"_acf_changed":false,"episode_type":"","audio_file":"","podmotor_file_id":"","podmotor_episode_id":"","cover_image":"","cover_image_id":"","duration":"","filesize":"","filesize_raw":"","date_recorded":"","explicit":"","block":"","itunes_episode_number":"","itunes_title":"","itunes_season_number":"","itunes_episode_type":"","footnotes":""},"class_list":["post-76243","page","type-page","status-publish","has-post-thumbnail","hentry"],"acf":[],"_links":{"self":[{"href":"https:\/\/exittechnologies.com\/es\/wp-json\/wp\/v2\/pages\/76243","targetHints":{"allow":["GET"]}}],"collection":[{"href":"https:\/\/exittechnologies.com\/es\/wp-json\/wp\/v2\/pages"}],"about":[{"href":"https:\/\/exittechnologies.com\/es\/wp-json\/wp\/v2\/types\/page"}],"author":[{"embeddable":true,"href":"https:\/\/exittechnologies.com\/es\/wp-json\/wp\/v2\/users\/9"}],"replies":[{"embeddable":true,"href":"https:\/\/exittechnologies.com\/es\/wp-json\/wp\/v2\/comments?post=76243"}],"version-history":[{"count":0,"href":"https:\/\/exittechnologies.com\/es\/wp-json\/wp\/v2\/pages\/76243\/revisions"}],"wp:featuredmedia":[{"embeddable":true,"href":"https:\/\/exittechnologies.com\/es\/wp-json\/wp\/v2\/media\/75754"}],"wp:attachment":[{"href":"https:\/\/exittechnologies.com\/es\/wp-json\/wp\/v2\/media?parent=76243"}],"curies":[{"name":"wp","href":"https:\/\/api.w.org\/{rel}","templated":true}]}}