{"id":75873,"date":"2024-05-10T13:34:56","date_gmt":"2024-05-10T13:34:56","guid":{"rendered":"https:\/\/exittechnlive.wpenginepowered.com\/?page_id=75873"},"modified":"2025-03-06T14:20:43","modified_gmt":"2025-03-06T14:20:43","slug":"servidores-perifericos","status":"publish","type":"page","link":"https:\/\/exittechnologies.com\/es\/servicios-de-centro-de-datos\/servidores-perifericos\/","title":{"rendered":"Desmantelamiento del servidor Edge"},"content":{"rendered":"<div data-elementor-type=\"wp-page\" data-elementor-id=\"75873\" class=\"elementor elementor-75873\" data-elementor-post-type=\"page\">\n\t\t\t\t<div class=\"elementor-element elementor-element-87cca8c e-flex e-con-boxed e-con e-parent\" data-id=\"87cca8c\" data-element_type=\"container\">\n\t\t\t\t\t<div class=\"e-con-inner\">\n\t\t<div class=\"elementor-element elementor-element-8128595 e-flex e-con-boxed e-con e-child\" data-id=\"8128595\" data-element_type=\"container\">\n\t\t\t\t\t<div class=\"e-con-inner\">\n\t\t\t\t<div class=\"elementor-element elementor-element-05814c8 elementor-headline--style-highlight elementor-widget elementor-widget-animated-headline\" data-id=\"05814c8\" data-element_type=\"widget\" data-settings=\"{&quot;highlighted_text&quot;:&quot;Decommissioning&quot;,&quot;headline_style&quot;:&quot;highlight&quot;,&quot;marker&quot;:&quot;circle&quot;,&quot;loop&quot;:&quot;yes&quot;,&quot;highlight_animation_duration&quot;:1200,&quot;highlight_iteration_delay&quot;:8000}\" data-widget_type=\"animated-headline.default\">\n\t\t\t\t<div class=\"elementor-widget-container\">\n\t\t\t\t\t\t\t<h1 class=\"elementor-headline\">\n\t\t\t\t\t<span class=\"elementor-headline-plain-text elementor-headline-text-wrapper\">Servidor Edge <\/span>\n\t\t\t\t<span class=\"elementor-headline-dynamic-wrapper elementor-headline-text-wrapper\">\n\t\t\t\t\t<span class=\"elementor-headline-dynamic-text elementor-headline-text-active\">Desmantelamiento<\/span>\n\t\t\t\t<\/span>\n\t\t\t\t<\/h1>\n\t\t\t\t\t\t<\/div>\n\t\t\t\t<\/div>\n\t\t\t\t\t<\/div>\n\t\t\t\t<\/div>\n\t\t\t\t\t<\/div>\n\t\t\t\t<\/div>\n\t\t<div class=\"elementor-element elementor-element-140c7dd e-flex e-con-boxed e-con e-parent\" data-id=\"140c7dd\" data-element_type=\"container\" data-settings=\"{&quot;background_background&quot;:&quot;classic&quot;}\">\n\t\t\t\t\t<div class=\"e-con-inner\">\n\t\t<div class=\"elementor-element elementor-element-72b0e98 e-con-full e-flex e-con e-child\" data-id=\"72b0e98\" data-element_type=\"container\">\n\t\t\t\t<div class=\"elementor-element elementor-element-051faac elementor-headline--style-highlight elementor-widget elementor-widget-animated-headline\" data-id=\"051faac\" data-element_type=\"widget\" data-settings=\"{&quot;highlighted_text&quot;:&quot;Disposing Of It Becomes Challenging&quot;,&quot;headline_style&quot;:&quot;highlight&quot;,&quot;marker&quot;:&quot;circle&quot;,&quot;loop&quot;:&quot;yes&quot;,&quot;highlight_animation_duration&quot;:1200,&quot;highlight_iteration_delay&quot;:8000}\" data-widget_type=\"animated-headline.default\">\n\t\t\t\t<div class=\"elementor-widget-container\">\n\t\t\t\t\t\t\t<h2 class=\"elementor-headline\">\n\t\t\t\t\t<span class=\"elementor-headline-plain-text elementor-headline-text-wrapper\">Cuando el hardware est\u00e1 distribuido en muchas ubicaciones, <\/span>\n\t\t\t\t<span class=\"elementor-headline-dynamic-wrapper elementor-headline-text-wrapper\">\n\t\t\t\t\t<span class=\"elementor-headline-dynamic-text elementor-headline-text-active\">Deshacerse de ella se convierte en un reto<\/span>\n\t\t\t\t<\/span>\n\t\t\t\t<\/h2>\n\t\t\t\t\t\t<\/div>\n\t\t\t\t<\/div>\n\t\t\t\t<div class=\"elementor-element elementor-element-60692a2 elementor-widget__width-initial elementor-widget-tablet__width-inherit elementor-widget elementor-widget-text-editor\" data-id=\"60692a2\" data-element_type=\"widget\" data-widget_type=\"text-editor.default\">\n\t\t\t\t<div class=\"elementor-widget-container\">\n\t\t\t\t\t\t\t\t\tSabemos que no quiere hacer volar a su personal inform\u00e1tico por todo el pa\u00eds s\u00f3lo para deshacerse de servidores. Hemos desarrollado soluciones log\u00edsticas flexibles. El desmantelamiento de servidores Edge no tiene por qu\u00e9 ser una molestia.\n\n\t\t\t\t\t\t\t\t<\/div>\n\t\t\t\t<\/div>\n\t\t\t\t<\/div>\n\t\t<div class=\"elementor-element elementor-element-22eb9a8 e-con-full e-flex e-con e-child\" data-id=\"22eb9a8\" data-element_type=\"container\">\n\t\t\t\t<div class=\"elementor-element elementor-element-0cd5629 elementor-widget elementor-widget-image\" data-id=\"0cd5629\" data-element_type=\"widget\" data-widget_type=\"image.default\">\n\t\t\t\t<div class=\"elementor-widget-container\">\n\t\t\t\t\t\t\t\t\t\t\t\t\t\t\t<img decoding=\"async\" width=\"800\" height=\"714\" src=\"https:\/\/exittechnologies.com\/wp-content\/uploads\/2024\/05\/12704361_5035199-1-e1715609643191-1024x914.jpg\" class=\"attachment-large size-large wp-image-76213\" alt=\"\" srcset=\"https:\/\/exittechnologies.com\/wp-content\/uploads\/2024\/05\/12704361_5035199-1-e1715609643191-1024x914.jpg 1024w, https:\/\/exittechnologies.com\/wp-content\/uploads\/2024\/05\/12704361_5035199-1-e1715609643191-300x268.jpg 300w, https:\/\/exittechnologies.com\/wp-content\/uploads\/2024\/05\/12704361_5035199-1-e1715609643191-768x685.jpg 768w, https:\/\/exittechnologies.com\/wp-content\/uploads\/2024\/05\/12704361_5035199-1-e1715609643191-1536x1370.jpg 1536w, https:\/\/exittechnologies.com\/wp-content\/uploads\/2024\/05\/12704361_5035199-1-e1715609643191-13x12.jpg 13w, https:\/\/exittechnologies.com\/wp-content\/uploads\/2024\/05\/12704361_5035199-1-e1715609643191.jpg 1763w\" sizes=\"(max-width: 800px) 100vw, 800px\" \/>\t\t\t\t\t\t\t\t\t\t\t\t\t\t\t<\/div>\n\t\t\t\t<\/div>\n\t\t\t\t<\/div>\n\t\t\t\t\t<\/div>\n\t\t\t\t<\/div>\n\t\t<div class=\"elementor-element elementor-element-32be502 e-flex e-con-boxed e-con e-parent\" data-id=\"32be502\" data-element_type=\"container\" data-settings=\"{&quot;background_background&quot;:&quot;classic&quot;}\">\n\t\t\t\t\t<div class=\"e-con-inner\">\n\t\t<div class=\"elementor-element elementor-element-a3796c5 e-con-full e-flex e-con e-child\" data-id=\"a3796c5\" data-element_type=\"container\">\n\t\t\t\t<div class=\"elementor-element elementor-element-aab0327 elementor-headline--style-highlight elementor-widget elementor-widget-animated-headline\" data-id=\"aab0327\" data-element_type=\"widget\" data-settings=\"{&quot;highlighted_text&quot;:&quot;Process&quot;,&quot;headline_style&quot;:&quot;highlight&quot;,&quot;marker&quot;:&quot;circle&quot;,&quot;loop&quot;:&quot;yes&quot;,&quot;highlight_animation_duration&quot;:1200,&quot;highlight_iteration_delay&quot;:8000}\" data-widget_type=\"animated-headline.default\">\n\t\t\t\t<div class=\"elementor-widget-container\">\n\t\t\t\t\t\t\t<h2 class=\"elementor-headline\">\n\t\t\t\t\t<span class=\"elementor-headline-plain-text elementor-headline-text-wrapper\">Nuestra<\/span>\n\t\t\t\t<span class=\"elementor-headline-dynamic-wrapper elementor-headline-text-wrapper\">\n\t\t\t\t\t<span class=\"elementor-headline-dynamic-text elementor-headline-text-active\">Proceso<\/span>\n\t\t\t\t<\/span>\n\t\t\t\t<\/h2>\n\t\t\t\t\t\t<\/div>\n\t\t\t\t<\/div>\n\t\t\t\t<\/div>\n\t\t<div class=\"elementor-element elementor-element-18384e2 e-con-full e-flex e-con e-child\" data-id=\"18384e2\" data-element_type=\"container\">\n\t\t\t\t<div class=\"elementor-element elementor-element-3b833b1 elementor-widget elementor-widget-ucaddon_unlimited_timeline\" data-id=\"3b833b1\" data-element_type=\"widget\" data-widget_type=\"ucaddon_unlimited_timeline.default\">\n\t\t\t\t<div class=\"elementor-widget-container\">\n\t\t\t\t\t\n<!-- start Unlimited Timeline -->\n\t\t<link id='font-awesome-css' href='https:\/\/exittechnologies.com\/wp-content\/plugins\/unlimited-elements-for-elementor-premium\/assets_libraries\/font-awesome6\/fontawesome-all.min.css' type='text\/css' rel='stylesheet' >\n\t\t<link id='font-awesome-4-shim-css' href='https:\/\/exittechnologies.com\/wp-content\/plugins\/unlimited-elements-for-elementor-premium\/assets_libraries\/font-awesome6\/fontawesome-v4-shims.min.css' type='text\/css' rel='stylesheet' >\n\n<style>\/* widget: Unlimited Timeline *\/\n\n\r\n@keyframes uc_unlimited_timeline_elementor_3b833b1__item-animation {\r\n  0% {\r\n            \r\n        \t        \tfilter: blur(10px);\r\n\t\t\t\r\n    \t    opacity: 0;\r\n  }\r\n  100% {\r\n            \r\n        \t            filter: blur(0px);\r\n            \r\n    \t\topacity: 1;\r\n  }\r\n}\r\n\r\n\r\n#uc_unlimited_timeline_elementor_3b833b1 .ue_timeline_item{\r\n\topacity:0;\r\n}\r\n\r\n\r\n#uc_unlimited_timeline_elementor_3b833b1 .uc-entrance-animate {\r\n  opacity:1;\r\n}\r\n\r\n#uc_unlimited_timeline_elementor_3b833b1 .uc-entrance-animate {\r\n\tanimation: uc_unlimited_timeline_elementor_3b833b1__item-animation 0.6s cubic-bezier(0.470, 0.000, 0.745, 0.715) both;\r\n}\r\n\r\n\t\t\t\n\n#uc_unlimited_timeline_elementor_3b833b1{\n  direction:ltr;\n}\n\n#uc_unlimited_timeline_elementor_3b833b1 *{\n  box-sizing:border-box;\n}\n\n#uc_unlimited_timeline_elementor_3b833b1 .ue_timeline_item{\n  display:flex;\n  flex-direction:row-reverse;\n}\n\n#uc_unlimited_timeline_elementor_3b833b1 .ue_timeline_item_icon{\n  display:flex;\n  flex-direction:column;\n  align-items:center;\n}\n\n#uc_unlimited_timeline_elementor_3b833b1 .ue_timeline_item_icon_line{\n  flex-grow:1;\n}\n\n#uc_unlimited_timeline_elementor_3b833b1 .ue_timeline_item_icon_line_offset{\n  flex-grow:0;\n  flex-shrink:0;\n}\n\n#uc_unlimited_timeline_elementor_3b833b1 .ue_timeline_item_icon_holder{\n  display:flex;\n  justify-content:center;\n  align-items:center;\n  line-height:1em;\n  flex-direction:column;\n  transition: all 0.4s ease-in-out;\n  text-align: center;\n}\n\n#uc_unlimited_timeline_elementor_3b833b1 .ue_timeline_item_icon_holder svg{\n  height:1em;\n  width:1em;\n}\n\n#uc_unlimited_timeline_elementor_3b833b1 .ue_timeline_item_content{\n  flex:1;\n  flex-shrink:0;\n  flex-direction:row-reverse;\n}\n\n#uc_unlimited_timeline_elementor_3b833b1 .ue_timeline_item_spacer{\n  flex:1;\n  flex-shrink:0;\n}\n\n#uc_unlimited_timeline_elementor_3b833b1 .ue_timeline_item_content_main{\n  flex-grow:1;\n  word-break: break-word;\n  transition: all .3s;\n  position: relative;\n}\n\n#uc_unlimited_timeline_elementor_3b833b1 .ue_timeline_item_content_main_link{\n  position: absolute;\n  width: 100%;\n  height: 100%;\n  left: 0;\n  top: 0;\n  display: block;\n}\n\n#uc_unlimited_timeline_elementor_3b833b1 .ue_timeline_item_content{\n  display:flex;\n}\n\n#uc_unlimited_timeline_elementor_3b833b1 .ue_timeline_item_pointer_spacer{\n  flex-grow:0;\n  flex-shrink:0;\n}\n\n#uc_unlimited_timeline_elementor_3b833b1 .ue_timeline_item_icon{\n  flex-grow:0;\n  flex-shrink:0;\n}\n\n#uc_unlimited_timeline_elementor_3b833b1 .ue_timeline_item_pointer{  \n  flex-grow:0;\n  flex-shrink:0;\n  margin-top:0px;\n  position:relative;\n}\n\n#uc_unlimited_timeline_elementor_3b833b1 .ue_timeline_item .ue_timeline_item_content .ue_timeline_item_pointer .ue_timeline_item_pointer_inside{\n  position:relative;\n  clip-path: polygon(0 50%, 100% 0, 100% 100%);\n  transition: all .3s;\n}\n\n  #uc_unlimited_timeline_elementor_3b833b1 .ue_timeline_item:last-child .ue_timeline_item_icon_line{\n    display:none;\n  }\n\t\n\n#uc_unlimited_timeline_elementor_3b833b1 .ue_timeline_item:last-child .ue_timeline_item_content{\n  margin-bottom:0px;\n}\n\n#uc_unlimited_timeline_elementor_3b833b1 .ue_timeline_item_spacer  {\n  display:none;\n}\n\n  #uc_unlimited_timeline_elementor_3b833b1 .ue_timeline_item:nth-child(odd)    {\n   flex-direction:row;\n  }\n\n  #uc_unlimited_timeline_elementor_3b833b1 .ue_timeline_item:nth-child(odd) .ue_timeline_item_content{\n   flex-direction:row;\n  } \n\n  #uc_unlimited_timeline_elementor_3b833b1 .ue_timeline_item_spacer  {\n    display:block;\n  }\n\n  #uc_unlimited_timeline_elementor_3b833b1 .ue_timeline_item:nth-child(odd) .ue_timeline_item_content .ue_timeline_item_pointer .ue_timeline_item_pointer_inside{ \n   clip-path: polygon(100% 50%, 0 0, 0 100%);\n  }\n\t\n\n#uc_unlimited_timeline_elementor_3b833b1 .ue_timeline_item_button{\n\tdisplay: flex;\n  \talign-items: center;\n}\n\n#uc_unlimited_timeline_elementor_3b833b1 .ue_timeline_item_link{\n\tcursor: pointer;\n  \ttransition: all .3s;\n}\n\n\n.ue_timeline_item_title{\n  font-size:21px;\n}\n\n.ue_text_one, .ue_text_two, .ue_text_three{\n  font-size:14px;\n  line-height:1.1em;\n}\n\n.ue_timeline_item_icon_line_mask, .ue_timeline_item_icon_line_offset_mask {\n  width: 100%;\n  height: 0%;\n  max-height: 100%;\n  will-change: height;\n}\n\n#uc_unlimited_timeline_elementor_3b833b1 .ue_timeline_item_line_icon_holder{\n  position: relative;\n}\n\n#uc_unlimited_timeline_elementor_3b833b1 .ue_timeline_item_line_floating_icon,\n#uc_unlimited_timeline_elementor_3b833b1 .ue_timeline_item_line_floating_icon-offset{\n  position: absolute;\n  bottom: 0;\n  left: 50%;\n  transform: translate(-50%, 0%);\n  opacity: 0;\n  display: none;\n    display: none !important;\n  }\n\n#uc_unlimited_timeline_elementor_3b833b1 .ue_timeline_floating_icon{\n  display:flex;\n  opacity: 1;\n  justify-content:center;\n  align-items:center;\n  line-height:1em;\n  flex-direction:column;\n  transition: all 0.4s ease-in-out;\n  text-align: center;\n}\n  \n#uc_unlimited_timeline_elementor_3b833b1 .ue_timeline_item_image{\nobject-fit: cover;\n}\n\n#uc_unlimited_timeline_elementor_3b833b1 .ue_timeline_item_content_inside{\n  position:relative;\n}\n\n#uc_unlimited_timeline_elementor_3b833b1 .ue_timeline_item_content_main{\n  position:relative;\n  overflow:hidden;\n}\n\n\n@media only screen and (max-width: 768px) {\n  #uc_unlimited_timeline_elementor_3b833b1 .ue_timeline_item{\n    flex-direction:row-reverse !important;\n  }\n\n  #uc_unlimited_timeline_elementor_3b833b1 .ue_timeline_item .ue_timeline_item_content{\n   flex-direction:row-reverse !important;\n  }\n  \n  #uc_unlimited_timeline_elementor_3b833b1 .ue_timeline_item_spacer  {\n    display:none;\n  }\n  \n  #uc_unlimited_timeline_elementor_3b833b1 .ue_timeline_item .ue_timeline_item_content .ue_timeline_item_pointer .ue_timeline_item_pointer_inside  { \n   clip-path: polygon(0 50%, 100% 0, 100% 100%) !important;\n  }  \n}\n#uc_unlimited_timeline_elementor_3b833b1 .ue_timeline_item_img_wrapper{\n  display: flex;\n}\n#uc_unlimited_timeline_elementor_3b833b1 .ue_timeline_item:nth-child(even) .ue_timeline_item_img_wrapper{\n  justify-content: flex-end;\n}\n#uc_unlimited_timeline_elementor_3b833b1 .ue_timeline_item:nth-child(odd) .ue_timeline_item_img_wrapper{\n  justify-content: flex-start;\n}\n\t\n\n\n\n\n\n\t\n\n\n\n\n\n\t\n\n\n\n\n\n\n\n<\/style>\n\n<div id=\"uc_unlimited_timeline_elementor_3b833b1\" class=\"uc-items-wrapper\"  >\n  \n<div class=\"ue_timeline_item elementor-repeater-item-62d0e6b\" id=\"uc_unlimited_timeline_elementor_3b833b1_item1\">\n    <div class=\"ue_timeline_item_content\">\n      \n      <div class=\"ue_timeline_item_content_main\">\n        \n                                <img decoding=\"async\" class=\"ue_timeline_item_image\" src=\"https:\/\/exittechnologies.com\/wp-content\/uploads\/2024\/05\/Distributed-network-discovery-1.jpg\"  alt=\"Descubrimiento de redes distribuidas (1)\" width=\"1000\" height=\"624\">\n                          \n        <div class=\"ue_timeline_item_content_inside\">\n          <div class=\"ue_timeline_item_subtitle\" ><\/div>\n        <div class=\"ue_timeline_item_title\" >Descubrimiento de redes distribuidas<\/div>                <div class=\"ue_timeline_item_text\">Disponemos de herramientas de descubrimiento de redes para redes planas o muy virtualizadas. Tras el descubrimiento, verificaremos el mapa de hardware en todas las ubicaciones geogr\u00e1ficas.\n\n<\/div>\t\n      \t          \n        <\/div>\n              <\/div>\n      \n            <div class=\"ue_timeline_item_pointer\">\n        <div class=\"ue_timeline_item_pointer_inside\"><\/div>\n      <\/div>\n            \n      <div class=\"ue_timeline_item_pointer_spacer\"><\/div>\n      \n    <\/div>\n  \n    <div class=\"ue_timeline_item_icon\">\n      <div class=\"ue_timeline_item_icon_line_offset\">\n      \t<div class=\"ue_timeline_item_icon_line_offset_mask ue_timeline_item_line_icon_holder\">\n          <div class=\"ue_timeline_item_line_floating_icon-offset ue_timeline_floating_icon\"><i class='fas fa-rocket'><\/i><\/div>\n        <\/div>\n      <\/div>\n      <div class=\"ue_timeline_item_icon_holder\">\n                                      <\/div>\n      \n      <div class=\"ue_timeline_item_icon_line\">\n      \t<div class=\"ue_timeline_item_icon_line_mask ue_timeline_item_line_icon_holder\">\n          <div class=\"ue_timeline_item_line_floating_icon ue_timeline_floating_icon\"><i class='fas fa-rocket'><\/i><\/div>\n        <\/div>\n      <\/div>\n      \n    <\/div>\n    <div class=\"ue_timeline_item_spacer\">\n        \t<\/div>\n  <\/div>\n\n<div class=\"ue_timeline_item elementor-repeater-item-ebb4bf5\" id=\"uc_unlimited_timeline_elementor_3b833b1_item2\">\n    <div class=\"ue_timeline_item_content\">\n      \n      <div class=\"ue_timeline_item_content_main\">\n        \n                                <img decoding=\"async\" class=\"ue_timeline_item_image\" src=\"https:\/\/exittechnologies.com\/wp-content\/uploads\/2024\/05\/distributed-server-decommissioning-1.jpg\"  alt=\"desmantelamiento-servidor-distribuido (1)\" width=\"533\" height=\"431\">\n                          \n        <div class=\"ue_timeline_item_content_inside\">\n          <div class=\"ue_timeline_item_subtitle\" ><\/div>\n        <div class=\"ue_timeline_item_title\" >Coordinar la log\u00edstica<\/div>                <div class=\"ue_timeline_item_text\">Con un mapa completo, elaboraremos un plan para la log\u00edstica del proyecto. Estableceremos los puntos de acceso, el personal in situ, los datos de contacto, las pol\u00edticas, las dependencias y todos los dem\u00e1s par\u00e1metros necesarios para la ubicaci\u00f3n de cada nodo perif\u00e9rico. Con un plan de proyecto completo, podemos discutir los t\u00e9rminos y comenzar el desmantelamiento de los servidores edge.\n\n<\/div>\t\n      \t          \n        <\/div>\n              <\/div>\n      \n            <div class=\"ue_timeline_item_pointer\">\n        <div class=\"ue_timeline_item_pointer_inside\"><\/div>\n      <\/div>\n            \n      <div class=\"ue_timeline_item_pointer_spacer\"><\/div>\n      \n    <\/div>\n  \n    <div class=\"ue_timeline_item_icon\">\n      <div class=\"ue_timeline_item_icon_line_offset\">\n      \t<div class=\"ue_timeline_item_icon_line_offset_mask ue_timeline_item_line_icon_holder\">\n          <div class=\"ue_timeline_item_line_floating_icon-offset ue_timeline_floating_icon\"><i class='fas fa-rocket'><\/i><\/div>\n        <\/div>\n      <\/div>\n      <div class=\"ue_timeline_item_icon_holder\">\n                                      <\/div>\n      \n      <div class=\"ue_timeline_item_icon_line\">\n      \t<div class=\"ue_timeline_item_icon_line_mask ue_timeline_item_line_icon_holder\">\n          <div class=\"ue_timeline_item_line_floating_icon ue_timeline_floating_icon\"><i class='fas fa-rocket'><\/i><\/div>\n        <\/div>\n      <\/div>\n      \n    <\/div>\n    <div class=\"ue_timeline_item_spacer\">\n        \t<\/div>\n  <\/div>\n\n<div class=\"ue_timeline_item elementor-repeater-item-9125403\" id=\"uc_unlimited_timeline_elementor_3b833b1_item3\">\n    <div class=\"ue_timeline_item_content\">\n      \n      <div class=\"ue_timeline_item_content_main\">\n        \n                                <img decoding=\"async\" class=\"ue_timeline_item_image\" src=\"https:\/\/exittechnologies.com\/wp-content\/uploads\/2024\/05\/Server-Decommissioning-pulled-from-rack-1.jpg\"  alt=\"Retirada de servidores del rack (1)\" width=\"1024\" height=\"768\">\n                          \n        <div class=\"ue_timeline_item_content_inside\">\n          <div class=\"ue_timeline_item_subtitle\" ><\/div>\n        <div class=\"ue_timeline_item_title\" >Inicio del desmantelamiento de los servidores edge<\/div>                <div class=\"ue_timeline_item_text\">Nuestros equipos comenzar\u00e1n a desmantelar y retirar los servidores de la red Para los equipos al final de su vida \u00fatil, destruiremos los datos seg\u00fan su preferencia de borrado, trituraci\u00f3n de unidades, desmagnetizaci\u00f3n o trituraci\u00f3n.\n\n<\/div>\t\n      \t          \n        <\/div>\n              <\/div>\n      \n            <div class=\"ue_timeline_item_pointer\">\n        <div class=\"ue_timeline_item_pointer_inside\"><\/div>\n      <\/div>\n            \n      <div class=\"ue_timeline_item_pointer_spacer\"><\/div>\n      \n    <\/div>\n  \n    <div class=\"ue_timeline_item_icon\">\n      <div class=\"ue_timeline_item_icon_line_offset\">\n      \t<div class=\"ue_timeline_item_icon_line_offset_mask ue_timeline_item_line_icon_holder\">\n          <div class=\"ue_timeline_item_line_floating_icon-offset ue_timeline_floating_icon\"><i class='fas fa-rocket'><\/i><\/div>\n        <\/div>\n      <\/div>\n      <div class=\"ue_timeline_item_icon_holder\">\n                                      <\/div>\n      \n      <div class=\"ue_timeline_item_icon_line\">\n      \t<div class=\"ue_timeline_item_icon_line_mask ue_timeline_item_line_icon_holder\">\n          <div class=\"ue_timeline_item_line_floating_icon ue_timeline_floating_icon\"><i class='fas fa-rocket'><\/i><\/div>\n        <\/div>\n      <\/div>\n      \n    <\/div>\n    <div class=\"ue_timeline_item_spacer\">\n        \t<\/div>\n  <\/div>\n \n<\/div>\n<!-- end Unlimited Timeline -->\t\t\t\t<\/div>\n\t\t\t\t<\/div>\n\t\t\t\t<\/div>\n\t\t\t\t\t<\/div>\n\t\t\t\t<\/div>\n\t\t<div class=\"elementor-element elementor-element-5e6881e e-flex e-con-boxed e-con e-parent\" data-id=\"5e6881e\" data-element_type=\"container\">\n\t\t\t\t\t<div class=\"e-con-inner\">\n\t\t<div class=\"elementor-element elementor-element-aeaadfe e-flex e-con-boxed e-con e-child\" data-id=\"aeaadfe\" data-element_type=\"container\" data-settings=\"{&quot;background_background&quot;:&quot;classic&quot;}\">\n\t\t\t\t\t<div class=\"e-con-inner\">\n\t\t\t\t<div class=\"elementor-element elementor-element-36fec38 elementor-widget__width-initial elementor-widget-tablet__width-inherit elementor-headline--style-highlight elementor-widget elementor-widget-animated-headline\" data-id=\"36fec38\" data-element_type=\"widget\" data-settings=\"{&quot;highlighted_text&quot;:&quot;Your Reputation&quot;,&quot;headline_style&quot;:&quot;highlight&quot;,&quot;marker&quot;:&quot;circle&quot;,&quot;loop&quot;:&quot;yes&quot;,&quot;highlight_animation_duration&quot;:1200,&quot;highlight_iteration_delay&quot;:8000}\" data-widget_type=\"animated-headline.default\">\n\t\t\t\t<div class=\"elementor-widget-container\">\n\t\t\t\t\t\t\t<h2 class=\"elementor-headline\">\n\t\t\t\t\t<span class=\"elementor-headline-plain-text elementor-headline-text-wrapper\">No deje que el desmantelamiento le perjudique<\/span>\n\t\t\t\t<span class=\"elementor-headline-dynamic-wrapper elementor-headline-text-wrapper\">\n\t\t\t\t\t<span class=\"elementor-headline-dynamic-text elementor-headline-text-active\">Su reputaci\u00f3n<\/span>\n\t\t\t\t<\/span>\n\t\t\t\t<\/h2>\n\t\t\t\t\t\t<\/div>\n\t\t\t\t<\/div>\n\t\t\t\t<div class=\"elementor-element elementor-element-fe139ac elementor-widget__width-initial elementor-widget-tablet__width-inherit elementor-widget elementor-widget-text-editor\" data-id=\"fe139ac\" data-element_type=\"widget\" data-widget_type=\"text-editor.default\">\n\t\t\t\t<div class=\"elementor-widget-container\">\n\t\t\t\t\t\t\t\t\t<strong><a href=\"https:\/\/exittechnologies.com\/es\/blog\/centro-de-datos\/lista-de-comprobacion-para-el-desmantelamiento-de-centros-de-datos-una-guia-completa\/\">Inadecuado<\/a> desmantelamiento de centros de datos<\/strong> pueden dar lugar a filtraciones de datos y da\u00f1os medioambientales, ambos adversarios del crecimiento de la empresa. Aprenda a eliminar riesgos con nuestra gu\u00eda gratuita.\n\n\t\t\t\t\t\t\t\t<\/div>\n\t\t\t\t<\/div>\n\t\t\t\t<div class=\"elementor-element elementor-element-7aeb236 elementor-align-left elementor-tablet-align-left elementor-mobile-align-justify elementor-widget__width-auto elementor-widget-mobile__width-inherit elementor-widget elementor-widget-button\" data-id=\"7aeb236\" data-element_type=\"widget\" data-widget_type=\"button.default\">\n\t\t\t\t<div class=\"elementor-widget-container\">\n\t\t\t\t\t\t\t\t\t<div class=\"elementor-button-wrapper\">\n\t\t\t\t\t<a class=\"elementor-button elementor-button-link elementor-size-md\" href=\"https:\/\/exittechnologies.com\/es\/recursos\/listas-de-comprobacion-para-el-desmantelamiento-de-centros-de-datos\/\">\n\t\t\t\t\t\t<span class=\"elementor-button-content-wrapper\">\n\t\t\t\t\t\t<span class=\"elementor-button-icon\">\n\t\t\t\t<svg xmlns=\"http:\/\/www.w3.org\/2000\/svg\" height=\"512\" viewbox=\"0 0 32 32\" width=\"512\"><g id=\"Layer_20\" data-name=\"Layer 20\"><path d=\"m23.21 16.71-13 13a1 1 0 0 1 -1.42 0 1 1 0 0 1 0-1.42l12.3-12.29-12.3-12.29a1 1 0 0 1 1.42-1.42l13 13a1 1 0 0 1 0 1.42z\"><\/path><\/g><\/svg>\t\t\t<\/span>\n\t\t\t\t\t\t\t\t\t<span class=\"elementor-button-text\">Solicitar presupuesto <\/span>\n\t\t\t\t\t<\/span>\n\t\t\t\t\t<\/a>\n\t\t\t\t<\/div>\n\t\t\t\t\t\t\t\t<\/div>\n\t\t\t\t<\/div>\n\t\t\t\t\t<\/div>\n\t\t\t\t<\/div>\n\t\t\t\t\t<\/div>\n\t\t\t\t<\/div>\n\t\t\t\t<\/div>","protected":false},"excerpt":{"rendered":"<p>Edge Server Decommissioning When Hardware Is Distributed Across Many Locations, Disposing Of It Becomes Challenging We know you don\u2019t want to fly your IT staff all across the country just to get rid of servers. Thankfully, you don\u2019t have to. we have developed flexible logistics solutions. Edge server decommissioning doesn\u2019t need to be a hassle. [&hellip;]<\/p>\n","protected":false},"author":9,"featured_media":72201,"parent":75031,"menu_order":0,"comment_status":"closed","ping_status":"closed","template":"","meta":{"_acf_changed":false,"episode_type":"","audio_file":"","podmotor_file_id":"","podmotor_episode_id":"","cover_image":"","cover_image_id":"","duration":"","filesize":"","filesize_raw":"","date_recorded":"","explicit":"","block":"","itunes_episode_number":"","itunes_title":"","itunes_season_number":"","itunes_episode_type":"","footnotes":""},"class_list":["post-75873","page","type-page","status-publish","has-post-thumbnail","hentry"],"acf":[],"_links":{"self":[{"href":"https:\/\/exittechnologies.com\/es\/wp-json\/wp\/v2\/pages\/75873","targetHints":{"allow":["GET"]}}],"collection":[{"href":"https:\/\/exittechnologies.com\/es\/wp-json\/wp\/v2\/pages"}],"about":[{"href":"https:\/\/exittechnologies.com\/es\/wp-json\/wp\/v2\/types\/page"}],"author":[{"embeddable":true,"href":"https:\/\/exittechnologies.com\/es\/wp-json\/wp\/v2\/users\/9"}],"replies":[{"embeddable":true,"href":"https:\/\/exittechnologies.com\/es\/wp-json\/wp\/v2\/comments?post=75873"}],"version-history":[{"count":0,"href":"https:\/\/exittechnologies.com\/es\/wp-json\/wp\/v2\/pages\/75873\/revisions"}],"up":[{"embeddable":true,"href":"https:\/\/exittechnologies.com\/es\/wp-json\/wp\/v2\/pages\/75031"}],"wp:featuredmedia":[{"embeddable":true,"href":"https:\/\/exittechnologies.com\/es\/wp-json\/wp\/v2\/media\/72201"}],"wp:attachment":[{"href":"https:\/\/exittechnologies.com\/es\/wp-json\/wp\/v2\/media?parent=75873"}],"curies":[{"name":"wp","href":"https:\/\/api.w.org\/{rel}","templated":true}]}}