{"id":75781,"date":"2024-05-09T22:32:21","date_gmt":"2024-05-09T22:32:21","guid":{"rendered":"https:\/\/exittechnlive.wpenginepowered.com\/?page_id=75781"},"modified":"2026-01-07T15:47:54","modified_gmt":"2026-01-07T15:47:54","slug":"listas-de-comprobacion-para-el-desmantelamiento-de-centros-de-datos","status":"publish","type":"page","link":"https:\/\/exittechnologies.com\/es\/recursos\/listas-de-comprobacion-para-el-desmantelamiento-de-centros-de-datos\/","title":{"rendered":"Lista de comprobaci\u00f3n para el desmantelamiento de centros de datos"},"content":{"rendered":"<div data-elementor-type=\"wp-page\" data-elementor-id=\"75781\" class=\"elementor elementor-75781\" data-elementor-post-type=\"page\">\n\t\t\t\t<div class=\"elementor-element elementor-element-3b7e17c e-flex e-con-boxed e-con e-parent\" data-id=\"3b7e17c\" data-element_type=\"container\">\n\t\t\t\t\t<div class=\"e-con-inner\">\n\t\t<div class=\"elementor-element elementor-element-8749dad e-flex e-con-boxed e-con e-child\" data-id=\"8749dad\" data-element_type=\"container\">\n\t\t\t\t\t<div class=\"e-con-inner\">\n\t\t\t\t<div class=\"elementor-element elementor-element-fcf3334 elementor-widget__width-initial elementor-widget-tablet__width-inherit elementor-headline--style-highlight elementor-widget elementor-widget-animated-headline\" data-id=\"fcf3334\" data-element_type=\"widget\" data-settings=\"{&quot;highlighted_text&quot;:&quot;Decommissioning Checklist&quot;,&quot;headline_style&quot;:&quot;highlight&quot;,&quot;marker&quot;:&quot;circle&quot;,&quot;loop&quot;:&quot;yes&quot;,&quot;highlight_animation_duration&quot;:1200,&quot;highlight_iteration_delay&quot;:8000}\" data-widget_type=\"animated-headline.default\">\n\t\t\t\t<div class=\"elementor-widget-container\">\n\t\t\t\t\t\t\t<h1 class=\"elementor-headline\">\n\t\t\t\t\t<span class=\"elementor-headline-plain-text elementor-headline-text-wrapper\">Centro de datos <\/span>\n\t\t\t\t<span class=\"elementor-headline-dynamic-wrapper elementor-headline-text-wrapper\">\n\t\t\t\t\t<span class=\"elementor-headline-dynamic-text elementor-headline-text-active\">Lista de comprobaci\u00f3n del desmantelamiento<\/span>\n\t\t\t\t<\/span>\n\t\t\t\t<\/h1>\n\t\t\t\t\t\t<\/div>\n\t\t\t\t<\/div>\n\t\t\t\t<div class=\"elementor-element elementor-element-41bd687 elementor-widget__width-inherit elementor-widget elementor-widget-text-editor\" data-id=\"41bd687\" data-element_type=\"widget\" data-widget_type=\"text-editor.default\">\n\t\t\t\t<div class=\"elementor-widget-container\">\n\t\t\t\t\t\t\t\t\t<p>Lista de comprobaci\u00f3n de desmantelamiento de centros de datos para la eliminaci\u00f3n de hardware.<\/p>\t\t\t\t\t\t\t\t<\/div>\n\t\t\t\t<\/div>\n\t\t\t\t\t<\/div>\n\t\t\t\t<\/div>\n\t\t\t\t\t<\/div>\n\t\t\t\t<\/div>\n\t\t<div class=\"elementor-element elementor-element-01657c1 e-flex e-con-boxed e-con e-parent\" data-id=\"01657c1\" data-element_type=\"container\" data-settings=\"{&quot;background_background&quot;:&quot;classic&quot;}\">\n\t\t\t\t\t<div class=\"e-con-inner\">\n\t\t<div class=\"elementor-element elementor-element-618f225 e-flex e-con-boxed e-con e-child\" data-id=\"618f225\" data-element_type=\"container\">\n\t\t\t\t\t<div class=\"e-con-inner\">\n\t\t<div class=\"elementor-element elementor-element-d92c6b7 e-flex e-con-boxed e-con e-child\" data-id=\"d92c6b7\" data-element_type=\"container\">\n\t\t\t\t\t<div class=\"e-con-inner\">\n\t\t<div class=\"elementor-element elementor-element-3d27550 e-flex e-con-boxed e-con e-child\" data-id=\"3d27550\" data-element_type=\"container\">\n\t\t\t\t\t<div class=\"e-con-inner\">\n\t\t<div class=\"elementor-element elementor-element-497a3f5 e-con-full e-flex e-con e-child\" data-id=\"497a3f5\" data-element_type=\"container\" data-settings=\"{&quot;background_background&quot;:&quot;classic&quot;}\">\n\t\t\t\t<div class=\"elementor-element elementor-element-a664bfa elementor-widget elementor-widget-image\" data-id=\"a664bfa\" data-element_type=\"widget\" data-widget_type=\"image.default\">\n\t\t\t\t<div class=\"elementor-widget-container\">\n\t\t\t\t\t\t\t\t\t\t\t\t\t\t\t<img decoding=\"async\" width=\"300\" height=\"404\" src=\"https:\/\/exittechnologies.com\/wp-content\/uploads\/2024\/05\/cover_front_decomm-ebook.png\" class=\"attachment-full size-full wp-image-75782\" alt=\"\" srcset=\"https:\/\/exittechnologies.com\/wp-content\/uploads\/2024\/05\/cover_front_decomm-ebook.png 300w, https:\/\/exittechnologies.com\/wp-content\/uploads\/2024\/05\/cover_front_decomm-ebook-223x300.png 223w\" sizes=\"(max-width: 300px) 100vw, 300px\" \/>\t\t\t\t\t\t\t\t\t\t\t\t\t\t\t<\/div>\n\t\t\t\t<\/div>\n\t\t\t\t<\/div>\n\t\t\t\t<div class=\"elementor-element elementor-element-c7e42a5 elementor-widget elementor-widget-text-editor\" data-id=\"c7e42a5\" data-element_type=\"widget\" data-widget_type=\"text-editor.default\">\n\t\t\t\t<div class=\"elementor-widget-container\">\n\t\t\t\t\t\t\t\t\t<p>En esta lista de comprobaci\u00f3n, recibir\u00e1 12 pasos para el desmantelamiento responsable y eficaz de centros de datos. Esta lista de comprobaci\u00f3n cubrir\u00e1:<\/p>\t\t\t\t\t\t\t\t<\/div>\n\t\t\t\t<\/div>\n\t\t\t\t<div class=\"elementor-element elementor-element-a340138 elementor-icon-list--layout-traditional elementor-list-item-link-full_width elementor-widget elementor-widget-icon-list\" data-id=\"a340138\" data-element_type=\"widget\" data-widget_type=\"icon-list.default\">\n\t\t\t\t<div class=\"elementor-widget-container\">\n\t\t\t\t\t\t\t<ul class=\"elementor-icon-list-items\">\n\t\t\t\t\t\t\t<li class=\"elementor-icon-list-item\">\n\t\t\t\t\t\t\t\t\t\t\t<span class=\"elementor-icon-list-icon\">\n\t\t\t\t\t\t\t<svg xmlns=\"http:\/\/www.w3.org\/2000\/svg\" xmlns:xlink=\"http:\/\/www.w3.org\/1999\/xlink\" id=\"Layer_1\" x=\"0px\" y=\"0px\" viewbox=\"0 0 511.999 511.999\" style=\"enable-background:new 0 0 511.999 511.999;\" xml:space=\"preserve\"><path style=\"fill:#B7E183;\" d=\"M502.87,75.474c-12.201-12.204-31.952-12.205-44.154-0.001L163.89,370.299L53.284,259.693 c-12.201-12.204-31.952-12.205-44.154-0.001c-12.173,12.174-12.173,31.981,0,44.153L141.814,436.53 c12.199,12.198,31.953,12.2,44.153,0L502.87,119.626C515.042,107.453,515.042,87.645,502.87,75.474z\"><\/path><path style=\"fill:#71DE56;\" d=\"M502.87,75.474c-12.201-12.204-31.952-12.205-44.154-0.001L243.511,290.678v88.306L502.87,119.626 C515.042,107.453,515.042,87.645,502.87,75.474z\"><\/path><g><\/g><g><\/g><g><\/g><g><\/g><g><\/g><g><\/g><g><\/g><g><\/g><g><\/g><g><\/g><g><\/g><g><\/g><g><\/g><g><\/g><g><\/g><\/svg>\t\t\t\t\t\t<\/span>\n\t\t\t\t\t\t\t\t\t\t<span class=\"elementor-icon-list-text\">C\u00f3mo desmantelar de forma responsable los activos inform\u00e1ticos obsoletos.<\/span>\n\t\t\t\t\t\t\t\t\t<\/li>\n\t\t\t\t\t\t\t\t<li class=\"elementor-icon-list-item\">\n\t\t\t\t\t\t\t\t\t\t\t<span class=\"elementor-icon-list-icon\">\n\t\t\t\t\t\t\t<svg xmlns=\"http:\/\/www.w3.org\/2000\/svg\" xmlns:xlink=\"http:\/\/www.w3.org\/1999\/xlink\" id=\"Layer_1\" x=\"0px\" y=\"0px\" viewbox=\"0 0 511.999 511.999\" style=\"enable-background:new 0 0 511.999 511.999;\" xml:space=\"preserve\"><path style=\"fill:#B7E183;\" d=\"M502.87,75.474c-12.201-12.204-31.952-12.205-44.154-0.001L163.89,370.299L53.284,259.693 c-12.201-12.204-31.952-12.205-44.154-0.001c-12.173,12.174-12.173,31.981,0,44.153L141.814,436.53 c12.199,12.198,31.953,12.2,44.153,0L502.87,119.626C515.042,107.453,515.042,87.645,502.87,75.474z\"><\/path><path style=\"fill:#71DE56;\" d=\"M502.87,75.474c-12.201-12.204-31.952-12.205-44.154-0.001L243.511,290.678v88.306L502.87,119.626 C515.042,107.453,515.042,87.645,502.87,75.474z\"><\/path><g><\/g><g><\/g><g><\/g><g><\/g><g><\/g><g><\/g><g><\/g><g><\/g><g><\/g><g><\/g><g><\/g><g><\/g><g><\/g><g><\/g><g><\/g><\/svg>\t\t\t\t\t\t<\/span>\n\t\t\t\t\t\t\t\t\t\t<span class=\"elementor-icon-list-text\">C\u00f3mo gestionar la destrucci\u00f3n f\u00edsica de datos potencialmente sensibles.<\/span>\n\t\t\t\t\t\t\t\t\t<\/li>\n\t\t\t\t\t\t<\/ul>\n\t\t\t\t\t\t<\/div>\n\t\t\t\t<\/div>\n\t\t\t\t<div class=\"elementor-element elementor-element-e08e57b elementor-widget__width-initial elementor-hidden-tablet elementor-hidden-mobile elementor-widget elementor-widget-image\" data-id=\"e08e57b\" data-element_type=\"widget\" data-widget_type=\"image.default\">\n\t\t\t\t<div class=\"elementor-widget-container\">\n\t\t\t\t\t\t\t\t\t\t\t\t\t\t\t<img decoding=\"async\" width=\"64\" height=\"64\" src=\"https:\/\/exittechnologies.com\/wp-content\/uploads\/2024\/05\/right-arrow.png\" class=\"attachment-large size-large wp-image-75777\" alt=\"\" \/>\t\t\t\t\t\t\t\t\t\t\t\t\t\t\t<\/div>\n\t\t\t\t<\/div>\n\t\t\t\t\t<\/div>\n\t\t\t\t<\/div>\n\t\t<div class=\"elementor-element elementor-element-ba92858 e-con-full e-flex e-con e-child\" data-id=\"ba92858\" data-element_type=\"container\" data-settings=\"{&quot;background_background&quot;:&quot;classic&quot;}\">\n\t\t\t\t<div class=\"elementor-element elementor-element-d3d6864 gravity_form_css elementor-widget elementor-widget-html\" data-id=\"d3d6864\" data-element_type=\"widget\" data-widget_type=\"html.default\">\n\t\t\t\t<div class=\"elementor-widget-container\">\n\t\t\t\t\t<script src=\"https:\/\/js.hsforms.net\/forms\/embed\/developer\/45809407.js\";; defer><\/script>\n<div class=\"hs-form-html\" data-region=\"na1\" data-form-id=\"25422259-c0eb-4d1d-9f74-f8af0544be13\" data-portal-id=\"45809407\"><\/div>\t\t\t\t<\/div>\n\t\t\t\t<\/div>\n\t\t\t\t<\/div>\n\t\t\t\t\t<\/div>\n\t\t\t\t<\/div>\n\t\t\t\t\t<\/div>\n\t\t\t\t<\/div>\n\t\t\t\t\t<\/div>\n\t\t\t\t<\/div>\n\t\t\t\t<\/div>","protected":false},"excerpt":{"rendered":"<p>Lista de comprobaci\u00f3n de desmantelamiento de centros de datos Lista de comprobaci\u00f3n de desmantelamiento de centros de datos para la eliminaci\u00f3n de hardware. En esta lista de comprobaci\u00f3n, recibir\u00e1 12 pasos para un desmantelamiento responsable y eficaz del centro de datos. Esta lista de comprobaci\u00f3n incluye: C\u00f3mo desmantelar de forma responsable los activos inform\u00e1ticos obsoletos. C\u00f3mo gestionar la destrucci\u00f3n f\u00edsica de datos potencialmente sensibles.<\/p>","protected":false},"author":9,"featured_media":76702,"parent":359,"menu_order":0,"comment_status":"closed","ping_status":"closed","template":"","meta":{"_acf_changed":false,"episode_type":"","audio_file":"","podmotor_file_id":"","podmotor_episode_id":"","cover_image":"","cover_image_id":"","duration":"","filesize":"","filesize_raw":"","date_recorded":"","explicit":"","block":"","itunes_episode_number":"","itunes_title":"","itunes_season_number":"","itunes_episode_type":"","footnotes":""},"class_list":["post-75781","page","type-page","status-publish","has-post-thumbnail","hentry"],"acf":[],"_links":{"self":[{"href":"https:\/\/exittechnologies.com\/es\/wp-json\/wp\/v2\/pages\/75781","targetHints":{"allow":["GET"]}}],"collection":[{"href":"https:\/\/exittechnologies.com\/es\/wp-json\/wp\/v2\/pages"}],"about":[{"href":"https:\/\/exittechnologies.com\/es\/wp-json\/wp\/v2\/types\/page"}],"author":[{"embeddable":true,"href":"https:\/\/exittechnologies.com\/es\/wp-json\/wp\/v2\/users\/9"}],"replies":[{"embeddable":true,"href":"https:\/\/exittechnologies.com\/es\/wp-json\/wp\/v2\/comments?post=75781"}],"version-history":[{"count":0,"href":"https:\/\/exittechnologies.com\/es\/wp-json\/wp\/v2\/pages\/75781\/revisions"}],"up":[{"embeddable":true,"href":"https:\/\/exittechnologies.com\/es\/wp-json\/wp\/v2\/pages\/359"}],"wp:featuredmedia":[{"embeddable":true,"href":"https:\/\/exittechnologies.com\/es\/wp-json\/wp\/v2\/media\/76702"}],"wp:attachment":[{"href":"https:\/\/exittechnologies.com\/es\/wp-json\/wp\/v2\/media?parent=75781"}],"curies":[{"name":"wp","href":"https:\/\/api.w.org\/{rel}","templated":true}]}}