{"id":75029,"date":"2024-03-15T18:01:12","date_gmt":"2024-03-15T18:01:12","guid":{"rendered":"https:\/\/exittechnlive.wpenginepowered.com\/?page_id=75029"},"modified":"2025-03-06T18:20:42","modified_gmt":"2025-03-06T18:20:42","slug":"declaracion-de-seguridad-y-salud-medioambiental","status":"publish","type":"page","link":"https:\/\/exittechnologies.com\/es\/acerca-de-nosotros\/declaracion-de-seguridad-y-salud-medioambiental\/","title":{"rendered":"Pol\u00edtica de calidad, medio ambiente, salud y seguridad"},"content":{"rendered":"<div data-elementor-type=\"wp-page\" data-elementor-id=\"75029\" class=\"elementor elementor-75029\" data-elementor-post-type=\"page\">\n\t\t\t\t<div class=\"elementor-element elementor-element-66cb004 e-flex e-con-boxed e-con e-parent\" data-id=\"66cb004\" data-element_type=\"container\">\n\t\t\t\t\t<div class=\"e-con-inner\">\n\t\t<div class=\"elementor-element elementor-element-304f703 e-flex e-con-boxed e-con e-child\" data-id=\"304f703\" data-element_type=\"container\">\n\t\t\t\t\t<div class=\"e-con-inner\">\n\t\t\t\t<div class=\"elementor-element elementor-element-d1c6010 elementor-headline--style-highlight elementor-widget elementor-widget-animated-headline\" data-id=\"d1c6010\" data-element_type=\"widget\" data-settings=\"{&quot;highlighted_text&quot;:&quot; &amp; Safety Policy&quot;,&quot;headline_style&quot;:&quot;highlight&quot;,&quot;marker&quot;:&quot;circle&quot;,&quot;loop&quot;:&quot;yes&quot;,&quot;highlight_animation_duration&quot;:1200,&quot;highlight_iteration_delay&quot;:8000}\" data-widget_type=\"animated-headline.default\">\n\t\t\t\t<div class=\"elementor-widget-container\">\n\t\t\t\t\t\t\t<h1 class=\"elementor-headline\">\n\t\t\t\t\t<span class=\"elementor-headline-plain-text elementor-headline-text-wrapper\">Calidad, medio ambiente, salud<\/span>\n\t\t\t\t<span class=\"elementor-headline-dynamic-wrapper elementor-headline-text-wrapper\">\n\t\t\t\t\t<span class=\"elementor-headline-dynamic-text elementor-headline-text-active\"> Pol\u00edtica de seguridad<\/span>\n\t\t\t\t<\/span>\n\t\t\t\t<\/h1>\n\t\t\t\t\t\t<\/div>\n\t\t\t\t<\/div>\n\t\t\t\t\t<\/div>\n\t\t\t\t<\/div>\n\t\t\t\t\t<\/div>\n\t\t\t\t<\/div>\n\t\t<div class=\"elementor-element elementor-element-4d4c5c2 e-flex e-con-boxed e-con e-parent\" data-id=\"4d4c5c2\" data-element_type=\"container\">\n\t\t\t\t\t<div class=\"e-con-inner\">\n\t\t<div class=\"elementor-element elementor-element-eb12525 e-con-full e-flex e-con e-child\" data-id=\"eb12525\" data-element_type=\"container\">\n\t\t\t\t<div class=\"elementor-element elementor-element-aca5121 elementor-widget elementor-widget-text-editor\" data-id=\"aca5121\" data-element_type=\"widget\" data-widget_type=\"text-editor.default\">\n\t\t\t\t<div class=\"elementor-widget-container\">\n\t\t\t\t\t\t\t\t\t<p>Exit Technologies se compromete a seguir los requisitos R2v3, ISO 45001:2018, ISO 14001:2015 e ISO 9001:2015 y a mantener la conformidad con los requisitos de nuestro sistema de gesti\u00f3n QEHS y su alcance. Estamos igualmente comprometidos a satisfacer y superar los requisitos de nuestros clientes, a mejorar continuamente nuestros procesos y a mantener el cumplimiento de la legislaci\u00f3n y los reglamentos pertinentes en materia de medio ambiente, salud y seguridad en el trabajo y seguridad de los datos. En consonancia con estas operaciones b\u00e1sicas, el objetivo general de Exit Technologies es cumplir sus objetivos empresariales y, al mismo tiempo, satisfacer y superar las expectativas en materia de medio ambiente, salud y seguridad de nuestros directivos, empleados, clientes, proveedores y organismos reguladores.<\/p><p>Mejoraremos continuamente nuestros sistemas a la vez que nos esforzamos por minimizar los impactos adversos sobre el medio ambiente mediante la gesti\u00f3n y el seguimiento a lo largo de la cadena de reciclaje de equipos, componentes y materiales electr\u00f3nicos usados y al final de su vida \u00fatil, incluidos los materiales de inter\u00e9s identificados en la norma R2v3 -tanto con respecto a las actividades in situ como a la selecci\u00f3n de proveedores posteriores- utilizando una jerarqu\u00eda de estrategias de gesti\u00f3n responsable de \"reutilizaci\u00f3n, recuperaci\u00f3n y eliminaci\u00f3n\" de forma que se proteja el medio ambiente, la salud y la seguridad de los trabajadores, nuestros clientes y nuestra comunidad.<\/p><ul><li><a href=\"https:\/\/exittechnologies.com\/es\/blog\/consejos-it\/maximice-la-rentabilidad-de-su-equipo-de-red-usado-en-suecia-por-que-exit-technologies-es-la-eleccion-de-confianza\/\">Exit Technologies se compromete a mejorar continuamente<\/a> y satisfacer las necesidades de nuestros clientes.<\/li><li>Exit Technologies est\u00e1 comprometida con la protecci\u00f3n del medio ambiente, incluida la prevenci\u00f3n de la contaminaci\u00f3n y la protecci\u00f3n de la biodiversidad y los ecosistemas mediante el reciclaje responsable.<\/li><li>Exit Technologies se compromete a proporcionar unas condiciones de trabajo seguras y saludables para la prevenci\u00f3n de lesiones y enfermedades y a controlar los riesgos para la salud y la seguridad en el trabajo utilizando la jerarqu\u00eda de controles para eliminar los peligros y reducir los riesgos QEHS.<\/li><li>Exit Technologies est\u00e1 comprometida con la participaci\u00f3n de los trabajadores y, cuando existan, de los representantes de los trabajadores, en los procesos de toma de decisiones del sistema de gesti\u00f3n de la calidad, la seguridad y la salud.<\/li><li>Exit Technologies se compromete a cumplir los requisitos legales y de otro tipo aplicables en relaci\u00f3n con los aspectos medioambientales y de salud y seguridad de nuestra actividad y a cumplir sus obligaciones de conformidad.<\/li><li>Exit Technologies se compromete a proporcionar un marco para establecer y revisar los objetivos de calidad, medio ambiente, salud y seguridad.<\/li><li>Exit Technologies se compromete a gestionar los equipos electr\u00f3nicos usados y al final de su vida \u00fatil siguiendo una jerarqu\u00eda de reutilizaci\u00f3n, reacondicionamiento, recuperaci\u00f3n y eliminaci\u00f3n que incluye la gesti\u00f3n in situ y posterior de los materiales a lo largo de toda la cadena de reciclaje.<\/li><li>Exit Technologies se compromete a gestionar los materiales de Focus a lo largo de toda la cadena de reciclaje hasta su eliminaci\u00f3n final con la debida diligencia para proteger a los trabajadores, al p\u00fablico y al medio ambiente.<\/li><li>Exit Technologies est\u00e1 comprometida con la mejora continua, que se consigue mediante el seguimiento de los objetivos y la evaluaci\u00f3n rigurosa de nuestro sistema de gesti\u00f3n.<\/li><li>Exit Technologies se compromete a comunicar y reforzar esta pol\u00edtica en toda la empresa, a todas las personas que trabajan para la organizaci\u00f3n o en su nombre, as\u00ed como a nuestros clientes, proveedores y otras partes interesadas.<\/li><\/ul>\t\t\t\t\t\t\t\t<\/div>\n\t\t\t\t<\/div>\n\t\t\t\t<\/div>\n\t\t\t\t\t<\/div>\n\t\t\t\t<\/div>\n\t\t\t\t<\/div>","protected":false},"excerpt":{"rendered":"<p>Quality, Environmental, Health &#038; Safety Policy Exit Technologies is committed to following the R2v3, ISO 45001:2018, ISO 14001:2015, and ISO 9001:2015 requirements and to maintaining conformance to the requirements of our QEHS management system and scope. We are equally committed to meeting and exceeding our customer requirements, to continually improving our processes and to maintaining [&hellip;]<\/p>\n","protected":false},"author":9,"featured_media":75080,"parent":25,"menu_order":0,"comment_status":"closed","ping_status":"closed","template":"elementor_header_footer","meta":{"_acf_changed":false,"episode_type":"","audio_file":"","podmotor_file_id":"","podmotor_episode_id":"","cover_image":"","cover_image_id":"","duration":"","filesize":"","filesize_raw":"","date_recorded":"","explicit":"","block":"","itunes_episode_number":"","itunes_title":"","itunes_season_number":"","itunes_episode_type":"","footnotes":""},"class_list":["post-75029","page","type-page","status-publish","has-post-thumbnail","hentry"],"acf":[],"_links":{"self":[{"href":"https:\/\/exittechnologies.com\/es\/wp-json\/wp\/v2\/pages\/75029","targetHints":{"allow":["GET"]}}],"collection":[{"href":"https:\/\/exittechnologies.com\/es\/wp-json\/wp\/v2\/pages"}],"about":[{"href":"https:\/\/exittechnologies.com\/es\/wp-json\/wp\/v2\/types\/page"}],"author":[{"embeddable":true,"href":"https:\/\/exittechnologies.com\/es\/wp-json\/wp\/v2\/users\/9"}],"replies":[{"embeddable":true,"href":"https:\/\/exittechnologies.com\/es\/wp-json\/wp\/v2\/comments?post=75029"}],"version-history":[{"count":0,"href":"https:\/\/exittechnologies.com\/es\/wp-json\/wp\/v2\/pages\/75029\/revisions"}],"up":[{"embeddable":true,"href":"https:\/\/exittechnologies.com\/es\/wp-json\/wp\/v2\/pages\/25"}],"wp:featuredmedia":[{"embeddable":true,"href":"https:\/\/exittechnologies.com\/es\/wp-json\/wp\/v2\/media\/75080"}],"wp:attachment":[{"href":"https:\/\/exittechnologies.com\/es\/wp-json\/wp\/v2\/media?parent=75029"}],"curies":[{"name":"wp","href":"https:\/\/api.w.org\/{rel}","templated":true}]}}