{"id":271,"date":"2024-01-30T17:24:31","date_gmt":"2024-01-30T17:24:31","guid":{"rendered":"https:\/\/exittechnlive.wpenginepowered.com\/?page_id=271"},"modified":"2025-07-08T19:54:00","modified_gmt":"2025-07-08T19:54:00","slug":"certifications","status":"publish","type":"page","link":"https:\/\/exittechnologies.com\/es\/acerca-de-nosotros\/certifications\/","title":{"rendered":"Certificaciones"},"content":{"rendered":"<div data-elementor-type=\"wp-page\" data-elementor-id=\"271\" class=\"elementor elementor-271\" data-elementor-post-type=\"page\">\n\t\t\t\t<div class=\"elementor-element elementor-element-a4a780f e-flex e-con-boxed e-con e-parent\" data-id=\"a4a780f\" data-element_type=\"container\">\n\t\t\t\t\t<div class=\"e-con-inner\">\n\t\t<div class=\"elementor-element elementor-element-d18f057 e-flex e-con-boxed e-con e-child\" data-id=\"d18f057\" data-element_type=\"container\">\n\t\t\t\t\t<div class=\"e-con-inner\">\n\t\t\t\t<div class=\"elementor-element elementor-element-0f3ae0f elementor-widget-tablet__width-inherit elementor-headline--style-highlight elementor-widget elementor-widget-animated-headline\" data-id=\"0f3ae0f\" data-element_type=\"widget\" data-settings=\"{&quot;highlighted_text&quot;:&quot;Certifications&quot;,&quot;headline_style&quot;:&quot;highlight&quot;,&quot;marker&quot;:&quot;circle&quot;,&quot;loop&quot;:&quot;yes&quot;,&quot;highlight_animation_duration&quot;:1200,&quot;highlight_iteration_delay&quot;:8000}\" data-widget_type=\"animated-headline.default\">\n\t\t\t\t<div class=\"elementor-widget-container\">\n\t\t\t\t\t\t\t<h1 class=\"elementor-headline\">\n\t\t\t\t<span class=\"elementor-headline-dynamic-wrapper elementor-headline-text-wrapper\">\n\t\t\t\t\t<span class=\"elementor-headline-dynamic-text elementor-headline-text-active\">Certificaciones<\/span>\n\t\t\t\t<\/span>\n\t\t\t\t<\/h1>\n\t\t\t\t\t\t<\/div>\n\t\t\t\t<\/div>\n\t\t\t\t\t<\/div>\n\t\t\t\t<\/div>\n\t\t\t\t\t<\/div>\n\t\t\t\t<\/div>\n\t\t<div class=\"elementor-element elementor-element-6ac2f93f e-flex e-con-boxed e-con e-parent\" data-id=\"6ac2f93f\" data-element_type=\"container\">\n\t\t\t\t\t<div class=\"e-con-inner\">\n\t\t<div class=\"elementor-element elementor-element-63d368a6 e-con-full e-flex e-con e-child\" data-id=\"63d368a6\" data-element_type=\"container\">\n\t\t\t\t<div class=\"elementor-element elementor-element-29568a0 elementor-widget elementor-widget-image\" data-id=\"29568a0\" data-element_type=\"widget\" data-widget_type=\"image.default\">\n\t\t\t\t<div class=\"elementor-widget-container\">\n\t\t\t\t\t\t\t\t\t\t\t\t\t\t\t\t<a href=\"https:\/\/sustainableelectronics.org\/\" target=\"_blank\" rel=\"noopener\">\n\t\t\t\t\t\t\t<img decoding=\"async\" width=\"288\" height=\"300\" src=\"https:\/\/exittechnologies.com\/wp-content\/uploads\/2024\/01\/R2-V3-icon-288x300-removebg-preview.png\" class=\"attachment-full size-full wp-image-131\" alt=\"Logotipo R2 Certified Peace of Mind\" \/>\t\t\t\t\t\t\t\t<\/a>\n\t\t\t\t\t\t\t\t\t\t\t\t\t\t\t<\/div>\n\t\t\t\t<\/div>\n\t\t\t\t<div class=\"elementor-element elementor-element-1d1a5e39 elementor-headline--style-highlight elementor-widget elementor-widget-animated-headline\" data-id=\"1d1a5e39\" data-element_type=\"widget\" data-settings=\"{&quot;highlighted_text&quot;:&quot; Peace of Mind&quot;,&quot;headline_style&quot;:&quot;highlight&quot;,&quot;marker&quot;:&quot;circle&quot;,&quot;loop&quot;:&quot;yes&quot;,&quot;highlight_animation_duration&quot;:1200,&quot;highlight_iteration_delay&quot;:8000}\" data-widget_type=\"animated-headline.default\">\n\t\t\t\t<div class=\"elementor-widget-container\">\n\t\t\t\t\t\t\t<h2 class=\"elementor-headline\">\n\t\t\t\t\t<span class=\"elementor-headline-plain-text elementor-headline-text-wrapper\">Certificado R2<\/span>\n\t\t\t\t<span class=\"elementor-headline-dynamic-wrapper elementor-headline-text-wrapper\">\n\t\t\t\t\t<span class=\"elementor-headline-dynamic-text elementor-headline-text-active\"> Tranquilidad<\/span>\n\t\t\t\t<\/span>\n\t\t\t\t<\/h2>\n\t\t\t\t\t\t<\/div>\n\t\t\t\t<\/div>\n\t\t\t\t<div class=\"elementor-element elementor-element-1dd11005 elementor-widget__width-initial elementor-widget-tablet__width-inherit elementor-widget elementor-widget-text-editor\" data-id=\"1dd11005\" data-element_type=\"widget\" data-widget_type=\"text-editor.default\">\n\t\t\t\t<div class=\"elementor-widget-container\">\n\t\t\t\t\t\t\t\t\t<p>\u00bfEst\u00e1 en buenas manos? Cuando te despides de tu viejo equipo inform\u00e1tico mientras el cami\u00f3n del reciclador se aleja de tu muelle, \u00bfad\u00f3nde va a parar realmente? \u00bfEs importante? La marca de su empresa suele considerarse lo m\u00e1s valioso que tiene. Cuando sus clientes ven sus emblemas, recuerdan los a\u00f1os de excelencia que les ha proporcionado.<br \/><br \/>\u00bfY si esa reputaci\u00f3n se viera empa\u00f1ada? \u00bfY si su empresa apareciera en las noticias por filtrar documentos confidenciales o contaminar el medio ambiente con la eliminaci\u00f3n inadecuada de residuos electr\u00f3nicos, que filtran mercurio, plomo y otros metales pesados al suministro local de agua?<br \/><br \/>SERI mantiene la norma R2 mediante auditores in situ. De este modo, se ha comprobado que todos los procesos y flujos de material de nuestra empresa son respetuosos con el medio ambiente. Tambi\u00e9n afirma que nuestras pr\u00e1cticas de borrado cumplen las directrices del Instituto Nacional de Normas y Tecnolog\u00eda para un borrado eficaz. Durante nuestra \u00faltima auditor\u00eda no tuvimos ninguna no conformidad. Pregunte a nuestros competidores si pueden decir lo mismo.<\/p>\t\t\t\t\t\t\t\t<\/div>\n\t\t\t\t<\/div>\n\t\t\t\t<div class=\"elementor-element elementor-element-3d896755 elementor-align-left elementor-tablet-align-left elementor-mobile-align-justify elementor-widget__width-auto elementor-widget elementor-widget-button\" data-id=\"3d896755\" data-element_type=\"widget\" data-widget_type=\"button.default\">\n\t\t\t\t<div class=\"elementor-widget-container\">\n\t\t\t\t\t\t\t\t\t<div class=\"elementor-button-wrapper\">\n\t\t\t\t\t<a class=\"elementor-button elementor-button-link elementor-size-md\" href=\"https:\/\/exittechnologies.com\/es\/contacto\/\">\n\t\t\t\t\t\t<span class=\"elementor-button-content-wrapper\">\n\t\t\t\t\t\t\t\t\t<span class=\"elementor-button-text\">Solicitar presupuesto <\/span>\n\t\t\t\t\t<\/span>\n\t\t\t\t\t<\/a>\n\t\t\t\t<\/div>\n\t\t\t\t\t\t\t\t<\/div>\n\t\t\t\t<\/div>\n\t\t\t\t<\/div>\n\t\t<div class=\"elementor-element elementor-element-a9e5722 e-con-full e-flex e-con e-child\" data-id=\"a9e5722\" data-element_type=\"container\" data-settings=\"{&quot;background_background&quot;:&quot;classic&quot;}\">\n\t\t\t\t<div class=\"elementor-element elementor-element-12efaae8 elementor-widget elementor-widget-image\" data-id=\"12efaae8\" data-element_type=\"widget\" data-widget_type=\"image.default\">\n\t\t\t\t<div class=\"elementor-widget-container\">\n\t\t\t\t\t\t\t\t\t\t\t\t\t\t\t<img decoding=\"async\" width=\"600\" height=\"588\" src=\"https:\/\/exittechnologies.com\/wp-content\/uploads\/2024\/01\/Recycling-Symbol.png\" class=\"attachment-large size-large wp-image-274\" alt=\"\" srcset=\"https:\/\/exittechnologies.com\/wp-content\/uploads\/2024\/01\/Recycling-Symbol.png 600w, https:\/\/exittechnologies.com\/wp-content\/uploads\/2024\/01\/Recycling-Symbol-300x294.png 300w\" sizes=\"(max-width: 600px) 100vw, 600px\" \/>\t\t\t\t\t\t\t\t\t\t\t\t\t\t\t<\/div>\n\t\t\t\t<\/div>\n\t\t\t\t<\/div>\n\t\t\t\t\t<\/div>\n\t\t\t\t<\/div>\n\t\t<div class=\"elementor-element elementor-element-736f0e95 e-flex e-con-boxed e-con e-parent\" data-id=\"736f0e95\" data-element_type=\"container\">\n\t\t\t\t\t<div class=\"e-con-inner\">\n\t\t<div class=\"elementor-element elementor-element-7360d389 e-con-full e-flex e-con e-child\" data-id=\"7360d389\" data-element_type=\"container\" data-settings=\"{&quot;background_background&quot;:&quot;classic&quot;}\">\n\t\t<div class=\"elementor-element elementor-element-4136da65 e-con-full e-flex e-con e-child\" data-id=\"4136da65\" data-element_type=\"container\">\n\t\t\t\t<div class=\"elementor-element elementor-element-719ca4c7 elementor-headline--style-highlight elementor-widget elementor-widget-animated-headline\" data-id=\"719ca4c7\" data-element_type=\"widget\" data-settings=\"{&quot;highlighted_text&quot;:&quot;Achieved&quot;,&quot;headline_style&quot;:&quot;highlight&quot;,&quot;marker&quot;:&quot;circle&quot;,&quot;loop&quot;:&quot;yes&quot;,&quot;highlight_animation_duration&quot;:1200,&quot;highlight_iteration_delay&quot;:8000}\" data-widget_type=\"animated-headline.default\">\n\t\t\t\t<div class=\"elementor-widget-container\">\n\t\t\t\t\t\t\t<h2 class=\"elementor-headline\">\n\t\t\t\t\t<span class=\"elementor-headline-plain-text elementor-headline-text-wrapper\">Certificaciones que hemos <\/span>\n\t\t\t\t<span class=\"elementor-headline-dynamic-wrapper elementor-headline-text-wrapper\">\n\t\t\t\t\t<span class=\"elementor-headline-dynamic-text elementor-headline-text-active\">Conseguido<\/span>\n\t\t\t\t<\/span>\n\t\t\t\t<\/h2>\n\t\t\t\t\t\t<\/div>\n\t\t\t\t<\/div>\n\t\t\t\t<div class=\"elementor-element elementor-element-41b70514 elementor-widget__width-inherit elementor-widget elementor-widget-text-editor\" data-id=\"41b70514\" data-element_type=\"widget\" data-widget_type=\"text-editor.default\">\n\t\t\t\t<div class=\"elementor-widget-container\">\n\t\t\t\t\t\t\t\t\t<p>Experimente nuestra c\u00e1lida bienvenida y nuestro servicio personalizado. Acomp\u00e1\u00f1enos en una visita in situ y descubra de primera mano el poder transformador de nuestras soluciones a medida.<\/p>\t\t\t\t\t\t\t\t<\/div>\n\t\t\t\t<\/div>\n\t\t\t\t<div class=\"elementor-element elementor-element-4038571c elementor-align-left elementor-tablet-align-left elementor-mobile-align-justify elementor-widget__width-auto elementor-widget-mobile__width-inherit elementor-widget elementor-widget-button\" data-id=\"4038571c\" data-element_type=\"widget\" data-widget_type=\"button.default\">\n\t\t\t\t<div class=\"elementor-widget-container\">\n\t\t\t\t\t\t\t\t\t<div class=\"elementor-button-wrapper\">\n\t\t\t\t\t<a class=\"elementor-button elementor-button-link elementor-size-md\" href=\"https:\/\/exittechnologies.com\/es\/contacto\/\">\n\t\t\t\t\t\t<span class=\"elementor-button-content-wrapper\">\n\t\t\t\t\t\t\t\t\t<span class=\"elementor-button-text\">Solicitar presupuesto <\/span>\n\t\t\t\t\t<\/span>\n\t\t\t\t\t<\/a>\n\t\t\t\t<\/div>\n\t\t\t\t\t\t\t\t<\/div>\n\t\t\t\t<\/div>\n\t\t\t\t<\/div>\n\t\t<div class=\"elementor-element elementor-element-2dd0d84d e-con-full e-flex e-con e-child\" data-id=\"2dd0d84d\" data-element_type=\"container\">\n\t\t<div class=\"elementor-element elementor-element-2ddeb3ba e-grid e-con-boxed e-con e-child\" data-id=\"2ddeb3ba\" data-element_type=\"container\">\n\t\t\t\t\t<div class=\"e-con-inner\">\n\t\t\t\t<div class=\"elementor-element elementor-element-367167dd elementor-widget elementor-widget-image\" data-id=\"367167dd\" data-element_type=\"widget\" data-widget_type=\"image.default\">\n\t\t\t\t<div class=\"elementor-widget-container\">\n\t\t\t\t\t\t\t\t\t\t\t\t\t\t\t<img decoding=\"async\" width=\"193\" height=\"250\" src=\"https:\/\/exittechnologies.com\/wp-content\/uploads\/2024\/01\/r2v3.png\" class=\"attachment-full size-full wp-image-278\" alt=\"\" \/>\t\t\t\t\t\t\t\t\t\t\t\t\t\t\t<\/div>\n\t\t\t\t<\/div>\n\t\t\t\t<div class=\"elementor-element elementor-element-3e059021 elementor-widget elementor-widget-image\" data-id=\"3e059021\" data-element_type=\"widget\" data-widget_type=\"image.default\">\n\t\t\t\t<div class=\"elementor-widget-container\">\n\t\t\t\t\t\t\t\t\t\t\t\t\t\t\t<img decoding=\"async\" width=\"193\" height=\"250\" src=\"https:\/\/exittechnologies.com\/wp-content\/uploads\/2024\/01\/ISO45001.png\" class=\"attachment-full size-full wp-image-277\" alt=\"\" \/>\t\t\t\t\t\t\t\t\t\t\t\t\t\t\t<\/div>\n\t\t\t\t<\/div>\n\t\t\t\t<div class=\"elementor-element elementor-element-1969d2ae elementor-widget elementor-widget-image\" data-id=\"1969d2ae\" data-element_type=\"widget\" data-widget_type=\"image.default\">\n\t\t\t\t<div class=\"elementor-widget-container\">\n\t\t\t\t\t\t\t\t\t\t\t\t\t\t\t<img decoding=\"async\" width=\"193\" height=\"250\" src=\"https:\/\/exittechnologies.com\/wp-content\/uploads\/2024\/01\/ISO14001.png\" class=\"attachment-full size-full wp-image-276\" alt=\"\" \/>\t\t\t\t\t\t\t\t\t\t\t\t\t\t\t<\/div>\n\t\t\t\t<\/div>\n\t\t\t\t<div class=\"elementor-element elementor-element-5b66cbc7 elementor-widget elementor-widget-image\" data-id=\"5b66cbc7\" data-element_type=\"widget\" data-widget_type=\"image.default\">\n\t\t\t\t<div class=\"elementor-widget-container\">\n\t\t\t\t\t\t\t\t\t\t\t\t\t\t\t<img decoding=\"async\" width=\"193\" height=\"250\" src=\"https:\/\/exittechnologies.com\/wp-content\/uploads\/2024\/01\/ISO9100.png\" class=\"attachment-full size-full wp-image-275\" alt=\"\" \/>\t\t\t\t\t\t\t\t\t\t\t\t\t\t\t<\/div>\n\t\t\t\t<\/div>\n\t\t\t\t\t<\/div>\n\t\t\t\t<\/div>\n\t\t\t\t<\/div>\n\t\t\t\t<\/div>\n\t\t\t\t\t<\/div>\n\t\t\t\t<\/div>\n\t\t<div class=\"elementor-element elementor-element-195fe193 e-flex e-con-boxed e-con e-parent\" data-id=\"195fe193\" data-element_type=\"container\" data-settings=\"{&quot;background_background&quot;:&quot;classic&quot;}\">\n\t\t\t\t\t<div class=\"e-con-inner\">\n\t\t<div class=\"elementor-element elementor-element-7276ad94 e-flex e-con-boxed e-con e-child\" data-id=\"7276ad94\" data-element_type=\"container\">\n\t\t\t\t\t<div class=\"e-con-inner\">\n\t\t\t\t<div class=\"elementor-element elementor-element-2aa5bdf8 elementor-headline--style-highlight elementor-widget elementor-widget-animated-headline\" data-id=\"2aa5bdf8\" data-element_type=\"widget\" data-settings=\"{&quot;highlighted_text&quot;:&quot;You&quot;,&quot;headline_style&quot;:&quot;highlight&quot;,&quot;marker&quot;:&quot;circle&quot;,&quot;loop&quot;:&quot;yes&quot;,&quot;highlight_animation_duration&quot;:1200,&quot;highlight_iteration_delay&quot;:8000}\" data-widget_type=\"animated-headline.default\">\n\t\t\t\t<div class=\"elementor-widget-container\">\n\t\t\t\t\t\t\t<h2 class=\"elementor-headline\">\n\t\t\t\t\t<span class=\"elementor-headline-plain-text elementor-headline-text-wrapper\">Nuestro compromiso <\/span>\n\t\t\t\t<span class=\"elementor-headline-dynamic-wrapper elementor-headline-text-wrapper\">\n\t\t\t\t\t<span class=\"elementor-headline-dynamic-text elementor-headline-text-active\">Usted<\/span>\n\t\t\t\t<\/span>\n\t\t\t\t<\/h2>\n\t\t\t\t\t\t<\/div>\n\t\t\t\t<\/div>\n\t\t<div class=\"elementor-element elementor-element-87add7c e-flex e-con-boxed e-con e-child\" data-id=\"87add7c\" data-element_type=\"container\">\n\t\t\t\t\t<div class=\"e-con-inner\">\n\t\t<div class=\"elementor-element elementor-element-4f26364e e-con-full e-flex e-con e-child\" data-id=\"4f26364e\" data-element_type=\"container\">\n\t\t\t\t<div class=\"elementor-element elementor-element-6356bf8f elementor-widget elementor-widget-heading\" data-id=\"6356bf8f\" data-element_type=\"widget\" data-widget_type=\"heading.default\">\n\t\t\t\t<div class=\"elementor-widget-container\">\n\t\t\t\t\t<h3 class=\"elementor-heading-title elementor-size-default\">Visitas in situ\n<\/h3>\t\t\t\t<\/div>\n\t\t\t\t<\/div>\n\t\t\t\t<div class=\"elementor-element elementor-element-c1ce239 elementor-widget elementor-widget-text-editor\" data-id=\"c1ce239\" data-element_type=\"widget\" data-widget_type=\"text-editor.default\">\n\t\t\t\t<div class=\"elementor-widget-container\">\n\t\t\t\t\t\t\t\t\t<p>Convenza a su jefe para que realice una auditor\u00eda in situ en nuestras instalaciones de Naples, Florida. Cuando en el norte hace un fr\u00edo que pela, aqu\u00ed la temperatura es de 76 grados. Conozca a nuestro personal, vea c\u00f3mo convertimos su exceso en dinero para usted, y vea nuestra sala segura de borrado de discos duros.<\/p>\t\t\t\t\t\t\t\t<\/div>\n\t\t\t\t<\/div>\n\t\t\t\t<\/div>\n\t\t<div class=\"elementor-element elementor-element-3b4cca5e e-con-full e-flex e-con e-child\" data-id=\"3b4cca5e\" data-element_type=\"container\" data-settings=\"{&quot;background_background&quot;:&quot;classic&quot;}\">\n\t\t\t\t<div class=\"elementor-element elementor-element-572088f0 elementor-widget elementor-widget-image\" data-id=\"572088f0\" data-element_type=\"widget\" data-widget_type=\"image.default\">\n\t\t\t\t<div class=\"elementor-widget-container\">\n\t\t\t\t\t\t\t\t\t\t\t\t\t\t\t\t<a href=\"https:\/\/sustainableelectronics.org\/\" target=\"_blank\" rel=\"noopener\">\n\t\t\t\t\t\t\t<img decoding=\"async\" width=\"400\" height=\"417\" src=\"https:\/\/exittechnologies.com\/wp-content\/uploads\/2024\/05\/r2v3-logo-1-2.png\" class=\"attachment-full size-full wp-image-75490\" alt=\"\" srcset=\"https:\/\/exittechnologies.com\/wp-content\/uploads\/2024\/05\/r2v3-logo-1-2.png 400w, https:\/\/exittechnologies.com\/wp-content\/uploads\/2024\/05\/r2v3-logo-1-2-288x300.png 288w\" sizes=\"(max-width: 400px) 100vw, 400px\" \/>\t\t\t\t\t\t\t\t<\/a>\n\t\t\t\t\t\t\t\t\t\t\t\t\t\t\t<\/div>\n\t\t\t\t<\/div>\n\t\t\t\t<\/div>\n\t\t\t\t\t<\/div>\n\t\t\t\t<\/div>\n\t\t<div class=\"elementor-element elementor-element-41fdfe56 e-flex e-con-boxed e-con e-child\" data-id=\"41fdfe56\" data-element_type=\"container\">\n\t\t\t\t\t<div class=\"e-con-inner\">\n\t\t<div class=\"elementor-element elementor-element-1fc349c6 e-con-full e-flex e-con e-child\" data-id=\"1fc349c6\" data-element_type=\"container\">\n\t\t\t\t<div class=\"elementor-element elementor-element-24d83fe5 elementor-widget elementor-widget-heading\" data-id=\"24d83fe5\" data-element_type=\"widget\" data-widget_type=\"heading.default\">\n\t\t\t\t<div class=\"elementor-widget-container\">\n\t\t\t\t\t<h3 class=\"elementor-heading-title elementor-size-default\">Conformidad con la HIPAA\n<\/h3>\t\t\t\t<\/div>\n\t\t\t\t<\/div>\n\t\t\t\t<div class=\"elementor-element elementor-element-5de508d4 elementor-widget elementor-widget-text-editor\" data-id=\"5de508d4\" data-element_type=\"widget\" data-widget_type=\"text-editor.default\">\n\t\t\t\t<div class=\"elementor-widget-container\">\n\t\t\t\t\t\t\t\t\t<p>Normativa que exige un seguimiento posterior y <a href=\"https:\/\/exittechnologies.com\/es\/blog\/consejos-it\/importancia-de-la-destruccion-segura-de-datos\/\">destrucci\u00f3n documentada de datos<\/a> pueden satisfacerse con nuestra certificaci\u00f3n R2 u otras certificaciones ISO. Por ejemplo, la normativa HIPAA exige que ning\u00fan dato de pacientes caiga en manos equivocadas. Adquirimos, transportamos y borramos de forma segura los soportes que contienen datos confidenciales. La destrucci\u00f3n a distancia o in situ tambi\u00e9n puede estar disponible en su zona.<\/p>\t\t\t\t\t\t\t\t<\/div>\n\t\t\t\t<\/div>\n\t\t\t\t<\/div>\n\t\t<div class=\"elementor-element elementor-element-20b3eb67 e-con-full e-flex e-con e-child\" data-id=\"20b3eb67\" data-element_type=\"container\" data-settings=\"{&quot;background_background&quot;:&quot;classic&quot;}\">\n\t\t\t\t<div class=\"elementor-element elementor-element-46f79157 elementor-widget elementor-widget-image\" data-id=\"46f79157\" data-element_type=\"widget\" data-widget_type=\"image.default\">\n\t\t\t\t<div class=\"elementor-widget-container\">\n\t\t\t\t\t\t\t\t\t\t\t\t\t\t\t<img decoding=\"async\" width=\"468\" height=\"210\" src=\"https:\/\/exittechnologies.com\/wp-content\/uploads\/2024\/01\/28624130_19027-removebg-preview-e1704793156246.png\" class=\"attachment-full size-full wp-image-130\" alt=\"La tecnolog\u00eda exIT cumple la normativa HIPPA\" srcset=\"https:\/\/exittechnologies.com\/wp-content\/uploads\/2024\/01\/28624130_19027-removebg-preview-e1704793156246.png 468w, https:\/\/exittechnologies.com\/wp-content\/uploads\/2024\/01\/28624130_19027-removebg-preview-e1704793156246-300x135.png 300w\" sizes=\"(max-width: 468px) 100vw, 468px\" \/>\t\t\t\t\t\t\t\t\t\t\t\t\t\t\t<\/div>\n\t\t\t\t<\/div>\n\t\t\t\t<\/div>\n\t\t\t\t\t<\/div>\n\t\t\t\t<\/div>\n\t\t<div class=\"elementor-element elementor-element-4072a099 e-flex e-con-boxed e-con e-child\" data-id=\"4072a099\" data-element_type=\"container\">\n\t\t\t\t\t<div class=\"e-con-inner\">\n\t\t<div class=\"elementor-element elementor-element-7b97154c e-con-full e-flex e-con e-child\" data-id=\"7b97154c\" data-element_type=\"container\" data-settings=\"{&quot;background_background&quot;:&quot;classic&quot;}\">\n\t\t\t\t<div class=\"elementor-element elementor-element-5756113 elementor-widget elementor-widget-image\" data-id=\"5756113\" data-element_type=\"widget\" data-widget_type=\"image.default\">\n\t\t\t\t<div class=\"elementor-widget-container\">\n\t\t\t\t\t\t\t\t\t\t\t\t\t\t\t<img decoding=\"async\" width=\"328\" height=\"286\" src=\"https:\/\/exittechnologies.com\/wp-content\/uploads\/2024\/01\/ios.png\" class=\"attachment-full size-full wp-image-135\" alt=\"Empresa con certificaci\u00f3n ISO\" srcset=\"https:\/\/exittechnologies.com\/wp-content\/uploads\/2024\/01\/ios.png 328w, https:\/\/exittechnologies.com\/wp-content\/uploads\/2024\/01\/ios-300x262.png 300w\" sizes=\"(max-width: 328px) 100vw, 328px\" \/>\t\t\t\t\t\t\t\t\t\t\t\t\t\t\t<\/div>\n\t\t\t\t<\/div>\n\t\t\t\t<\/div>\n\t\t<div class=\"elementor-element elementor-element-600c2840 e-con-full e-flex e-con e-child\" data-id=\"600c2840\" data-element_type=\"container\">\n\t\t\t\t<div class=\"elementor-element elementor-element-6c9aceb elementor-widget elementor-widget-heading\" data-id=\"6c9aceb\" data-element_type=\"widget\" data-widget_type=\"heading.default\">\n\t\t\t\t<div class=\"elementor-widget-container\">\n\t\t\t\t\t<h3 class=\"elementor-heading-title elementor-size-default\">Certificaciones ISO\n<\/h3>\t\t\t\t<\/div>\n\t\t\t\t<\/div>\n\t\t\t\t<div class=\"elementor-element elementor-element-5081bf70 elementor-widget elementor-widget-text-editor\" data-id=\"5081bf70\" data-element_type=\"widget\" data-widget_type=\"text-editor.default\">\n\t\t\t\t<div class=\"elementor-widget-container\">\n\t\t\t\t\t\t\t\t\t<p>Contamos con las certificaciones ISO 45001 (salud y seguridad), ISO 14001 (medio ambiente) e ISO 9001 (calidad), que son sistemas de gesti\u00f3n centrados en el mantenimiento y la mejora del medio ambiente.<\/p>\t\t\t\t\t\t\t\t<\/div>\n\t\t\t\t<\/div>\n\t\t\t\t<\/div>\n\t\t\t\t\t<\/div>\n\t\t\t\t<\/div>\n\t\t\t\t\t<\/div>\n\t\t\t\t<\/div>\n\t\t\t\t\t<\/div>\n\t\t\t\t<\/div>\n\t\t\t\t<\/div>","protected":false},"excerpt":{"rendered":"<p>Certifications R2 Certified Peace of Mind Are you in good hands? When you wave goodbye to your old IT as the recycler\u2019s truck pulls away from your dock, where does it really go? Does it matter? Your company\u2019s brand is often considered the most valuable thing it has. When your clients see your emblems, they [&hellip;]<\/p>\n","protected":false},"author":9,"featured_media":75080,"parent":25,"menu_order":0,"comment_status":"closed","ping_status":"closed","template":"elementor_header_footer","meta":{"_acf_changed":false,"episode_type":"","audio_file":"","podmotor_file_id":"","podmotor_episode_id":"","cover_image":"","cover_image_id":"","duration":"","filesize":"","filesize_raw":"","date_recorded":"","explicit":"","block":"","itunes_episode_number":"","itunes_title":"","itunes_season_number":"","itunes_episode_type":"","footnotes":""},"class_list":["post-271","page","type-page","status-publish","has-post-thumbnail","hentry"],"acf":[],"_links":{"self":[{"href":"https:\/\/exittechnologies.com\/es\/wp-json\/wp\/v2\/pages\/271","targetHints":{"allow":["GET"]}}],"collection":[{"href":"https:\/\/exittechnologies.com\/es\/wp-json\/wp\/v2\/pages"}],"about":[{"href":"https:\/\/exittechnologies.com\/es\/wp-json\/wp\/v2\/types\/page"}],"author":[{"embeddable":true,"href":"https:\/\/exittechnologies.com\/es\/wp-json\/wp\/v2\/users\/9"}],"replies":[{"embeddable":true,"href":"https:\/\/exittechnologies.com\/es\/wp-json\/wp\/v2\/comments?post=271"}],"version-history":[{"count":0,"href":"https:\/\/exittechnologies.com\/es\/wp-json\/wp\/v2\/pages\/271\/revisions"}],"up":[{"embeddable":true,"href":"https:\/\/exittechnologies.com\/es\/wp-json\/wp\/v2\/pages\/25"}],"wp:featuredmedia":[{"embeddable":true,"href":"https:\/\/exittechnologies.com\/es\/wp-json\/wp\/v2\/media\/75080"}],"wp:attachment":[{"href":"https:\/\/exittechnologies.com\/es\/wp-json\/wp\/v2\/media?parent=271"}],"curies":[{"name":"wp","href":"https:\/\/api.w.org\/{rel}","templated":true}]}}