{"id":76600,"date":"2024-05-21T19:14:05","date_gmt":"2024-05-21T19:14:05","guid":{"rendered":"https:\/\/exittechnlive.wpenginepowered.com\/?page_id=76600"},"modified":"2025-10-22T19:36:42","modified_gmt":"2025-10-22T19:36:42","slug":"arbeitsplatze","status":"publish","type":"page","link":"https:\/\/exittechnologies.com\/de\/uber-uns\/arbeitsplatze\/","title":{"rendered":"Wir stellen ein!"},"content":{"rendered":"<div data-elementor-type=\"wp-page\" data-elementor-id=\"76600\" class=\"elementor elementor-76600\" data-elementor-post-type=\"page\">\n\t\t\t\t<div class=\"elementor-element elementor-element-fddeb90 e-flex e-con-boxed e-con e-parent\" data-id=\"fddeb90\" data-element_type=\"container\">\n\t\t\t\t\t<div class=\"e-con-inner\">\n\t\t<div class=\"elementor-element elementor-element-1a94843 e-flex e-con-boxed e-con e-child\" data-id=\"1a94843\" data-element_type=\"container\">\n\t\t\t\t\t<div class=\"e-con-inner\">\n\t\t\t\t<div class=\"elementor-element elementor-element-eae79c1 elementor-headline--style-highlight elementor-widget elementor-widget-animated-headline\" data-id=\"eae79c1\" data-element_type=\"widget\" data-settings=\"{&quot;highlighted_text&quot;:&quot;Hiring!&quot;,&quot;headline_style&quot;:&quot;highlight&quot;,&quot;marker&quot;:&quot;circle&quot;,&quot;loop&quot;:&quot;yes&quot;,&quot;highlight_animation_duration&quot;:1200,&quot;highlight_iteration_delay&quot;:8000}\" data-widget_type=\"animated-headline.default\">\n\t\t\t\t<div class=\"elementor-widget-container\">\n\t\t\t\t\t\t\t<h1 class=\"elementor-headline\">\n\t\t\t\t\t<span class=\"elementor-headline-plain-text elementor-headline-text-wrapper\">Wir sind <\/span>\n\t\t\t\t<span class=\"elementor-headline-dynamic-wrapper elementor-headline-text-wrapper\">\n\t\t\t\t\t<span class=\"elementor-headline-dynamic-text elementor-headline-text-active\">Einstellen!<\/span>\n\t\t\t\t<\/span>\n\t\t\t\t<\/h1>\n\t\t\t\t\t\t<\/div>\n\t\t\t\t<\/div>\n\t\t\t\t\t<\/div>\n\t\t\t\t<\/div>\n\t\t\t\t\t<\/div>\n\t\t\t\t<\/div>\n\t\t<div class=\"elementor-element elementor-element-51b5c6c e-flex e-con-boxed e-con e-parent\" data-id=\"51b5c6c\" data-element_type=\"container\" data-settings=\"{&quot;background_background&quot;:&quot;classic&quot;}\">\n\t\t\t\t\t<div class=\"e-con-inner\">\n\t\t<div class=\"elementor-element elementor-element-b443ad7 e-con-full e-flex e-con e-child\" data-id=\"b443ad7\" data-element_type=\"container\" data-settings=\"{&quot;background_background&quot;:&quot;classic&quot;}\">\n\t\t\t\t<div class=\"elementor-element elementor-element-8558f8c elementor-widget__width-inherit elementor-headline--style-highlight elementor-widget elementor-widget-animated-headline\" data-id=\"8558f8c\" data-element_type=\"widget\" data-settings=\"{&quot;highlighted_text&quot;:&quot;Background&quot;,&quot;headline_style&quot;:&quot;highlight&quot;,&quot;marker&quot;:&quot;circle&quot;,&quot;loop&quot;:&quot;yes&quot;,&quot;highlight_animation_duration&quot;:1200,&quot;highlight_iteration_delay&quot;:8000}\" data-widget_type=\"animated-headline.default\">\n\t\t\t\t<div class=\"elementor-widget-container\">\n\t\t\t\t\t\t\t<h2 class=\"elementor-headline\">\n\t\t\t\t\t<span class=\"elementor-headline-plain-text elementor-headline-text-wrapper\">Unternehmen <\/span>\n\t\t\t\t<span class=\"elementor-headline-dynamic-wrapper elementor-headline-text-wrapper\">\n\t\t\t\t\t<span class=\"elementor-headline-dynamic-text elementor-headline-text-active\">Hintergrund<\/span>\n\t\t\t\t<\/span>\n\t\t\t\t<\/h2>\n\t\t\t\t\t\t<\/div>\n\t\t\t\t<\/div>\n\t\t\t\t<div class=\"elementor-element elementor-element-82b0916 elementor-widget elementor-widget-text-editor\" data-id=\"82b0916\" data-element_type=\"widget\" data-widget_type=\"text-editor.default\">\n\t\t\t\t<div class=\"elementor-widget-container\">\n\t\t\t\t\t\t\t\t\t<p>Exit Technologies ist ein zweckorientiertes Unternehmen, das durch die Wiederverwendung und verantwortungsvolle Entsorgung von Elektronikger\u00e4ten, die Bereitstellung von Technologie f\u00fcr diejenigen, die sich neuere Technologien nicht leisten k\u00f6nnen, und den Schutz privater und pers\u00f6nlicher Daten f\u00fcr Hunderte von Unternehmen und Menschen weltweit einen \u00f6kologischen und sozialen Nutzen bietet. Wir gewinnen den Wert von Servern und Komponenten auf Gro\u00dfhandelsebene zur\u00fcck. Wir k\u00fcmmern uns um Logistik, Demontage, Pr\u00fcfung, L\u00f6schung, Qualit\u00e4tskontrolle und Wiederverkauf.<\/p>\t\t\t\t\t\t\t\t<\/div>\n\t\t\t\t<\/div>\n\t\t\t\t<div class=\"elementor-element elementor-element-97c9d92 elementor-widget__width-inherit elementor-headline--style-highlight elementor-widget elementor-widget-animated-headline\" data-id=\"97c9d92\" data-element_type=\"widget\" data-settings=\"{&quot;headline_style&quot;:&quot;highlight&quot;,&quot;marker&quot;:&quot;circle&quot;,&quot;loop&quot;:&quot;yes&quot;,&quot;highlight_animation_duration&quot;:1200,&quot;highlight_iteration_delay&quot;:8000}\" data-widget_type=\"animated-headline.default\">\n\t\t\t\t<div class=\"elementor-widget-container\">\n\t\t\t\t\t\t\t<h2 class=\"elementor-headline\">\n\t\t\t\t\t<span class=\"elementor-headline-plain-text elementor-headline-text-wrapper\">Kultur <\/span>\n\t\t\t\t<span class=\"elementor-headline-dynamic-wrapper elementor-headline-text-wrapper\">\n\t\t\t\t<\/span>\n\t\t\t\t<\/h2>\n\t\t\t\t\t\t<\/div>\n\t\t\t\t<\/div>\n\t\t\t\t<div class=\"elementor-element elementor-element-b210214 elementor-widget elementor-widget-text-editor\" data-id=\"b210214\" data-element_type=\"widget\" data-widget_type=\"text-editor.default\">\n\t\t\t\t<div class=\"elementor-widget-container\">\n\t\t\t\t\t\t\t\t\t<p>Unsere Kultur lebt von hart arbeitenden und leidenschaftlichen Fachleuten, und wir m\u00f6chten diese Kultur mit einem Techniker f\u00fcr Qualit\u00e4tskontrolle erweitern!<\/p><p>Wir suchen den idealen Kandidaten, der sich durch Lernbereitschaft, Organisationstalent und Liebe zum Detail auszeichnet.<\/p><p>Kommen Sie in unser Team, wenn Sie Teil einer wachsenden Branche sein wollen. Die Arbeit mit gebrauchter Elektronik ist ein aufregender Besch\u00e4ftigungszweig, da sich die Technologie und die Produkttypen h\u00e4ufig \u00e4ndern. Seien Sie darauf vorbereitet, in einem schnelllebigen Umfeld zu arbeiten.<\/p>\t\t\t\t\t\t\t\t<\/div>\n\t\t\t\t<\/div>\n\t\t\t\t<\/div>\n\t\t\t\t\t<\/div>\n\t\t\t\t<\/div>\n\t\t<div class=\"elementor-element elementor-element-c65bc4d e-con-full e-flex e-con e-parent\" data-id=\"c65bc4d\" data-element_type=\"container\" data-settings=\"{&quot;background_background&quot;:&quot;classic&quot;}\">\n\t\t<div class=\"elementor-element elementor-element-1db281c e-con-full e-flex e-con e-child\" data-id=\"1db281c\" data-element_type=\"container\" data-settings=\"{&quot;background_background&quot;:&quot;classic&quot;}\">\n\t\t<div class=\"elementor-element elementor-element-d8739a1 e-flex e-con-boxed e-con e-child\" data-id=\"d8739a1\" data-element_type=\"container\">\n\t\t\t\t\t<div class=\"e-con-inner\">\n\t\t<div class=\"elementor-element elementor-element-f4f0f66 e-con-full e-flex e-con e-child\" data-id=\"f4f0f66\" data-element_type=\"container\" data-settings=\"{&quot;background_background&quot;:&quot;classic&quot;}\">\n\t\t\t\t<div class=\"elementor-element elementor-element-7efeb6a elementor-widget__width-inherit elementor-headline--style-highlight elementor-widget elementor-widget-animated-headline\" data-id=\"7efeb6a\" data-element_type=\"widget\" data-settings=\"{&quot;highlighted_text&quot;:&quot;Positions&quot;,&quot;headline_style&quot;:&quot;highlight&quot;,&quot;marker&quot;:&quot;circle&quot;,&quot;loop&quot;:&quot;yes&quot;,&quot;highlight_animation_duration&quot;:1200,&quot;highlight_iteration_delay&quot;:8000}\" data-widget_type=\"animated-headline.default\">\n\t\t\t\t<div class=\"elementor-widget-container\">\n\t\t\t\t\t\t\t<h2 class=\"elementor-headline\">\n\t\t\t\t\t<span class=\"elementor-headline-plain-text elementor-headline-text-wrapper\">Open<\/span>\n\t\t\t\t<span class=\"elementor-headline-dynamic-wrapper elementor-headline-text-wrapper\">\n\t\t\t\t\t<span class=\"elementor-headline-dynamic-text elementor-headline-text-active\">Positions<\/span>\n\t\t\t\t<\/span>\n\t\t\t\t<\/h2>\n\t\t\t\t\t\t<\/div>\n\t\t\t\t<\/div>\n\t\t<div class=\"elementor-element elementor-element-b70395c e-con-full e-flex e-con e-child\" data-id=\"b70395c\" data-element_type=\"container\" data-settings=\"{&quot;background_background&quot;:&quot;classic&quot;}\">\n\t\t\t\t<div class=\"elementor-element elementor-element-9bc1080 elementor-widget__width-inherit elementor-headline--style-highlight elementor-widget elementor-widget-animated-headline\" data-id=\"9bc1080\" data-element_type=\"widget\" data-settings=\"{&quot;headline_style&quot;:&quot;highlight&quot;,&quot;marker&quot;:&quot;circle&quot;,&quot;loop&quot;:&quot;yes&quot;,&quot;highlight_animation_duration&quot;:1200,&quot;highlight_iteration_delay&quot;:8000}\" data-widget_type=\"animated-headline.default\">\n\t\t\t\t<div class=\"elementor-widget-container\">\n\t\t\t\t\t\t\t<h3 class=\"elementor-headline\">\n\t\t\t\t\t<span class=\"elementor-headline-plain-text elementor-headline-text-wrapper\">Um sich zu bewerben, besuchen Sie die Indeed-Stellenseite Unten<\/span>\n\t\t\t\t<span class=\"elementor-headline-dynamic-wrapper elementor-headline-text-wrapper\">\n\t\t\t\t<\/span>\n\t\t\t\t<\/h3>\n\t\t\t\t\t\t<\/div>\n\t\t\t\t<\/div>\n\t\t<div class=\"elementor-element elementor-element-edf2538 e-con-full e-flex e-con e-child\" data-id=\"edf2538\" data-element_type=\"container\">\n\t\t\t\t<div class=\"elementor-element elementor-element-a82e912 elementor-align-left elementor-tablet-align-left elementor-mobile-align-justify elementor-widget__width-auto elementor-widget elementor-widget-button\" data-id=\"a82e912\" data-element_type=\"widget\" data-widget_type=\"button.default\">\n\t\t\t\t<div class=\"elementor-widget-container\">\n\t\t\t\t\t\t\t\t\t<div class=\"elementor-button-wrapper\">\n\t\t\t\t\t<a class=\"elementor-button elementor-button-link elementor-size-md\" href=\"https:\/\/www.indeed.com\/job\/sales-support-representative-418a1fde611d0f9e?_gl=1*atk65h*_gcl_au*MTc0MDI4NTYzOC4xNzYwNTQ3MjM5*_ga*MTQ0NjQxMjA5Ni4xNzYwNTQ3MjM5*_ga_5KTMMETCF4*czE3NjExNDkyNDkkbzExJGcxJHQxNzYxMTQ5MzQ2JGozNSRsMCRoMA..\" target=\"_blank\" rel=\"noopener\">\n\t\t\t\t\t\t<span class=\"elementor-button-content-wrapper\">\n\t\t\t\t\t\t<span class=\"elementor-button-icon\">\n\t\t\t\t<svg xmlns=\"http:\/\/www.w3.org\/2000\/svg\" height=\"512\" viewbox=\"0 0 32 32\" width=\"512\"><g id=\"Layer_20\" data-name=\"Layer 20\"><path d=\"m23.21 16.71-13 13a1 1 0 0 1 -1.42 0 1 1 0 0 1 0-1.42l12.3-12.29-12.3-12.29a1 1 0 0 1 1.42-1.42l13 13a1 1 0 0 1 0 1.42z\"><\/path><\/g><\/svg>\t\t\t<\/span>\n\t\t\t\t\t\t\t\t\t<span class=\"elementor-button-text\">Sales Support Representative<\/span>\n\t\t\t\t\t<\/span>\n\t\t\t\t\t<\/a>\n\t\t\t\t<\/div>\n\t\t\t\t\t\t\t\t<\/div>\n\t\t\t\t<\/div>\n\t\t\t\t<div class=\"elementor-element elementor-element-45d105d elementor-align-left elementor-tablet-align-left elementor-mobile-align-justify elementor-widget__width-auto elementor-widget elementor-widget-button\" data-id=\"45d105d\" data-element_type=\"widget\" data-widget_type=\"button.default\">\n\t\t\t\t<div class=\"elementor-widget-container\">\n\t\t\t\t\t\t\t\t\t<div class=\"elementor-button-wrapper\">\n\t\t\t\t\t<a class=\"elementor-button elementor-button-link elementor-size-md\" href=\"https:\/\/www.indeed.com\/job\/logistics-coordinator-828f752d6b86fac3?_gl=1*lsgovy*_gcl_au*MTc0MDI4NTYzOC4xNzYwNTQ3MjM5*_ga*MTQ0NjQxMjA5Ni4xNzYwNTQ3MjM5*_ga_5KTMMETCF4*czE3NjExNDkyNDkkbzExJGcxJHQxNzYxMTQ5MzQ2JGozNSRsMCRoMA..*_fplc*dUN6dm0lMkZjY01tdXhsUHRuNHpEb3dNSTFDVkNlS3BiWkdwcHlnWmpxUEFCRFRXRWwlMkJQWUZYbnB1RE9iJTJGNUpmSzJ5SHpackNNd1lNalpRQ3FaMElqZkNnRXZTUGYlMkIlMkJIbjM3amFmZCUyRkdsR1BVV2dCNDBBVFpOa1VSbUpIR2J3JTNEJTNE\" target=\"_blank\" rel=\"noopener\">\n\t\t\t\t\t\t<span class=\"elementor-button-content-wrapper\">\n\t\t\t\t\t\t<span class=\"elementor-button-icon\">\n\t\t\t\t<svg xmlns=\"http:\/\/www.w3.org\/2000\/svg\" height=\"512\" viewbox=\"0 0 32 32\" width=\"512\"><g id=\"Layer_20\" data-name=\"Layer 20\"><path d=\"m23.21 16.71-13 13a1 1 0 0 1 -1.42 0 1 1 0 0 1 0-1.42l12.3-12.29-12.3-12.29a1 1 0 0 1 1.42-1.42l13 13a1 1 0 0 1 0 1.42z\"><\/path><\/g><\/svg>\t\t\t<\/span>\n\t\t\t\t\t\t\t\t\t<span class=\"elementor-button-text\">Logistics Coordinator<\/span>\n\t\t\t\t\t<\/span>\n\t\t\t\t\t<\/a>\n\t\t\t\t<\/div>\n\t\t\t\t\t\t\t\t<\/div>\n\t\t\t\t<\/div>\n\t\t\t\t<div class=\"elementor-element elementor-element-d64499b elementor-align-left elementor-tablet-align-left elementor-mobile-align-justify elementor-widget__width-auto elementor-widget elementor-widget-button\" data-id=\"d64499b\" data-element_type=\"widget\" data-widget_type=\"button.default\">\n\t\t\t\t<div class=\"elementor-widget-container\">\n\t\t\t\t\t\t\t\t\t<div class=\"elementor-button-wrapper\">\n\t\t\t\t\t<a class=\"elementor-button elementor-button-link elementor-size-md\" href=\"https:\/\/www.indeed.com\/job\/it-sales-representative-bded327c33ab8a21?_gl=1*lsgovy*_gcl_au*MTc0MDI4NTYzOC4xNzYwNTQ3MjM5*_ga*MTQ0NjQxMjA5Ni4xNzYwNTQ3MjM5*_ga_5KTMMETCF4*czE3NjExNDkyNDkkbzExJGcxJHQxNzYxMTQ5MzQ2JGozNSRsMCRoMA..*_fplc*dUN6dm0lMkZjY01tdXhsUHRuNHpEb3dNSTFDVkNlS3BiWkdwcHlnWmpxUEFCRFRXRWwlMkJQWUZYbnB1RE9iJTJGNUpmSzJ5SHpackNNd1lNalpRQ3FaMElqZkNnRXZTUGYlMkIlMkJIbjM3amFmZCUyRkdsR1BVV2dCNDBBVFpOa1VSbUpIR2J3JTNEJTNE\" target=\"_blank\" rel=\"noopener\">\n\t\t\t\t\t\t<span class=\"elementor-button-content-wrapper\">\n\t\t\t\t\t\t<span class=\"elementor-button-icon\">\n\t\t\t\t<svg xmlns=\"http:\/\/www.w3.org\/2000\/svg\" height=\"512\" viewbox=\"0 0 32 32\" width=\"512\"><g id=\"Layer_20\" data-name=\"Layer 20\"><path d=\"m23.21 16.71-13 13a1 1 0 0 1 -1.42 0 1 1 0 0 1 0-1.42l12.3-12.29-12.3-12.29a1 1 0 0 1 1.42-1.42l13 13a1 1 0 0 1 0 1.42z\"><\/path><\/g><\/svg>\t\t\t<\/span>\n\t\t\t\t\t\t\t\t\t<span class=\"elementor-button-text\">IT Sales Representative<\/span>\n\t\t\t\t\t<\/span>\n\t\t\t\t\t<\/a>\n\t\t\t\t<\/div>\n\t\t\t\t\t\t\t\t<\/div>\n\t\t\t\t<\/div>\n\t\t\t\t<\/div>\n\t\t\t\t<\/div>\n\t\t\t\t<\/div>\n\t\t\t\t\t<\/div>\n\t\t\t\t<\/div>\n\t\t\t\t<\/div>\n\t\t\t\t<\/div>\n\t\t\t\t<\/div>","protected":false},"excerpt":{"rendered":"<p>We\u2019re Hiring! Company Background Exit Technologies is a purpose-driven company that provides environmental and social benefits on a global scale by reusing and responsibly disposing of electronics, making technology available to those who cannot afford newer technology, and by protecting private and personal data for hundreds of businesses and people. We recover value on servers [&hellip;]<\/p>\n","protected":false},"author":9,"featured_media":75754,"parent":25,"menu_order":0,"comment_status":"closed","ping_status":"closed","template":"elementor_header_footer","meta":{"_acf_changed":false,"episode_type":"","audio_file":"","podmotor_file_id":"","podmotor_episode_id":"","cover_image":"","cover_image_id":"","duration":"","filesize":"","filesize_raw":"","date_recorded":"","explicit":"","block":"","itunes_episode_number":"","itunes_title":"","itunes_season_number":"","itunes_episode_type":"","footnotes":""},"class_list":["post-76600","page","type-page","status-publish","has-post-thumbnail","hentry"],"acf":[],"_links":{"self":[{"href":"https:\/\/exittechnologies.com\/de\/wp-json\/wp\/v2\/pages\/76600","targetHints":{"allow":["GET"]}}],"collection":[{"href":"https:\/\/exittechnologies.com\/de\/wp-json\/wp\/v2\/pages"}],"about":[{"href":"https:\/\/exittechnologies.com\/de\/wp-json\/wp\/v2\/types\/page"}],"author":[{"embeddable":true,"href":"https:\/\/exittechnologies.com\/de\/wp-json\/wp\/v2\/users\/9"}],"replies":[{"embeddable":true,"href":"https:\/\/exittechnologies.com\/de\/wp-json\/wp\/v2\/comments?post=76600"}],"version-history":[{"count":0,"href":"https:\/\/exittechnologies.com\/de\/wp-json\/wp\/v2\/pages\/76600\/revisions"}],"up":[{"embeddable":true,"href":"https:\/\/exittechnologies.com\/de\/wp-json\/wp\/v2\/pages\/25"}],"wp:featuredmedia":[{"embeddable":true,"href":"https:\/\/exittechnologies.com\/de\/wp-json\/wp\/v2\/media\/75754"}],"wp:attachment":[{"href":"https:\/\/exittechnologies.com\/de\/wp-json\/wp\/v2\/media?parent=76600"}],"curies":[{"name":"wp","href":"https:\/\/api.w.org\/{rel}","templated":true}]}}