{"id":76243,"date":"2024-05-14T14:46:43","date_gmt":"2024-05-14T14:46:43","guid":{"rendered":"https:\/\/exittechnlive.wpenginepowered.com\/?page_id=76243"},"modified":"2024-05-22T17:35:13","modified_gmt":"2024-05-22T17:35:13","slug":"datenschutzbestimmungen","status":"publish","type":"page","link":"https:\/\/exittechnologies.com\/de\/datenschutzbestimmungen\/","title":{"rendered":"Datenschutzbestimmungen"},"content":{"rendered":"<div data-elementor-type=\"wp-page\" data-elementor-id=\"76243\" class=\"elementor elementor-76243\" data-elementor-post-type=\"page\">\n\t\t\t\t<div class=\"elementor-element elementor-element-374b44b e-flex e-con-boxed e-con e-parent\" data-id=\"374b44b\" data-element_type=\"container\">\n\t\t\t\t\t<div class=\"e-con-inner\">\n\t\t<div class=\"elementor-element elementor-element-e9336cd e-flex e-con-boxed e-con e-child\" data-id=\"e9336cd\" data-element_type=\"container\">\n\t\t\t\t\t<div class=\"e-con-inner\">\n\t\t\t\t<div class=\"elementor-element elementor-element-ed5ffa6 elementor-headline--style-highlight elementor-widget elementor-widget-animated-headline\" data-id=\"ed5ffa6\" data-element_type=\"widget\" data-settings=\"{&quot;headline_style&quot;:&quot;highlight&quot;,&quot;marker&quot;:&quot;circle&quot;,&quot;loop&quot;:&quot;yes&quot;,&quot;highlight_animation_duration&quot;:1200,&quot;highlight_iteration_delay&quot;:8000}\" data-widget_type=\"animated-headline.default\">\n\t\t\t\t<div class=\"elementor-widget-container\">\n\t\t\t\t\t\t\t<h1 class=\"elementor-headline\">\n\t\t\t\t\t<span class=\"elementor-headline-plain-text elementor-headline-text-wrapper\">Datenschutzbestimmungen<\/span>\n\t\t\t\t<span class=\"elementor-headline-dynamic-wrapper elementor-headline-text-wrapper\">\n\t\t\t\t<\/span>\n\t\t\t\t<\/h1>\n\t\t\t\t\t\t<\/div>\n\t\t\t\t<\/div>\n\t\t\t\t\t<\/div>\n\t\t\t\t<\/div>\n\t\t\t\t\t<\/div>\n\t\t\t\t<\/div>\n\t\t<div class=\"elementor-element elementor-element-5e0cff4 e-flex e-con-boxed e-con e-parent\" data-id=\"5e0cff4\" data-element_type=\"container\">\n\t\t\t\t\t<div class=\"e-con-inner\">\n\t\t\t\t<div class=\"elementor-element elementor-element-e799bb4 elementor-widget elementor-widget-text-editor\" data-id=\"e799bb4\" data-element_type=\"widget\" data-widget_type=\"text-editor.default\">\n\t\t\t\t<div class=\"elementor-widget-container\">\n\t\t\t\t\t\t\t\t\t<h2>Pers\u00f6nliche Informationen<\/h2><p>Wenn Sie mit uns interagieren, erhalten und speichern wir automatisch bestimmte Arten von Informationen, wie z. B. die Inhalte, die Sie ansehen, das Datum und die Uhrzeit, zu der Sie diese Inhalte ansehen, die Produkte, die Sie kaufen, oder Ihre Standortinformationen in Verbindung mit Ihrer IP-Adresse. Wir verwenden die gesammelten Informationen, um Ihnen relevantere Werbung zu pr\u00e4sentieren (Retargeting\" genannt). Dabei handelt es sich um statistische Informationen, die zur \u00dcberwachung der Nutzung unserer Website und f\u00fcr Werbezwecke verwendet werden. Diese Informationen enthalten keine pers\u00f6nlichen Daten.<\/p><h2>Cookies<\/h2><p>Beim St\u00f6bern <a href=\"https:\/\/exittechnologies.com\/de\/\"><span style=\"color: #81ba54;\">www.exittechnologies.com,<\/span> <\/a>Werbe-Cookies werden auf Ihrem Computer platziert, damit wir verstehen k\u00f6nnen, wof\u00fcr Sie sich interessieren. Unser Partner f\u00fcr Display-Werbung,<a href=\"https:\/\/app.adroll.com\/profile\/signin?\" target=\"_blank\" rel=\"noopener\"><span style=\"color: #81ba54;\"> AdRoll,<\/span><\/a> erm\u00f6glicht es uns dann, Ihnen Retargeting-Werbung auf anderen Websites zu pr\u00e4sentieren, die auf Ihren fr\u00fcheren Interaktionen mit <a href=\"https:\/\/exittechnologies.com\/de\/\"><span style=\"color: #81ba54;\">www.exittechnologies.com.<\/span><\/a> Die von unseren Partnern eingesetzten Techniken erfassen keine pers\u00f6nlichen Daten wie Ihren Namen, Ihre E-Mail-Adresse, Ihre Postanschrift, finanzielle Informationen oder Ihre Telefonnummer. Sie k\u00f6nnen <a href=\"https:\/\/www.adroll.com\/about\" target=\"_blank\" rel=\"noopener\"><span style=\"color: #81ba54;\">diese Seite besuchen<\/span> <\/a>um die gezielte Werbung von AdRoll und seinen Partnern abzulehnen. Wir verkaufen oder verteilen Ihre Daten niemals an Dritte, au\u00dfer wie oben angegeben. Wir nehmen die Sicherheit Ihrer Informationen und Daten sehr ernst. Wir speichern Ihre Daten nur bis zu 90 Tage lang f\u00fcr Remarketing-Zwecke.<\/p><p><a href=\"https:\/\/marketingplatform.google.com\/about\/analytics\/terms\/us\/\" target=\"_blank\" rel=\"noopener\"><span style=\"color: #81ba54;\">Google Analytics'<\/span><\/a> Die Nutzungsbedingungen geben Auskunft \u00fcber die Verwendung von Cookies und die Nutzung von Google Analytics sowie \u00fcber die Erfassung und Verarbeitung von Daten durch Google.<\/p><h2>Sicherheit<\/h2><p>Wenn Sie eine Bestellung mit einer Kreditkarte direkt auf unserer Website aufgeben, setzen wir bei der Datenerfassung einen sicheren Verarbeitungsserver auf unserer Website ein, um ein hohes Ma\u00df an Sicherheit f\u00fcr Ihre pers\u00f6nlichen Daten zu gew\u00e4hrleisten. Die Daten werden mit Hilfe der SSL-Zertifizierung verschl\u00fcsselt, wenn sie von unseren Servern an Ihren Browser \u00fcbertragen werden. Dar\u00fcber hinaus wird die Verbindung zwischen uns und dem Server mit einem 256-Bit-Verschl\u00fcsselungsschl\u00fcssel gesichert.<\/p><h2>Akismet<\/h2><p>Wir sammeln Informationen \u00fcber Besucher, die auf unserer Website mit unserem Akismet Anti-Spam-Service kommentieren. Die Informationen, die wir sammeln, umfassen in der Regel die IP-Adresse des Kommentators, den User-Agent, den Referrer und die URL der Website. Wir verwenden diesen Dienst nur, um Kommentarspamming zu verhindern.<\/p><h2>Kundenbeziehungsmanagement<\/h2><p>Wir sammeln Daten aus unseren Formularen, die ausgef\u00fcllt werden, und sammeln allgemeine Anrufer-ID-Informationen aus Telefonanrufen. Wir speichern diese Daten in einem CRM-System als Datenbank unserer Leads innerhalb von Streak, Higher Level, und k\u00f6nnen Sie per E-Mail kontaktieren, um Sie zu einem sp\u00e4teren Zeitpunkt mit Werbeaktionen, Blog-Inhalten oder \u00fcber weitere gemeinsame Gesch\u00e4fte zu informieren.<\/p><p>Kontakt<br \/>Wenn Sie Fragen zu unserem Verfahren haben, wenden Sie sich bitte an uns <a href=\"tel:2395962254\">239-596-2254<\/a> oder per E-Mail: <a href=\"mailto:Kyle@exittechnologies.com\"><span style=\"color: #81ba54;\">Kyle@exittechnologies.com<\/span><\/a><\/p>\t\t\t\t\t\t\t\t<\/div>\n\t\t\t\t<\/div>\n\t\t\t\t\t<\/div>\n\t\t\t\t<\/div>\n\t\t\t\t<\/div>","protected":false},"excerpt":{"rendered":"<p>Privacy Policy Personal Information When you interact with us, we automatically receive and store certain types of information, such as the content you view, the date and time that you view this content, the products you purchase, or your location information associated with your IP address. We use the information we collect to serve you [&hellip;]<\/p>\n","protected":false},"author":9,"featured_media":75754,"parent":0,"menu_order":0,"comment_status":"closed","ping_status":"closed","template":"","meta":{"_acf_changed":false,"episode_type":"","audio_file":"","podmotor_file_id":"","podmotor_episode_id":"","cover_image":"","cover_image_id":"","duration":"","filesize":"","filesize_raw":"","date_recorded":"","explicit":"","block":"","itunes_episode_number":"","itunes_title":"","itunes_season_number":"","itunes_episode_type":"","footnotes":""},"class_list":["post-76243","page","type-page","status-publish","has-post-thumbnail","hentry"],"acf":[],"_links":{"self":[{"href":"https:\/\/exittechnologies.com\/de\/wp-json\/wp\/v2\/pages\/76243","targetHints":{"allow":["GET"]}}],"collection":[{"href":"https:\/\/exittechnologies.com\/de\/wp-json\/wp\/v2\/pages"}],"about":[{"href":"https:\/\/exittechnologies.com\/de\/wp-json\/wp\/v2\/types\/page"}],"author":[{"embeddable":true,"href":"https:\/\/exittechnologies.com\/de\/wp-json\/wp\/v2\/users\/9"}],"replies":[{"embeddable":true,"href":"https:\/\/exittechnologies.com\/de\/wp-json\/wp\/v2\/comments?post=76243"}],"version-history":[{"count":0,"href":"https:\/\/exittechnologies.com\/de\/wp-json\/wp\/v2\/pages\/76243\/revisions"}],"wp:featuredmedia":[{"embeddable":true,"href":"https:\/\/exittechnologies.com\/de\/wp-json\/wp\/v2\/media\/75754"}],"wp:attachment":[{"href":"https:\/\/exittechnologies.com\/de\/wp-json\/wp\/v2\/media?parent=76243"}],"curies":[{"name":"wp","href":"https:\/\/api.w.org\/{rel}","templated":true}]}}