{"id":75029,"date":"2024-03-15T18:01:12","date_gmt":"2024-03-15T18:01:12","guid":{"rendered":"https:\/\/exittechnlive.wpenginepowered.com\/?page_id=75029"},"modified":"2025-03-06T18:20:42","modified_gmt":"2025-03-06T18:20:42","slug":"umwelt-gesundheits-und-sicherheitsstatement","status":"publish","type":"page","link":"https:\/\/exittechnologies.com\/de\/uber-uns\/umwelt-gesundheits-und-sicherheitsstatement\/","title":{"rendered":"Qualit\u00e4ts-, Umwelt-, Gesundheits- und Sicherheitspolitik"},"content":{"rendered":"<div data-elementor-type=\"wp-page\" data-elementor-id=\"75029\" class=\"elementor elementor-75029\" data-elementor-post-type=\"page\">\n\t\t\t\t<div class=\"elementor-element elementor-element-66cb004 e-flex e-con-boxed e-con e-parent\" data-id=\"66cb004\" data-element_type=\"container\">\n\t\t\t\t\t<div class=\"e-con-inner\">\n\t\t<div class=\"elementor-element elementor-element-304f703 e-flex e-con-boxed e-con e-child\" data-id=\"304f703\" data-element_type=\"container\">\n\t\t\t\t\t<div class=\"e-con-inner\">\n\t\t\t\t<div class=\"elementor-element elementor-element-d1c6010 elementor-headline--style-highlight elementor-widget elementor-widget-animated-headline\" data-id=\"d1c6010\" data-element_type=\"widget\" data-settings=\"{&quot;highlighted_text&quot;:&quot; &amp; Safety Policy&quot;,&quot;headline_style&quot;:&quot;highlight&quot;,&quot;marker&quot;:&quot;circle&quot;,&quot;loop&quot;:&quot;yes&quot;,&quot;highlight_animation_duration&quot;:1200,&quot;highlight_iteration_delay&quot;:8000}\" data-widget_type=\"animated-headline.default\">\n\t\t\t\t<div class=\"elementor-widget-container\">\n\t\t\t\t\t\t\t<h1 class=\"elementor-headline\">\n\t\t\t\t\t<span class=\"elementor-headline-plain-text elementor-headline-text-wrapper\">Qualit\u00e4t, Umwelt, Gesundheit<\/span>\n\t\t\t\t<span class=\"elementor-headline-dynamic-wrapper elementor-headline-text-wrapper\">\n\t\t\t\t\t<span class=\"elementor-headline-dynamic-text elementor-headline-text-active\"> &amp; Sicherheitspolitik<\/span>\n\t\t\t\t<\/span>\n\t\t\t\t<\/h1>\n\t\t\t\t\t\t<\/div>\n\t\t\t\t<\/div>\n\t\t\t\t\t<\/div>\n\t\t\t\t<\/div>\n\t\t\t\t\t<\/div>\n\t\t\t\t<\/div>\n\t\t<div class=\"elementor-element elementor-element-4d4c5c2 e-flex e-con-boxed e-con e-parent\" data-id=\"4d4c5c2\" data-element_type=\"container\">\n\t\t\t\t\t<div class=\"e-con-inner\">\n\t\t<div class=\"elementor-element elementor-element-eb12525 e-con-full e-flex e-con e-child\" data-id=\"eb12525\" data-element_type=\"container\">\n\t\t\t\t<div class=\"elementor-element elementor-element-aca5121 elementor-widget elementor-widget-text-editor\" data-id=\"aca5121\" data-element_type=\"widget\" data-widget_type=\"text-editor.default\">\n\t\t\t\t<div class=\"elementor-widget-container\">\n\t\t\t\t\t\t\t\t\t<p>Exit Technologies verpflichtet sich, die Anforderungen von R2v3, ISO 45001:2018, ISO 14001:2015 und ISO 9001:2015 zu befolgen und die Konformit\u00e4t mit den Anforderungen unseres QEHS-Managementsystems und des Geltungsbereichs zu wahren. Wir verpflichten uns gleicherma\u00dfen, die Anforderungen unserer Kunden zu erf\u00fcllen und zu \u00fcbertreffen, unsere Prozesse kontinuierlich zu verbessern und die relevanten Gesetze und Vorschriften in den Bereichen Umwelt, Gesundheit und Sicherheit am Arbeitsplatz sowie Datensicherheit einzuhalten. Im Einklang mit diesen Kernt\u00e4tigkeiten ist es das \u00fcbergeordnete Ziel von Exit Technologies, seine Gesch\u00e4ftsziele zu erreichen und gleichzeitig die Erwartungen des Managements, der Mitarbeiter, der Kunden, der Lieferanten und der Aufsichtsbeh\u00f6rden in Bezug auf Umwelt, Gesundheit und Sicherheit zu erf\u00fcllen und zu \u00fcbertreffen.<\/p><p>Wir werden unsere Systeme kontinuierlich verbessern und gleichzeitig danach streben, negative Auswirkungen auf die Umwelt zu minimieren, indem wir gebrauchte und ausgediente elektronische Ger\u00e4te, Komponenten und Materialien, einschlie\u00dflich der im R2v3-Standard genannten Fokusmaterialien, \u00fcber die gesamte Recyclingkette hinweg verwalten und nachverfolgen - sowohl im Hinblick auf die Aktivit\u00e4ten vor Ort als auch auf die Auswahl nachgeschalteter Lieferanten - und dabei eine Hierarchie verantwortungsvoller Managementstrategien nach dem Prinzip \"Wiederverwendung, Wiederverwertung, Entsorgung\" anwenden, und zwar in einer Weise, die die Umwelt, die Gesundheit und Sicherheit der Mitarbeiter, unsere Kunden und unsere Gemeinschaft sch\u00fctzt.<\/p><ul><li><a href=\"https:\/\/exittechnologies.com\/de\/blog\/it-tipps\/maximieren-sie-den-ertrag-ihrer-gebrauchten-netzwerkausrustung-in-schweden-warum-exit-technologies-die-vertrauenswurdige-wahl-ist\/\">Exit Technologies verpflichtet sich zur kontinuierlichen Verbesserung<\/a> und die Erf\u00fcllung der Anforderungen unserer Kunden.<\/li><li>Exit Technologies setzt sich f\u00fcr den Schutz der Umwelt ein, einschlie\u00dflich der Vermeidung von Umweltverschmutzung und des Schutzes der biologischen Vielfalt und der \u00d6kosysteme durch verantwortungsvolles Recycling.<\/li><li>Exit Technologies hat sich verpflichtet, sichere und gesunde Arbeitsbedingungen zu schaffen, um Verletzungen und Krankheiten vorzubeugen und die Risiken f\u00fcr Gesundheit und Sicherheit am Arbeitsplatz zu kontrollieren, indem die Hierarchie der Kontrollen zur Beseitigung von Gefahren und zur Verringerung der Risiken f\u00fcr Gesundheit und Sicherheit am Arbeitsplatz angewendet wird.<\/li><li>Exit Technologies setzt sich f\u00fcr die Beteiligung der Arbeitnehmer und, wo vorhanden, der Arbeitnehmervertreter an den Entscheidungsprozessen im Rahmen des QEHS-Managementsystems ein.<\/li><li>Exit Technologies verpflichtet sich, die geltenden gesetzlichen und sonstigen Anforderungen in Bezug auf die Umwelt-, Gesundheits- und Sicherheitsaspekte unserer Gesch\u00e4ftst\u00e4tigkeit einzuhalten und seine Compliance-Verpflichtungen zu erf\u00fcllen.<\/li><li>Exit Technologies hat sich verpflichtet, einen Rahmen f\u00fcr die Festlegung und \u00dcberpr\u00fcfung von Qualit\u00e4ts-, Umwelt-, Gesundheits- und Sicherheitszielen zu schaffen.<\/li><li>Exit Technologies hat sich verpflichtet, gebrauchte und ausgediente elektronische Ger\u00e4te auf der Grundlage einer Hierarchie von Wiederverwendung, Aufarbeitung, R\u00fcckgewinnung und Entsorgung zu verwalten, einschlie\u00dflich der Verwaltung von Materialien vor Ort und in der nachgelagerten Phase der Recyclingkette.<\/li><li>Exit Technologies hat sich verpflichtet, Focus Materials w\u00e4hrend der gesamten Recyclingkette bis zur endg\u00fcltigen Entsorgung mit der gebotenen Sorgfalt zu behandeln, um die Arbeiter, die \u00d6ffentlichkeit und die Umwelt zu sch\u00fctzen.<\/li><li>Exit Technologies hat sich zu einer kontinuierlichen Verbesserung verpflichtet, die durch die \u00dcberwachung der Ziele und eine strenge Bewertung unseres Managementsystems erreicht wird.<\/li><li>Exit Technologies verpflichtet sich, diese Politik im gesamten Unternehmen zu kommunizieren und zu verst\u00e4rken, sowohl gegen\u00fcber allen Personen, die f\u00fcr oder im Namen des Unternehmens arbeiten, als auch gegen\u00fcber unseren Kunden, unseren Lieferanten und anderen interessierten Parteien.<\/li><\/ul>\t\t\t\t\t\t\t\t<\/div>\n\t\t\t\t<\/div>\n\t\t\t\t<\/div>\n\t\t\t\t\t<\/div>\n\t\t\t\t<\/div>\n\t\t\t\t<\/div>","protected":false},"excerpt":{"rendered":"<p>Quality, Environmental, Health &#038; Safety Policy Exit Technologies is committed to following the R2v3, ISO 45001:2018, ISO 14001:2015, and ISO 9001:2015 requirements and to maintaining conformance to the requirements of our QEHS management system and scope. We are equally committed to meeting and exceeding our customer requirements, to continually improving our processes and to maintaining [&hellip;]<\/p>\n","protected":false},"author":9,"featured_media":75080,"parent":25,"menu_order":0,"comment_status":"closed","ping_status":"closed","template":"elementor_header_footer","meta":{"_acf_changed":false,"episode_type":"","audio_file":"","podmotor_file_id":"","podmotor_episode_id":"","cover_image":"","cover_image_id":"","duration":"","filesize":"","filesize_raw":"","date_recorded":"","explicit":"","block":"","itunes_episode_number":"","itunes_title":"","itunes_season_number":"","itunes_episode_type":"","footnotes":""},"class_list":["post-75029","page","type-page","status-publish","has-post-thumbnail","hentry"],"acf":[],"_links":{"self":[{"href":"https:\/\/exittechnologies.com\/de\/wp-json\/wp\/v2\/pages\/75029","targetHints":{"allow":["GET"]}}],"collection":[{"href":"https:\/\/exittechnologies.com\/de\/wp-json\/wp\/v2\/pages"}],"about":[{"href":"https:\/\/exittechnologies.com\/de\/wp-json\/wp\/v2\/types\/page"}],"author":[{"embeddable":true,"href":"https:\/\/exittechnologies.com\/de\/wp-json\/wp\/v2\/users\/9"}],"replies":[{"embeddable":true,"href":"https:\/\/exittechnologies.com\/de\/wp-json\/wp\/v2\/comments?post=75029"}],"version-history":[{"count":0,"href":"https:\/\/exittechnologies.com\/de\/wp-json\/wp\/v2\/pages\/75029\/revisions"}],"up":[{"embeddable":true,"href":"https:\/\/exittechnologies.com\/de\/wp-json\/wp\/v2\/pages\/25"}],"wp:featuredmedia":[{"embeddable":true,"href":"https:\/\/exittechnologies.com\/de\/wp-json\/wp\/v2\/media\/75080"}],"wp:attachment":[{"href":"https:\/\/exittechnologies.com\/de\/wp-json\/wp\/v2\/media?parent=75029"}],"curies":[{"name":"wp","href":"https:\/\/api.w.org\/{rel}","templated":true}]}}