{"id":271,"date":"2024-01-30T17:24:31","date_gmt":"2024-01-30T17:24:31","guid":{"rendered":"https:\/\/exittechnlive.wpenginepowered.com\/?page_id=271"},"modified":"2025-07-08T19:54:00","modified_gmt":"2025-07-08T19:54:00","slug":"certifications","status":"publish","type":"page","link":"https:\/\/exittechnologies.com\/de\/uber-uns\/certifications\/","title":{"rendered":"Zertifizierungen"},"content":{"rendered":"<div data-elementor-type=\"wp-page\" data-elementor-id=\"271\" class=\"elementor elementor-271\" data-elementor-post-type=\"page\">\n\t\t\t\t<div class=\"elementor-element elementor-element-a4a780f e-flex e-con-boxed e-con e-parent\" data-id=\"a4a780f\" data-element_type=\"container\">\n\t\t\t\t\t<div class=\"e-con-inner\">\n\t\t<div class=\"elementor-element elementor-element-d18f057 e-flex e-con-boxed e-con e-child\" data-id=\"d18f057\" data-element_type=\"container\">\n\t\t\t\t\t<div class=\"e-con-inner\">\n\t\t\t\t<div class=\"elementor-element elementor-element-0f3ae0f elementor-widget-tablet__width-inherit elementor-headline--style-highlight elementor-widget elementor-widget-animated-headline\" data-id=\"0f3ae0f\" data-element_type=\"widget\" data-settings=\"{&quot;highlighted_text&quot;:&quot;Certifications&quot;,&quot;headline_style&quot;:&quot;highlight&quot;,&quot;marker&quot;:&quot;circle&quot;,&quot;loop&quot;:&quot;yes&quot;,&quot;highlight_animation_duration&quot;:1200,&quot;highlight_iteration_delay&quot;:8000}\" data-widget_type=\"animated-headline.default\">\n\t\t\t\t<div class=\"elementor-widget-container\">\n\t\t\t\t\t\t\t<h1 class=\"elementor-headline\">\n\t\t\t\t<span class=\"elementor-headline-dynamic-wrapper elementor-headline-text-wrapper\">\n\t\t\t\t\t<span class=\"elementor-headline-dynamic-text elementor-headline-text-active\">Zertifizierungen<\/span>\n\t\t\t\t<\/span>\n\t\t\t\t<\/h1>\n\t\t\t\t\t\t<\/div>\n\t\t\t\t<\/div>\n\t\t\t\t\t<\/div>\n\t\t\t\t<\/div>\n\t\t\t\t\t<\/div>\n\t\t\t\t<\/div>\n\t\t<div class=\"elementor-element elementor-element-6ac2f93f e-flex e-con-boxed e-con e-parent\" data-id=\"6ac2f93f\" data-element_type=\"container\">\n\t\t\t\t\t<div class=\"e-con-inner\">\n\t\t<div class=\"elementor-element elementor-element-63d368a6 e-con-full e-flex e-con e-child\" data-id=\"63d368a6\" data-element_type=\"container\">\n\t\t\t\t<div class=\"elementor-element elementor-element-29568a0 elementor-widget elementor-widget-image\" data-id=\"29568a0\" data-element_type=\"widget\" data-widget_type=\"image.default\">\n\t\t\t\t<div class=\"elementor-widget-container\">\n\t\t\t\t\t\t\t\t\t\t\t\t\t\t\t\t<a href=\"https:\/\/sustainableelectronics.org\/\" target=\"_blank\" rel=\"noopener\">\n\t\t\t\t\t\t\t<img decoding=\"async\" width=\"288\" height=\"300\" src=\"https:\/\/exittechnologies.com\/wp-content\/uploads\/2024\/01\/R2-V3-icon-288x300-removebg-preview.png\" class=\"attachment-full size-full wp-image-131\" alt=\"R2 Certified Peace of Mind-Logo\" \/>\t\t\t\t\t\t\t\t<\/a>\n\t\t\t\t\t\t\t\t\t\t\t\t\t\t\t<\/div>\n\t\t\t\t<\/div>\n\t\t\t\t<div class=\"elementor-element elementor-element-1d1a5e39 elementor-headline--style-highlight elementor-widget elementor-widget-animated-headline\" data-id=\"1d1a5e39\" data-element_type=\"widget\" data-settings=\"{&quot;highlighted_text&quot;:&quot; Peace of Mind&quot;,&quot;headline_style&quot;:&quot;highlight&quot;,&quot;marker&quot;:&quot;circle&quot;,&quot;loop&quot;:&quot;yes&quot;,&quot;highlight_animation_duration&quot;:1200,&quot;highlight_iteration_delay&quot;:8000}\" data-widget_type=\"animated-headline.default\">\n\t\t\t\t<div class=\"elementor-widget-container\">\n\t\t\t\t\t\t\t<h2 class=\"elementor-headline\">\n\t\t\t\t\t<span class=\"elementor-headline-plain-text elementor-headline-text-wrapper\">R2 zertifiziert<\/span>\n\t\t\t\t<span class=\"elementor-headline-dynamic-wrapper elementor-headline-text-wrapper\">\n\t\t\t\t\t<span class=\"elementor-headline-dynamic-text elementor-headline-text-active\"> Seelenfrieden<\/span>\n\t\t\t\t<\/span>\n\t\t\t\t<\/h2>\n\t\t\t\t\t\t<\/div>\n\t\t\t\t<\/div>\n\t\t\t\t<div class=\"elementor-element elementor-element-1dd11005 elementor-widget__width-initial elementor-widget-tablet__width-inherit elementor-widget elementor-widget-text-editor\" data-id=\"1dd11005\" data-element_type=\"widget\" data-widget_type=\"text-editor.default\">\n\t\t\t\t<div class=\"elementor-widget-container\">\n\t\t\t\t\t\t\t\t\t<p>Sind Sie in guten H\u00e4nden? Wenn Sie sich von Ihrer alten IT verabschieden, w\u00e4hrend der Lastwagen des Recyclers von Ihrer Rampe wegf\u00e4hrt, wohin geht sie dann wirklich? Ist sie wichtig? Die Marke Ihres Unternehmens wird oft als das Wertvollste angesehen, was es besitzt. Wenn Ihre Kunden Ihre Embleme sehen, werden sie an die jahrelange hervorragende Arbeit erinnert, die Sie f\u00fcr sie geleistet haben.<br \/><br \/>Was w\u00e4re, wenn dieser Ruf gesch\u00e4digt w\u00fcrde? Was w\u00e4re, wenn Ihr Unternehmen in den Nachrichten auftaucht, weil sensible Daten durchgesickert sind oder die Umwelt durch unsachgem\u00e4\u00dfe Entsorgung von Elektronikschrott verschmutzt wird, der Quecksilber, Blei und andere Schwermetalle in die \u00f6rtliche Wasserversorgung leitet?<br \/><br \/>SERI h\u00e4lt den R2-Standard durch Auditoren vor Ort ein. Das bedeutet, dass alle Prozesse unseres Unternehmens und der nachgelagerte Materialdurchsatz auf ihre Umweltvertr\u00e4glichkeit gepr\u00fcft wurden. Au\u00dferdem wird best\u00e4tigt, dass unsere L\u00f6schverfahren den Richtlinien des National Institute of Standards and Technology f\u00fcr eine effektive L\u00f6schung entsprechen. Bei unserem letzten Audit gab es keine Abweichungen. Fragen Sie unsere Konkurrenten, ob sie das auch von sich behaupten k\u00f6nnen.<\/p>\t\t\t\t\t\t\t\t<\/div>\n\t\t\t\t<\/div>\n\t\t\t\t<div class=\"elementor-element elementor-element-3d896755 elementor-align-left elementor-tablet-align-left elementor-mobile-align-justify elementor-widget__width-auto elementor-widget elementor-widget-button\" data-id=\"3d896755\" data-element_type=\"widget\" data-widget_type=\"button.default\">\n\t\t\t\t<div class=\"elementor-widget-container\">\n\t\t\t\t\t\t\t\t\t<div class=\"elementor-button-wrapper\">\n\t\t\t\t\t<a class=\"elementor-button elementor-button-link elementor-size-md\" href=\"https:\/\/exittechnologies.com\/de\/kontaktieren-sie-uns\/\">\n\t\t\t\t\t\t<span class=\"elementor-button-content-wrapper\">\n\t\t\t\t\t\t\t\t\t<span class=\"elementor-button-text\">Jetzt ein Angebot einholen <\/span>\n\t\t\t\t\t<\/span>\n\t\t\t\t\t<\/a>\n\t\t\t\t<\/div>\n\t\t\t\t\t\t\t\t<\/div>\n\t\t\t\t<\/div>\n\t\t\t\t<\/div>\n\t\t<div class=\"elementor-element elementor-element-a9e5722 e-con-full e-flex e-con e-child\" data-id=\"a9e5722\" data-element_type=\"container\" data-settings=\"{&quot;background_background&quot;:&quot;classic&quot;}\">\n\t\t\t\t<div class=\"elementor-element elementor-element-12efaae8 elementor-widget elementor-widget-image\" data-id=\"12efaae8\" data-element_type=\"widget\" data-widget_type=\"image.default\">\n\t\t\t\t<div class=\"elementor-widget-container\">\n\t\t\t\t\t\t\t\t\t\t\t\t\t\t\t<img decoding=\"async\" width=\"600\" height=\"588\" src=\"https:\/\/exittechnologies.com\/wp-content\/uploads\/2024\/01\/Recycling-Symbol.png\" class=\"attachment-large size-large wp-image-274\" alt=\"\" srcset=\"https:\/\/exittechnologies.com\/wp-content\/uploads\/2024\/01\/Recycling-Symbol.png 600w, https:\/\/exittechnologies.com\/wp-content\/uploads\/2024\/01\/Recycling-Symbol-300x294.png 300w\" sizes=\"(max-width: 600px) 100vw, 600px\" \/>\t\t\t\t\t\t\t\t\t\t\t\t\t\t\t<\/div>\n\t\t\t\t<\/div>\n\t\t\t\t<\/div>\n\t\t\t\t\t<\/div>\n\t\t\t\t<\/div>\n\t\t<div class=\"elementor-element elementor-element-736f0e95 e-flex e-con-boxed e-con e-parent\" data-id=\"736f0e95\" data-element_type=\"container\">\n\t\t\t\t\t<div class=\"e-con-inner\">\n\t\t<div class=\"elementor-element elementor-element-7360d389 e-con-full e-flex e-con e-child\" data-id=\"7360d389\" data-element_type=\"container\" data-settings=\"{&quot;background_background&quot;:&quot;classic&quot;}\">\n\t\t<div class=\"elementor-element elementor-element-4136da65 e-con-full e-flex e-con e-child\" data-id=\"4136da65\" data-element_type=\"container\">\n\t\t\t\t<div class=\"elementor-element elementor-element-719ca4c7 elementor-headline--style-highlight elementor-widget elementor-widget-animated-headline\" data-id=\"719ca4c7\" data-element_type=\"widget\" data-settings=\"{&quot;highlighted_text&quot;:&quot;Achieved&quot;,&quot;headline_style&quot;:&quot;highlight&quot;,&quot;marker&quot;:&quot;circle&quot;,&quot;loop&quot;:&quot;yes&quot;,&quot;highlight_animation_duration&quot;:1200,&quot;highlight_iteration_delay&quot;:8000}\" data-widget_type=\"animated-headline.default\">\n\t\t\t\t<div class=\"elementor-widget-container\">\n\t\t\t\t\t\t\t<h2 class=\"elementor-headline\">\n\t\t\t\t\t<span class=\"elementor-headline-plain-text elementor-headline-text-wrapper\">Zertifizierungen Wir haben <\/span>\n\t\t\t\t<span class=\"elementor-headline-dynamic-wrapper elementor-headline-text-wrapper\">\n\t\t\t\t\t<span class=\"elementor-headline-dynamic-text elementor-headline-text-active\">Erreicht<\/span>\n\t\t\t\t<\/span>\n\t\t\t\t<\/h2>\n\t\t\t\t\t\t<\/div>\n\t\t\t\t<\/div>\n\t\t\t\t<div class=\"elementor-element elementor-element-41b70514 elementor-widget__width-inherit elementor-widget elementor-widget-text-editor\" data-id=\"41b70514\" data-element_type=\"widget\" data-widget_type=\"text-editor.default\">\n\t\t\t\t<div class=\"elementor-widget-container\">\n\t\t\t\t\t\t\t\t\t<p>Erleben Sie unseren herzlichen Empfang und pers\u00f6nlichen Service! Kommen Sie zu einem Besuch vor Ort und entdecken Sie aus erster Hand die transformative Kraft unserer ma\u00dfgeschneiderten L\u00f6sungen.<\/p>\t\t\t\t\t\t\t\t<\/div>\n\t\t\t\t<\/div>\n\t\t\t\t<div class=\"elementor-element elementor-element-4038571c elementor-align-left elementor-tablet-align-left elementor-mobile-align-justify elementor-widget__width-auto elementor-widget-mobile__width-inherit elementor-widget elementor-widget-button\" data-id=\"4038571c\" data-element_type=\"widget\" data-widget_type=\"button.default\">\n\t\t\t\t<div class=\"elementor-widget-container\">\n\t\t\t\t\t\t\t\t\t<div class=\"elementor-button-wrapper\">\n\t\t\t\t\t<a class=\"elementor-button elementor-button-link elementor-size-md\" href=\"https:\/\/exittechnologies.com\/de\/kontaktieren-sie-uns\/\">\n\t\t\t\t\t\t<span class=\"elementor-button-content-wrapper\">\n\t\t\t\t\t\t\t\t\t<span class=\"elementor-button-text\">Jetzt ein Angebot einholen <\/span>\n\t\t\t\t\t<\/span>\n\t\t\t\t\t<\/a>\n\t\t\t\t<\/div>\n\t\t\t\t\t\t\t\t<\/div>\n\t\t\t\t<\/div>\n\t\t\t\t<\/div>\n\t\t<div class=\"elementor-element elementor-element-2dd0d84d e-con-full e-flex e-con e-child\" data-id=\"2dd0d84d\" data-element_type=\"container\">\n\t\t<div class=\"elementor-element elementor-element-2ddeb3ba e-grid e-con-boxed e-con e-child\" data-id=\"2ddeb3ba\" data-element_type=\"container\">\n\t\t\t\t\t<div class=\"e-con-inner\">\n\t\t\t\t<div class=\"elementor-element elementor-element-367167dd elementor-widget elementor-widget-image\" data-id=\"367167dd\" data-element_type=\"widget\" data-widget_type=\"image.default\">\n\t\t\t\t<div class=\"elementor-widget-container\">\n\t\t\t\t\t\t\t\t\t\t\t\t\t\t\t<img decoding=\"async\" width=\"193\" height=\"250\" src=\"https:\/\/exittechnologies.com\/wp-content\/uploads\/2024\/01\/r2v3.png\" class=\"attachment-full size-full wp-image-278\" alt=\"\" \/>\t\t\t\t\t\t\t\t\t\t\t\t\t\t\t<\/div>\n\t\t\t\t<\/div>\n\t\t\t\t<div class=\"elementor-element elementor-element-3e059021 elementor-widget elementor-widget-image\" data-id=\"3e059021\" data-element_type=\"widget\" data-widget_type=\"image.default\">\n\t\t\t\t<div class=\"elementor-widget-container\">\n\t\t\t\t\t\t\t\t\t\t\t\t\t\t\t<img decoding=\"async\" width=\"193\" height=\"250\" src=\"https:\/\/exittechnologies.com\/wp-content\/uploads\/2024\/01\/ISO45001.png\" class=\"attachment-full size-full wp-image-277\" alt=\"\" \/>\t\t\t\t\t\t\t\t\t\t\t\t\t\t\t<\/div>\n\t\t\t\t<\/div>\n\t\t\t\t<div class=\"elementor-element elementor-element-1969d2ae elementor-widget elementor-widget-image\" data-id=\"1969d2ae\" data-element_type=\"widget\" data-widget_type=\"image.default\">\n\t\t\t\t<div class=\"elementor-widget-container\">\n\t\t\t\t\t\t\t\t\t\t\t\t\t\t\t<img decoding=\"async\" width=\"193\" height=\"250\" src=\"https:\/\/exittechnologies.com\/wp-content\/uploads\/2024\/01\/ISO14001.png\" class=\"attachment-full size-full wp-image-276\" alt=\"\" \/>\t\t\t\t\t\t\t\t\t\t\t\t\t\t\t<\/div>\n\t\t\t\t<\/div>\n\t\t\t\t<div class=\"elementor-element elementor-element-5b66cbc7 elementor-widget elementor-widget-image\" data-id=\"5b66cbc7\" data-element_type=\"widget\" data-widget_type=\"image.default\">\n\t\t\t\t<div class=\"elementor-widget-container\">\n\t\t\t\t\t\t\t\t\t\t\t\t\t\t\t<img decoding=\"async\" width=\"193\" height=\"250\" src=\"https:\/\/exittechnologies.com\/wp-content\/uploads\/2024\/01\/ISO9100.png\" class=\"attachment-full size-full wp-image-275\" alt=\"\" \/>\t\t\t\t\t\t\t\t\t\t\t\t\t\t\t<\/div>\n\t\t\t\t<\/div>\n\t\t\t\t\t<\/div>\n\t\t\t\t<\/div>\n\t\t\t\t<\/div>\n\t\t\t\t<\/div>\n\t\t\t\t\t<\/div>\n\t\t\t\t<\/div>\n\t\t<div class=\"elementor-element elementor-element-195fe193 e-flex e-con-boxed e-con e-parent\" data-id=\"195fe193\" data-element_type=\"container\" data-settings=\"{&quot;background_background&quot;:&quot;classic&quot;}\">\n\t\t\t\t\t<div class=\"e-con-inner\">\n\t\t<div class=\"elementor-element elementor-element-7276ad94 e-flex e-con-boxed e-con e-child\" data-id=\"7276ad94\" data-element_type=\"container\">\n\t\t\t\t\t<div class=\"e-con-inner\">\n\t\t\t\t<div class=\"elementor-element elementor-element-2aa5bdf8 elementor-headline--style-highlight elementor-widget elementor-widget-animated-headline\" data-id=\"2aa5bdf8\" data-element_type=\"widget\" data-settings=\"{&quot;highlighted_text&quot;:&quot;You&quot;,&quot;headline_style&quot;:&quot;highlight&quot;,&quot;marker&quot;:&quot;circle&quot;,&quot;loop&quot;:&quot;yes&quot;,&quot;highlight_animation_duration&quot;:1200,&quot;highlight_iteration_delay&quot;:8000}\" data-widget_type=\"animated-headline.default\">\n\t\t\t\t<div class=\"elementor-widget-container\">\n\t\t\t\t\t\t\t<h2 class=\"elementor-headline\">\n\t\t\t\t\t<span class=\"elementor-headline-plain-text elementor-headline-text-wrapper\">Unser Bekenntnis zu <\/span>\n\t\t\t\t<span class=\"elementor-headline-dynamic-wrapper elementor-headline-text-wrapper\">\n\t\t\t\t\t<span class=\"elementor-headline-dynamic-text elementor-headline-text-active\">Sie<\/span>\n\t\t\t\t<\/span>\n\t\t\t\t<\/h2>\n\t\t\t\t\t\t<\/div>\n\t\t\t\t<\/div>\n\t\t<div class=\"elementor-element elementor-element-87add7c e-flex e-con-boxed e-con e-child\" data-id=\"87add7c\" data-element_type=\"container\">\n\t\t\t\t\t<div class=\"e-con-inner\">\n\t\t<div class=\"elementor-element elementor-element-4f26364e e-con-full e-flex e-con e-child\" data-id=\"4f26364e\" data-element_type=\"container\">\n\t\t\t\t<div class=\"elementor-element elementor-element-6356bf8f elementor-widget elementor-widget-heading\" data-id=\"6356bf8f\" data-element_type=\"widget\" data-widget_type=\"heading.default\">\n\t\t\t\t<div class=\"elementor-widget-container\">\n\t\t\t\t\t<h3 class=\"elementor-heading-title elementor-size-default\">Besuche vor Ort willkommen\n<\/h3>\t\t\t\t<\/div>\n\t\t\t\t<\/div>\n\t\t\t\t<div class=\"elementor-element elementor-element-c1ce239 elementor-widget elementor-widget-text-editor\" data-id=\"c1ce239\" data-element_type=\"widget\" data-widget_type=\"text-editor.default\">\n\t\t\t\t<div class=\"elementor-widget-container\">\n\t\t\t\t\t\t\t\t\t<p>\u00dcberreden Sie Ihren Chef zu einem Audit vor Ort in unserem Werk in Naples, Florida. Wenn es im Norden gefroren ist, sind es hier k\u00fchle 76F. Lernen Sie unsere Mitarbeiter kennen, sehen Sie, wie wir Ihre \u00fcbersch\u00fcssigen Daten zu Geld machen, und besichtigen Sie unseren sicheren Festplattenl\u00f6schraum.<\/p>\t\t\t\t\t\t\t\t<\/div>\n\t\t\t\t<\/div>\n\t\t\t\t<\/div>\n\t\t<div class=\"elementor-element elementor-element-3b4cca5e e-con-full e-flex e-con e-child\" data-id=\"3b4cca5e\" data-element_type=\"container\" data-settings=\"{&quot;background_background&quot;:&quot;classic&quot;}\">\n\t\t\t\t<div class=\"elementor-element elementor-element-572088f0 elementor-widget elementor-widget-image\" data-id=\"572088f0\" data-element_type=\"widget\" data-widget_type=\"image.default\">\n\t\t\t\t<div class=\"elementor-widget-container\">\n\t\t\t\t\t\t\t\t\t\t\t\t\t\t\t\t<a href=\"https:\/\/sustainableelectronics.org\/\" target=\"_blank\" rel=\"noopener\">\n\t\t\t\t\t\t\t<img decoding=\"async\" width=\"400\" height=\"417\" src=\"https:\/\/exittechnologies.com\/wp-content\/uploads\/2024\/05\/r2v3-logo-1-2.png\" class=\"attachment-full size-full wp-image-75490\" alt=\"\" srcset=\"https:\/\/exittechnologies.com\/wp-content\/uploads\/2024\/05\/r2v3-logo-1-2.png 400w, https:\/\/exittechnologies.com\/wp-content\/uploads\/2024\/05\/r2v3-logo-1-2-288x300.png 288w\" sizes=\"(max-width: 400px) 100vw, 400px\" \/>\t\t\t\t\t\t\t\t<\/a>\n\t\t\t\t\t\t\t\t\t\t\t\t\t\t\t<\/div>\n\t\t\t\t<\/div>\n\t\t\t\t<\/div>\n\t\t\t\t\t<\/div>\n\t\t\t\t<\/div>\n\t\t<div class=\"elementor-element elementor-element-41fdfe56 e-flex e-con-boxed e-con e-child\" data-id=\"41fdfe56\" data-element_type=\"container\">\n\t\t\t\t\t<div class=\"e-con-inner\">\n\t\t<div class=\"elementor-element elementor-element-1fc349c6 e-con-full e-flex e-con e-child\" data-id=\"1fc349c6\" data-element_type=\"container\">\n\t\t\t\t<div class=\"elementor-element elementor-element-24d83fe5 elementor-widget elementor-widget-heading\" data-id=\"24d83fe5\" data-element_type=\"widget\" data-widget_type=\"heading.default\">\n\t\t\t\t<div class=\"elementor-widget-container\">\n\t\t\t\t\t<h3 class=\"elementor-heading-title elementor-size-default\">HIPAA-konform\n<\/h3>\t\t\t\t<\/div>\n\t\t\t\t<\/div>\n\t\t\t\t<div class=\"elementor-element elementor-element-5de508d4 elementor-widget elementor-widget-text-editor\" data-id=\"5de508d4\" data-element_type=\"widget\" data-widget_type=\"text-editor.default\">\n\t\t\t\t<div class=\"elementor-widget-container\">\n\t\t\t\t\t\t\t\t\t<p>Regulierung, die eine nachgelagerte Verfolgung und <a href=\"https:\/\/exittechnologies.com\/de\/blog\/it-tipps\/bedeutung-einer-sicheren-datenvernichtung\/\">dokumentierte Datenvernichtung<\/a> k\u00f6nnen durch unsere R2- oder andere ISO-Zertifizierungen erf\u00fcllt werden. So verlangt beispielsweise die HIPAA-Verordnung, dass keine Patientendaten in falsche H\u00e4nde geraten. Wir erwerben, transportieren und l\u00f6schen Medien mit sensiblen Daten auf sichere Weise. Die Vernichtung per Fernzugriff oder vor Ort kann auch in Ihrer Region erfolgen.<\/p>\t\t\t\t\t\t\t\t<\/div>\n\t\t\t\t<\/div>\n\t\t\t\t<\/div>\n\t\t<div class=\"elementor-element elementor-element-20b3eb67 e-con-full e-flex e-con e-child\" data-id=\"20b3eb67\" data-element_type=\"container\" data-settings=\"{&quot;background_background&quot;:&quot;classic&quot;}\">\n\t\t\t\t<div class=\"elementor-element elementor-element-46f79157 elementor-widget elementor-widget-image\" data-id=\"46f79157\" data-element_type=\"widget\" data-widget_type=\"image.default\">\n\t\t\t\t<div class=\"elementor-widget-container\">\n\t\t\t\t\t\t\t\t\t\t\t\t\t\t\t<img decoding=\"async\" width=\"468\" height=\"210\" src=\"https:\/\/exittechnologies.com\/wp-content\/uploads\/2024\/01\/28624130_19027-removebg-preview-e1704793156246.png\" class=\"attachment-full size-full wp-image-130\" alt=\"exIT-Technologie ist HIPPA-konform\" srcset=\"https:\/\/exittechnologies.com\/wp-content\/uploads\/2024\/01\/28624130_19027-removebg-preview-e1704793156246.png 468w, https:\/\/exittechnologies.com\/wp-content\/uploads\/2024\/01\/28624130_19027-removebg-preview-e1704793156246-300x135.png 300w\" sizes=\"(max-width: 468px) 100vw, 468px\" \/>\t\t\t\t\t\t\t\t\t\t\t\t\t\t\t<\/div>\n\t\t\t\t<\/div>\n\t\t\t\t<\/div>\n\t\t\t\t\t<\/div>\n\t\t\t\t<\/div>\n\t\t<div class=\"elementor-element elementor-element-4072a099 e-flex e-con-boxed e-con e-child\" data-id=\"4072a099\" data-element_type=\"container\">\n\t\t\t\t\t<div class=\"e-con-inner\">\n\t\t<div class=\"elementor-element elementor-element-7b97154c e-con-full e-flex e-con e-child\" data-id=\"7b97154c\" data-element_type=\"container\" data-settings=\"{&quot;background_background&quot;:&quot;classic&quot;}\">\n\t\t\t\t<div class=\"elementor-element elementor-element-5756113 elementor-widget elementor-widget-image\" data-id=\"5756113\" data-element_type=\"widget\" data-widget_type=\"image.default\">\n\t\t\t\t<div class=\"elementor-widget-container\">\n\t\t\t\t\t\t\t\t\t\t\t\t\t\t\t<img decoding=\"async\" width=\"328\" height=\"286\" src=\"https:\/\/exittechnologies.com\/wp-content\/uploads\/2024\/01\/ios.png\" class=\"attachment-full size-full wp-image-135\" alt=\"ISO-zertifiziertes Unternehmen\" srcset=\"https:\/\/exittechnologies.com\/wp-content\/uploads\/2024\/01\/ios.png 328w, https:\/\/exittechnologies.com\/wp-content\/uploads\/2024\/01\/ios-300x262.png 300w\" sizes=\"(max-width: 328px) 100vw, 328px\" \/>\t\t\t\t\t\t\t\t\t\t\t\t\t\t\t<\/div>\n\t\t\t\t<\/div>\n\t\t\t\t<\/div>\n\t\t<div class=\"elementor-element elementor-element-600c2840 e-con-full e-flex e-con e-child\" data-id=\"600c2840\" data-element_type=\"container\">\n\t\t\t\t<div class=\"elementor-element elementor-element-6c9aceb elementor-widget elementor-widget-heading\" data-id=\"6c9aceb\" data-element_type=\"widget\" data-widget_type=\"heading.default\">\n\t\t\t\t<div class=\"elementor-widget-container\">\n\t\t\t\t\t<h3 class=\"elementor-heading-title elementor-size-default\">ISO-Zertifizierungen\n<\/h3>\t\t\t\t<\/div>\n\t\t\t\t<\/div>\n\t\t\t\t<div class=\"elementor-element elementor-element-5081bf70 elementor-widget elementor-widget-text-editor\" data-id=\"5081bf70\" data-element_type=\"widget\" data-widget_type=\"text-editor.default\">\n\t\t\t\t<div class=\"elementor-widget-container\">\n\t\t\t\t\t\t\t\t\t<p>Wir verf\u00fcgen \u00fcber die Zertifizierungen ISO 45001 (Gesundheit und Sicherheit), ISO 14001 (Umwelt) und ISO 9001 (Qualit\u00e4t), also \u00fcber Managementsysteme, die sich auf die Erhaltung und Verbesserung der Umwelt konzentrieren.<\/p>\t\t\t\t\t\t\t\t<\/div>\n\t\t\t\t<\/div>\n\t\t\t\t<\/div>\n\t\t\t\t\t<\/div>\n\t\t\t\t<\/div>\n\t\t\t\t\t<\/div>\n\t\t\t\t<\/div>\n\t\t\t\t\t<\/div>\n\t\t\t\t<\/div>\n\t\t\t\t<\/div>","protected":false},"excerpt":{"rendered":"<p>Certifications R2 Certified Peace of Mind Are you in good hands? When you wave goodbye to your old IT as the recycler\u2019s truck pulls away from your dock, where does it really go? Does it matter? Your company\u2019s brand is often considered the most valuable thing it has. When your clients see your emblems, they [&hellip;]<\/p>\n","protected":false},"author":9,"featured_media":75080,"parent":25,"menu_order":0,"comment_status":"closed","ping_status":"closed","template":"elementor_header_footer","meta":{"_acf_changed":false,"episode_type":"","audio_file":"","podmotor_file_id":"","podmotor_episode_id":"","cover_image":"","cover_image_id":"","duration":"","filesize":"","filesize_raw":"","date_recorded":"","explicit":"","block":"","itunes_episode_number":"","itunes_title":"","itunes_season_number":"","itunes_episode_type":"","footnotes":""},"class_list":["post-271","page","type-page","status-publish","has-post-thumbnail","hentry"],"acf":[],"_links":{"self":[{"href":"https:\/\/exittechnologies.com\/de\/wp-json\/wp\/v2\/pages\/271","targetHints":{"allow":["GET"]}}],"collection":[{"href":"https:\/\/exittechnologies.com\/de\/wp-json\/wp\/v2\/pages"}],"about":[{"href":"https:\/\/exittechnologies.com\/de\/wp-json\/wp\/v2\/types\/page"}],"author":[{"embeddable":true,"href":"https:\/\/exittechnologies.com\/de\/wp-json\/wp\/v2\/users\/9"}],"replies":[{"embeddable":true,"href":"https:\/\/exittechnologies.com\/de\/wp-json\/wp\/v2\/comments?post=271"}],"version-history":[{"count":0,"href":"https:\/\/exittechnologies.com\/de\/wp-json\/wp\/v2\/pages\/271\/revisions"}],"up":[{"embeddable":true,"href":"https:\/\/exittechnologies.com\/de\/wp-json\/wp\/v2\/pages\/25"}],"wp:featuredmedia":[{"embeddable":true,"href":"https:\/\/exittechnologies.com\/de\/wp-json\/wp\/v2\/media\/75080"}],"wp:attachment":[{"href":"https:\/\/exittechnologies.com\/de\/wp-json\/wp\/v2\/media?parent=271"}],"curies":[{"name":"wp","href":"https:\/\/api.w.org\/{rel}","templated":true}]}}